{"id":254589,"date":"2022-11-07T17:11:39","date_gmt":"2022-11-07T17:11:39","guid":{"rendered":"https:\/\/mhr.com.pt\/product\/kate\/"},"modified":"2022-11-07T17:11:39","modified_gmt":"2022-11-07T17:11:39","slug":"kate","status":"publish","type":"product","link":"https:\/\/mhr.com.pt\/es\/product\/kate\/","title":{"rendered":"Kate."},"content":{"rendered":"<p>Las mesas de centro Chlo\u00e9 y Kate forman un conjunto elegante que, mediante diferentes tama\u00f1os, crea una composici\u00f3n armoniosa.<\/p>\n<p>Estas mesas funcionan perfectamente tanto individualmente como juntas, aportando una mezcla refinada de materiales a cualquier espacio, traduci\u00e9ndose en un dise\u00f1o moderno que se adapta a varios estilos de interiores.<\/p>\n","protected":false},"excerpt":{"rendered":"<p>MESA DE CENTRO<\/p>\n","protected":false},"featured_media":254590,"template":"","meta":{"_et_pb_use_builder":"","_et_pb_old_content":"","_et_gb_content_width":""},"product_brand":[],"product_cat":[649],"product_tag":[],"class_list":{"0":"post-254589","1":"product","2":"type-product","3":"status-publish","4":"has-post-thumbnail","6":"product_cat-mesas-de-centro-apoyo","8":"first","9":"instock","10":"shipping-taxable","11":"product-type-simple"},"_links":{"self":[{"href":"https:\/\/mhr.com.pt\/es\/wp-json\/wp\/v2\/product\/254589","targetHints":{"allow":["GET"]}}],"collection":[{"href":"https:\/\/mhr.com.pt\/es\/wp-json\/wp\/v2\/product"}],"about":[{"href":"https:\/\/mhr.com.pt\/es\/wp-json\/wp\/v2\/types\/product"}],"wp:featuredmedia":[{"embeddable":true,"href":"https:\/\/mhr.com.pt\/es\/wp-json\/wp\/v2\/media\/254590"}],"wp:attachment":[{"href":"https:\/\/mhr.com.pt\/es\/wp-json\/wp\/v2\/media?parent=254589"}],"wp:term":[{"taxonomy":"product_brand","embeddable":true,"href":"https:\/\/mhr.com.pt\/es\/wp-json\/wp\/v2\/product_brand?post=254589"},{"taxonomy":"product_cat","embeddable":true,"href":"https:\/\/mhr.com.pt\/es\/wp-json\/wp\/v2\/product_cat?post=254589"},{"taxonomy":"product_tag","embeddable":true,"href":"https:\/\/mhr.com.pt\/es\/wp-json\/wp\/v2\/product_tag?post=254589"}],"curies":[{"name":"wp","href":"https:\/\/api.w.org\/{rel}","templated":true}]}}