{"id":254592,"date":"2022-11-07T17:38:12","date_gmt":"2022-11-07T17:38:12","guid":{"rendered":"https:\/\/mhr.com.pt\/product\/kim-2\/"},"modified":"2022-11-07T17:38:12","modified_gmt":"2022-11-07T17:38:12","slug":"kim-2","status":"publish","type":"product","link":"https:\/\/mhr.com.pt\/es\/product\/kim-2\/","title":{"rendered":"Kim."},"content":{"rendered":"<p>La mesa de centro Kim est\u00e1 dise\u00f1ada para acomodar pufs debajo, aumentando la versatilidad del \u00e1rea donde se coloca.<\/p>\n<p>Presentando l\u00edneas rectas simples, combina una estructura met\u00e1lica con un tablero de madera, creando un dise\u00f1o minimalista pero funcional, ideal para espacios de convivencia din\u00e1micos.<\/p>\n","protected":false},"excerpt":{"rendered":"<p>MESAS DE CENTRO<\/p>\n","protected":false},"featured_media":254593,"template":"","meta":{"_et_pb_use_builder":"","_et_pb_old_content":"","_et_gb_content_width":""},"product_brand":[],"product_cat":[649],"product_tag":[],"class_list":{"0":"post-254592","1":"product","2":"type-product","3":"status-publish","4":"has-post-thumbnail","6":"product_cat-mesas-de-centro-apoyo","8":"first","9":"instock","10":"shipping-taxable","11":"product-type-simple"},"_links":{"self":[{"href":"https:\/\/mhr.com.pt\/es\/wp-json\/wp\/v2\/product\/254592","targetHints":{"allow":["GET"]}}],"collection":[{"href":"https:\/\/mhr.com.pt\/es\/wp-json\/wp\/v2\/product"}],"about":[{"href":"https:\/\/mhr.com.pt\/es\/wp-json\/wp\/v2\/types\/product"}],"wp:featuredmedia":[{"embeddable":true,"href":"https:\/\/mhr.com.pt\/es\/wp-json\/wp\/v2\/media\/254593"}],"wp:attachment":[{"href":"https:\/\/mhr.com.pt\/es\/wp-json\/wp\/v2\/media?parent=254592"}],"wp:term":[{"taxonomy":"product_brand","embeddable":true,"href":"https:\/\/mhr.com.pt\/es\/wp-json\/wp\/v2\/product_brand?post=254592"},{"taxonomy":"product_cat","embeddable":true,"href":"https:\/\/mhr.com.pt\/es\/wp-json\/wp\/v2\/product_cat?post=254592"},{"taxonomy":"product_tag","embeddable":true,"href":"https:\/\/mhr.com.pt\/es\/wp-json\/wp\/v2\/product_tag?post=254592"}],"curies":[{"name":"wp","href":"https:\/\/api.w.org\/{rel}","templated":true}]}}