{"id":254622,"date":"2022-11-07T17:28:04","date_gmt":"2022-11-07T17:28:04","guid":{"rendered":"https:\/\/mhr.com.pt\/product\/west-2\/"},"modified":"2022-11-07T17:28:04","modified_gmt":"2022-11-07T17:28:04","slug":"west-2","status":"publish","type":"product","link":"https:\/\/mhr.com.pt\/es\/product\/west-2\/","title":{"rendered":"West."},"content":{"rendered":"<p>La mesa de centro West es una versi\u00f3n m\u00e1s peque\u00f1a de la mesa de comedor West, dise\u00f1ada para llevar la misma est\u00e9tica refinada a su sala de estar.<\/p>\n<p>Su tama\u00f1o y dise\u00f1o la convierten en un complemento ideal para complementar sus muebles existentes.<\/p>\n","protected":false},"excerpt":{"rendered":"<p>MESA DE CENTRO<\/p>\n","protected":false},"featured_media":254623,"template":"","meta":{"_et_pb_use_builder":"","_et_pb_old_content":"","_et_gb_content_width":""},"product_brand":[],"product_cat":[649],"product_tag":[],"class_list":{"0":"post-254622","1":"product","2":"type-product","3":"status-publish","4":"has-post-thumbnail","6":"product_cat-mesas-de-centro-apoyo","8":"first","9":"instock","10":"shipping-taxable","11":"product-type-simple"},"_links":{"self":[{"href":"https:\/\/mhr.com.pt\/es\/wp-json\/wp\/v2\/product\/254622","targetHints":{"allow":["GET"]}}],"collection":[{"href":"https:\/\/mhr.com.pt\/es\/wp-json\/wp\/v2\/product"}],"about":[{"href":"https:\/\/mhr.com.pt\/es\/wp-json\/wp\/v2\/types\/product"}],"wp:featuredmedia":[{"embeddable":true,"href":"https:\/\/mhr.com.pt\/es\/wp-json\/wp\/v2\/media\/254623"}],"wp:attachment":[{"href":"https:\/\/mhr.com.pt\/es\/wp-json\/wp\/v2\/media?parent=254622"}],"wp:term":[{"taxonomy":"product_brand","embeddable":true,"href":"https:\/\/mhr.com.pt\/es\/wp-json\/wp\/v2\/product_brand?post=254622"},{"taxonomy":"product_cat","embeddable":true,"href":"https:\/\/mhr.com.pt\/es\/wp-json\/wp\/v2\/product_cat?post=254622"},{"taxonomy":"product_tag","embeddable":true,"href":"https:\/\/mhr.com.pt\/es\/wp-json\/wp\/v2\/product_tag?post=254622"}],"curies":[{"name":"wp","href":"https:\/\/api.w.org\/{rel}","templated":true}]}}