{"id":252114,"date":"2020-09-28T13:05:05","date_gmt":"2020-09-28T12:05:05","guid":{"rendered":"https:\/\/mhr.com.pt\/politique-de-confidentialite\/"},"modified":"2025-12-15T14:27:03","modified_gmt":"2025-12-15T14:27:03","slug":"politique-de-confidentialite","status":"publish","type":"page","link":"https:\/\/mhr.com.pt\/fr\/politique-de-confidentialite\/","title":{"rendered":"Politique de confidentialit\u00e9"},"content":{"rendered":"<p>[et_pb_section fb_built=\u00a0\u00bb1&Prime; _builder_version=\u00a0\u00bb4.18.0&Prime; background_color=\u00a0\u00bb#f4f4f4&Prime; global_colors_info=\u00a0\u00bb{}\u00a0\u00bb][et_pb_row _builder_version=\u00a0\u00bb4.16&Prime; background_size=\u00a0\u00bbinitial\u00a0\u00bb background_position=\u00a0\u00bbtop_left\u00a0\u00bb background_repeat=\u00a0\u00bbrepeat\u00a0\u00bb custom_margin=\u00a0\u00bb100px||||false|false\u00a0\u00bb global_colors_info=\u00a0\u00bb{}\u00a0\u00bb][et_pb_column type=\u00a0\u00bb4_4&Prime; _builder_version=\u00a0\u00bb4.16&Prime; custom_padding=\u00a0\u00bb|||\u00a0\u00bb global_colors_info=\u00a0\u00bb{}\u00a0\u00bb custom_padding__hover=\u00a0\u00bb|||\u00a0\u00bb][et_pb_text _builder_version=\u00a0\u00bb4.18.0&Prime; background_size=\u00a0\u00bbinitial\u00a0\u00bb background_position=\u00a0\u00bbtop_left\u00a0\u00bb background_repeat=\u00a0\u00bbrepeat\u00a0\u00bb custom_padding=\u00a0\u00bb25px||||false|false\u00a0\u00bb hover_enabled=\u00a0\u00bb0&Prime; global_colors_info=\u00a0\u00bb{}\u00a0\u00bb sticky_enabled=\u00a0\u00bb0&Prime;]<\/p>\n<h2>Politique de Confidentialit\u00e9 de MHR<\/h2>\n<p><\/p>\n<p>Toutes les informations personnelles collect\u00e9es seront utilis\u00e9es afin de rendre votre visite sur notre site aussi productive et agr\u00e9able que possible. La garantie de la confidentialit\u00e9 des donn\u00e9es personnelles des utilisateurs de notre site est une priorit\u00e9 pour MHR. Les informations personnelles collect\u00e9es peuvent inclure votre nom, adresse e-mail, num\u00e9ro de t\u00e9l\u00e9phone et\/ou de portable, adresse postale, date de naissance et\/ou d\u2019autres donn\u00e9es. L\u2019utilisation du site de MHR implique l\u2019acceptation de la pr\u00e9sente Politique de Confidentialit\u00e9.<\/p>\n<h2>Qui sommes-nous<\/h2>\n<p><\/p>\n<p>MHR est une marque en pleine croissance qui se positionne sur le march\u00e9 comme un symbole de confiance et d\u2019engagement, tout en pr\u00e9servant la fiert\u00e9 de ses produits.\u2028Il s\u2019agit d\u2019une entreprise \u00e0 structure familiale, qui b\u00e9n\u00e9ficie aujourd\u2019hui d\u2019une pr\u00e9sence remarquable non seulement au niveau national, mais aussi international. L\u2019adresse de notre site est : <a href=\"https:\/\/mhr.com.pt\/fr\/\">https:\/\/mhr.com.pt<\/a><\/p>\n<h2>Quelles donn\u00e9es personnelles sont collect\u00e9es et comment<!-- \/divi:paragraph --><!-- divi:heading {\"level\":3} --><!-- \/divi:paragraph --><!-- divi:heading --><\/h2>\n<h3>Formulaires de contact<!-- \/divi:heading --><!-- divi:heading {\"level\":3} --><\/h3>\n<p><\/p>\n<p>Les informations envoy\u00e9es via les formulaires de contact du site sont transmises \u00e0 l\u2019adresse e-mail de l\u2019entreprise, h\u00e9berg\u00e9e sur le serveur. Bien que nous conservions ces soumissions \u00e0 des fins de service client, elles ne sont jamais utilis\u00e9es \u00e0 des fins de marketing ni partag\u00e9es avec des tiers. Des donn\u00e9es telles que le nom, l\u2019e-mail, le t\u00e9l\u00e9phone, l\u2019adresse, le code postal, la ville, le pays et le num\u00e9ro fiscal peuvent \u00eatre collect\u00e9es uniquement afin de r\u00e9pondre aux demandes de contact ou de devis.<\/p>\n<h3>Cookies<\/h3>\n<h3>Que sont les cookies ?<\/h3>\n<p><\/p>\n<p>Les \u00ab cookies \u00bb sont de petits fichiers logiciels stock\u00e9s sur les appareils d\u2019acc\u00e8s via le navigateur, ne conservant que des informations li\u00e9es aux pr\u00e9f\u00e9rences de l\u2019utilisateur et n\u2019incluant pas, en tant que telles, de donn\u00e9es personnelles.<\/p>\n<h3>Quels types de cookies existent ?<\/h3>\n<p><\/p>\n<p>Il existe deux groupes de cookies :<\/p>\n<p><\/p>\n<p><strong>Cookies permanents<\/strong> \u2013 Ce sont des cookies stock\u00e9s au niveau du navigateur sur l\u2019\u00e9quipement d\u2019acc\u00e8s (ordinateur, t\u00e9l\u00e9phone mobile ou tablette) et utilis\u00e9s chaque fois que vous revisitez notre site.<\/p>\n<p><\/p>\n<p><strong>Cookies de session<\/strong> \u2013 Ce sont des cookies temporaires qui restent dans le fichier de cookies du navigateur jusqu\u2019\u00e0 ce que vous quittiez le site. Les informations obtenues par ces cookies sont utilis\u00e9es pour analyser les sch\u00e9mas de trafic web, permettant d\u2019identifier des probl\u00e8mes et d\u2019offrir une meilleure exp\u00e9rience de navigation.<\/p>\n<h3>\u00c0 quelles fins les cookies sont-ils utilis\u00e9s ?<\/h3>\n<p><\/p>\n<p><strong>Cookies strictement n\u00e9cessaires<\/strong> \u2013 Ils permettent la navigation sur le site et l\u2019utilisation de ses applications, ainsi que l\u2019acc\u00e8s aux zones s\u00e9curis\u00e9es du site. Sans ces cookies, les services demand\u00e9s ne peuvent \u00eatre fournis.<\/p>\n<p><\/p>\n<p><strong>Cookies analytiques<\/strong> \u2013 Ils sont utilis\u00e9s de mani\u00e8re anonyme \u00e0 des fins de cr\u00e9ation et d\u2019analyse de statistiques, afin d\u2019am\u00e9liorer le fonctionnement du site.<\/p>\n<p><\/p>\n<p><strong>Cookies de fonctionnalit\u00e9<\/strong> \u2013 Ils m\u00e9morisent les pr\u00e9f\u00e9rences de l\u2019utilisateur concernant l\u2019utilisation du site, afin d\u2019\u00e9viter de devoir reconfigurer le site \u00e0 chaque visite.<\/p>\n<p><\/p>\n<p><strong>Cookies tiers<\/strong> \u2013 Ils mesurent le succ\u00e8s des applications et l\u2019efficacit\u00e9 de la publicit\u00e9 de tiers. Ils peuvent \u00e9galement \u00eatre utilis\u00e9s pour personnaliser un widget avec des donn\u00e9es utilisateur.<\/p>\n<p><\/p>\n<p><strong>Cookies publicitaires<\/strong> \u2013 Ils orientent la publicit\u00e9 en fonction des int\u00e9r\u00eats de chaque utilisateur, afin de cibler les campagnes publicitaires selon les pr\u00e9f\u00e9rences identifi\u00e9es. Ils limitent \u00e9galement le nombre de fois o\u00f9 une annonce est affich\u00e9e, contribuant ainsi \u00e0 mesurer l\u2019efficacit\u00e9 de la publicit\u00e9 et le succ\u00e8s de l\u2019organisation du site.<\/p>\n<h3>Comment pouvez-vous g\u00e9rer les cookies ?<\/h3>\n<p><\/p>\n<p>Tous les navigateurs permettent \u00e0 l\u2019utilisateur d\u2019accepter, de refuser ou de supprimer les cookies, ainsi que d\u2019\u00eatre inform\u00e9 lorsqu\u2019un cookie est re\u00e7u, notamment en s\u00e9lectionnant les param\u00e8tres appropri\u00e9s dans le navigateur concern\u00e9. L\u2019utilisateur peut configurer les cookies dans le menu \u00ab options \u00bb ou \u00ab pr\u00e9f\u00e9rences \u00bb de son navigateur. Toutefois, la d\u00e9sactivation des cookies peut emp\u00eacher certains services web de fonctionner correctement, affectant partiellement ou totalement la navigation sur le site.<\/p>\n<h3>Plus d\u2019informations sur les cookies<\/h3>\n<p><\/p>\n<p>Pour en savoir plus sur les cookies, consultez le lien suivant : <a href=\"http:\/\/www.allaboutcookies.org\/\" target=\"_blank\" rel=\"noreferrer noopener\">http:\/\/www.allaboutcookies.org\/<\/a><\/p>\n<h3>Contenu int\u00e9gr\u00e9 provenant d\u2019autres sites<\/h3>\n<p><\/p>\n<p>Les articles de ce site peuvent inclure du contenu int\u00e9gr\u00e9 (par exemple des vid\u00e9os, images, articles, etc.). Le contenu int\u00e9gr\u00e9 provenant d\u2019autres sites se comporte de la m\u00eame mani\u00e8re que si l\u2019utilisateur visitait ces sites.<\/p>\n<p><\/p>\n<p>Ces sites peuvent collecter des donn\u00e9es vous concernant, utiliser des cookies, int\u00e9grer des outils de suivi tiers et surveiller vos interactions avec ce contenu int\u00e9gr\u00e9, notamment si vous disposez d\u2019un compte et \u00eates connect\u00e9 \u00e0 ces sites.<\/p>\n<h3>Donn\u00e9es analytiques<\/h3>\n<p><\/p>\n<p>Nous utilisons Google Analytics pour surveiller les performances et l\u2019interaction des visiteurs avec le site.<\/p>\n<h2>Avec qui vos donn\u00e9es sont-elles partag\u00e9es ?<\/h2>\n<p><\/p>\n<p>Nous ne partageons pas vos donn\u00e9es avec des tiers dans le but de divulguer des informations personnelles, telles que l\u2019e-mail, le nom, etc.<br \/>Ce site est analys\u00e9 pour d\u00e9tecter d\u2019\u00e9ventuels logiciels malveillants et vuln\u00e9rabilit\u00e9s par SiteCheck de Sucuri. Nous n\u2019envoyons pas d\u2019informations personnelles \u00e0 Sucuri ; toutefois, Sucuri peut d\u00e9tecter des informations personnelles publiquement disponibles lors de la v\u00e9rification. Pour plus de d\u00e9tails, veuillez consulter la <a href=\"https:\/\/sucuri.net\/privacy\" target=\"_blank\" rel=\"noopener\">politique de confidentialit\u00e9 de Sucuri<\/a>.<\/p>\n<h2>Qui peut voir vos informations personnelles<\/h2>\n<p><\/p>\n<p>Nous ne collectons aucune information personnelle vous concernant.<\/p>\n<h2>Comment nous prot\u00e9geons vos donn\u00e9es et comment nous proc\u00e9dons en cas de violation<\/h2>\n<p><\/p>\n<p>Nous prot\u00e9geons les donn\u00e9es des clients en utilisant le protocole SSL\/HTTPS sur l\u2019ensemble du site. Cela chiffre les communications des utilisateurs avec les serveurs, garantissant que les informations personnellement identifiables ne soient jamais captur\u00e9es par des tiers non autoris\u00e9s.<\/p>\n<h2>O\u00f9 vos donn\u00e9es sont-elles envoy\u00e9es ?<\/h2>\n<p><\/p>\n<p>Ce site fait partie d\u2019un r\u00e9seau de sites prot\u00e9geant contre les attaques par force brute. Pour activer cette protection, l\u2019adresse IP des visiteurs tentant d\u2019acc\u00e9der au site est partag\u00e9e avec un service fourni par wordfence.com. Pour plus de d\u00e9tails, consultez la <a href=\"https:\/\/www.wordfence.com\/privacy-policy\/\" target=\"_blank\" rel=\"noopener\">Politique de Confidentialit\u00e9 de Wordfence<\/a>.<\/p>\n<h2>Informations compl\u00e9mentaires<\/h2>\n<p><\/p>\n<p>Pour toute question relative \u00e0 la confidentialit\u00e9, veuillez <a href=\"https:\/\/mhr.com.pt\/contact-us\/\">nous contacter<\/a>.<\/p>\n<p>[\/et_pb_text][\/et_pb_column][\/et_pb_row][\/et_pb_section]<\/p>\n","protected":false},"excerpt":{"rendered":"<p>Politique de Confidentialit\u00e9 de MHRToutes les informations personnelles collect\u00e9es seront utilis\u00e9es afin de rendre votre visite sur notre site aussi productive et agr\u00e9able que possible. La garantie de la confidentialit\u00e9 des donn\u00e9es personnelles des utilisateurs de notre site est une priorit\u00e9 pour MHR. Les informations personnelles collect\u00e9es peuvent inclure votre nom, adresse e-mail, num\u00e9ro de [&hellip;]<\/p>\n","protected":false},"author":1,"featured_media":0,"parent":0,"menu_order":0,"comment_status":"closed","ping_status":"closed","template":"","meta":{"_et_pb_use_builder":"on","_et_pb_old_content":"","_et_gb_content_width":"","footnotes":""},"class_list":["post-252114","page","type-page","status-publish","hentry"],"_links":{"self":[{"href":"https:\/\/mhr.com.pt\/fr\/wp-json\/wp\/v2\/pages\/252114","targetHints":{"allow":["GET"]}}],"collection":[{"href":"https:\/\/mhr.com.pt\/fr\/wp-json\/wp\/v2\/pages"}],"about":[{"href":"https:\/\/mhr.com.pt\/fr\/wp-json\/wp\/v2\/types\/page"}],"author":[{"embeddable":true,"href":"https:\/\/mhr.com.pt\/fr\/wp-json\/wp\/v2\/users\/1"}],"replies":[{"embeddable":true,"href":"https:\/\/mhr.com.pt\/fr\/wp-json\/wp\/v2\/comments?post=252114"}],"version-history":[{"count":2,"href":"https:\/\/mhr.com.pt\/fr\/wp-json\/wp\/v2\/pages\/252114\/revisions"}],"predecessor-version":[{"id":252116,"href":"https:\/\/mhr.com.pt\/fr\/wp-json\/wp\/v2\/pages\/252114\/revisions\/252116"}],"wp:attachment":[{"href":"https:\/\/mhr.com.pt\/fr\/wp-json\/wp\/v2\/media?parent=252114"}],"curies":[{"name":"wp","href":"https:\/\/api.w.org\/{rel}","templated":true}]}}