{"id":252117,"date":"2020-10-12T09:54:22","date_gmt":"2020-10-12T08:54:22","guid":{"rendered":"https:\/\/mhr.com.pt\/reseau-commercial\/"},"modified":"2025-12-15T14:30:50","modified_gmt":"2025-12-15T14:30:50","slug":"reseau-commercial","status":"publish","type":"page","link":"https:\/\/mhr.com.pt\/fr\/reseau-commercial\/","title":{"rendered":"R\u00e9seau Commercial"},"content":{"rendered":"<p>[et_pb_section fb_built=\u00a0\u00bb1&Prime; _builder_version=\u00a0\u00bb4.27.4&Prime; _module_preset=\u00a0\u00bbdefault\u00a0\u00bb custom_margin=\u00a0\u00bb||0px||false|false\u00a0\u00bb custom_padding=\u00a0\u00bb||0px||false|false\u00a0\u00bb locked=\u00a0\u00bboff\u00a0\u00bb collapsed=\u00a0\u00bboff\u00a0\u00bb global_colors_info=\u00a0\u00bb{}\u00a0\u00bb][et_pb_row _builder_version=\u00a0\u00bb4.27.4&Prime; _module_preset=\u00a0\u00bbdefault\u00a0\u00bb width=\u00a0\u00bb100%\u00a0\u00bb max_width=\u00a0\u00bb100%\u00a0\u00bb custom_margin=\u00a0\u00bb0px||0px||false|false\u00a0\u00bb custom_padding=\u00a0\u00bb0px||0px||false|false\u00a0\u00bb global_colors_info=\u00a0\u00bb{}\u00a0\u00bb][et_pb_column type=\u00a0\u00bb4_4&Prime; _builder_version=\u00a0\u00bb4.27.4&Prime; _module_preset=\u00a0\u00bbdefault\u00a0\u00bb global_colors_info=\u00a0\u00bb{}\u00a0\u00bb][et_pb_slider _builder_version=\u00a0\u00bb4.27.4&Prime; _module_preset=\u00a0\u00bbdefault\u00a0\u00bb module_alignment=\u00a0\u00bbcenter\u00a0\u00bb height=\u00a0\u00bb350px\u00a0\u00bb height_tablet=\u00a0\u00bb150px\u00a0\u00bb height_phone=\u00a0\u00bb100px\u00a0\u00bb height_last_edited=\u00a0\u00bbon|phone\u00a0\u00bb custom_margin=\u00a0\u00bb0px||0px||false|false\u00a0\u00bb custom_padding=\u00a0\u00bb0px||0px||false|false\u00a0\u00bb global_colors_info=\u00a0\u00bb{}\u00a0\u00bb][et_pb_slide _builder_version=\u00a0\u00bb4.27.4&Prime; _module_preset=\u00a0\u00bbdefault\u00a0\u00bb body_font=\u00a0\u00bbMontserrat|200|||||||\u00a0\u00bb body_text_align=\u00a0\u00bbcenter\u00a0\u00bb body_font_size=\u00a0\u00bb4vw\u00a0\u00bb body_line_height=\u00a0\u00bb1em\u00a0\u00bb background_enable_color=\u00a0\u00bboff\u00a0\u00bb use_background_color_gradient=\u00a0\u00bbon\u00a0\u00bb background_color_gradient_stops=\u00a0\u00bbrgba(0,0,0,0.65) 0%|rgba(0,0,0,0.65) 100%\u00a0\u00bb background_color_gradient_overlays_image=\u00a0\u00bbon\u00a0\u00bb background_image=\u00a0\u00bbhttps:\/\/mhr.com.pt\/wp-content\/uploads\/2021\/11\/MHR_Sales_Network_2.jpg\u00a0\u00bb text_orientation=\u00a0\u00bbcenter\u00a0\u00bb body_font_size_tablet=\u00a0\u00bb6vw\u00a0\u00bb body_font_size_phone=\u00a0\u00bb6vw\u00a0\u00bb body_font_size_last_edited=\u00a0\u00bbon|desktop\u00a0\u00bb global_colors_info=\u00a0\u00bb{}\u00a0\u00bb sticky_transition=\u00a0\u00bbon\u00a0\u00bb][\/et_pb_slide][\/et_pb_slider][\/et_pb_column][\/et_pb_row][\/et_pb_section][et_pb_section fb_built=\u00a0\u00bb1&Prime; _builder_version=\u00a0\u00bb4.27.4&Prime; _module_preset=\u00a0\u00bbdefault\u00a0\u00bb background_enable_color=\u00a0\u00bboff\u00a0\u00bb use_background_color_gradient=\u00a0\u00bbon\u00a0\u00bb background_color_gradient_direction=\u00a0\u00bb0deg\u00a0\u00bb background_color_gradient_stops=\u00a0\u00bb#f9f9f9 0%|#ffffff 100%\u00a0\u00bb animation_direction=\u00a0\u00bbbottom\u00a0\u00bb locked=\u00a0\u00bboff\u00a0\u00bb global_colors_info=\u00a0\u00bb{}\u00a0\u00bb][et_pb_row _builder_version=\u00a0\u00bb4.27.4&Prime; _module_preset=\u00a0\u00bbdefault\u00a0\u00bb custom_margin=\u00a0\u00bb||||false|false\u00a0\u00bb custom_padding=\u00a0\u00bb75px||||false|false\u00a0\u00bb locked=\u00a0\u00bboff\u00a0\u00bb global_colors_info=\u00a0\u00bb{}\u00a0\u00bb][et_pb_column type=\u00a0\u00bb4_4&Prime; _builder_version=\u00a0\u00bb4.27.4&Prime; _module_preset=\u00a0\u00bbdefault\u00a0\u00bb global_colors_info=\u00a0\u00bb{}\u00a0\u00bb][et_pb_text _builder_version=\u00a0\u00bb4.27.4&Prime; _module_preset=\u00a0\u00bbdefault\u00a0\u00bb text_font=\u00a0\u00bbMontserrat|300|||||||\u00a0\u00bb text_font_size=\u00a0\u00bb34px\u00a0\u00bb text_line_height=\u00a0\u00bb1em\u00a0\u00bb text_orientation=\u00a0\u00bbcenter\u00a0\u00bb text_font_size_tablet=\u00a0\u00bb26px\u00a0\u00bb text_font_size_phone=\u00a0\u00bb24px\u00a0\u00bb text_font_size_last_edited=\u00a0\u00bbon|phone\u00a0\u00bb global_colors_info=\u00a0\u00bb{}\u00a0\u00bb]<\/p>\n<p>R\u00c9SEAU COMMERCIAL<\/p>\n<p>[\/et_pb_text][\/et_pb_column][\/et_pb_row][et_pb_row _builder_version=\u00a0\u00bb4.27.4&Prime; _module_preset=\u00a0\u00bbdefault\u00a0\u00bb custom_padding=\u00a0\u00bb||75px||false|false\u00a0\u00bb animation_style=\u00a0\u00bbslide\u00a0\u00bb animation_direction=\u00a0\u00bbbottom\u00a0\u00bb animation_intensity_slide=\u00a0\u00bb10%\u00a0\u00bb locked=\u00a0\u00bboff\u00a0\u00bb global_colors_info=\u00a0\u00bb{}\u00a0\u00bb][et_pb_column type=\u00a0\u00bb4_4&Prime; _builder_version=\u00a0\u00bb4.16&Prime; _module_preset=\u00a0\u00bbdefault\u00a0\u00bb global_colors_info=\u00a0\u00bb{}\u00a0\u00bb][et_pb_text _builder_version=\u00a0\u00bb4.26.0&Prime; _module_preset=\u00a0\u00bbdefault\u00a0\u00bb locked=\u00a0\u00bboff\u00a0\u00bb global_colors_info=\u00a0\u00bb{}\u00a0\u00bb]<\/p>\n<p style=\"text-align: center;\">Contactez nos Responsables Commerciaux. Veuillez s\u00e9lectionner votre zone dans la liste ci-dessous.<\/p>\n<p><\/p>\n<p style=\"text-align: center;\">Nous serons ravis de collaborer avec vous et vous r\u00e9pondrons dans les plus brefs d\u00e9lais.<\/p>\n<p>[\/et_pb_text][et_pb_divider color=\u00a0\u00bb#b2b2b2&Prime; _builder_version=\u00a0\u00bb4.16&Prime; _module_preset=\u00a0\u00bbdefault\u00a0\u00bb global_colors_info=\u00a0\u00bb{}\u00a0\u00bb locked=\u00a0\u00bboff\u00a0\u00bb][\/et_pb_divider][et_pb_toggle title=\u00a0\u00bbPORTUGAL | Nord\u00a0\u00bb _builder_version=\u00a0\u00bb4.18.0&Prime; _module_preset=\u00a0\u00bbdefault\u00a0\u00bb global_colors_info=\u00a0\u00bb{}\u00a0\u00bb]<\/p>\n<p>Responsable Commercial<\/p>\n<p><\/p>\n<p><strong>Alcino Sousa<\/strong><\/p>\n<p><\/p>\n<p><strong>T\u00e9l. :<\/strong> (+351) 914 830 494 (Co\u00fbt d\u2019un appel vers le r\u00e9seau mobile portugais)<\/p>\n<p><\/p>\n<p><strong>E-mail :<\/strong> alcinosousa@mhr.com.pt<\/p>\n<p>[\/et_pb_toggle][et_pb_toggle title=\u00a0\u00bbPORTUGAL | Centre\u00a0\u00bb _builder_version=\u00a0\u00bb4.18.0&Prime; _module_preset=\u00a0\u00bbdefault\u00a0\u00bb global_colors_info=\u00a0\u00bb{}\u00a0\u00bb]<\/p>\n<p>Responsable Commercial<\/p>\n<p><\/p>\n<p><strong>Marco Ferreira<\/strong><\/p>\n<p><\/p>\n<p><strong>T\u00e9l. :<\/strong> (+351) 914 950 809 (Co\u00fbt d\u2019un appel vers le r\u00e9seau mobile portugais)<\/p>\n<p><\/p>\n<p><strong>E-mail :<\/strong> marcoferreira@mhr.com.pt<\/p>\n<p>[\/et_pb_toggle][et_pb_toggle title=\u00a0\u00bbPORTUGAL | Lisboa\u00a0\u00bb _builder_version=\u00a0\u00bb4.18.0&Prime; _module_preset=\u00a0\u00bbdefault\u00a0\u00bb global_colors_info=\u00a0\u00bb{}\u00a0\u00bb]<\/p>\n<p>Responsable Commercial<\/p>\n<p><\/p>\n<p><strong>Renato Jorge<\/strong><\/p>\n<p><\/p>\n<p><strong>T\u00e9l. :<\/strong> (+351) 965 001 035 (Co\u00fbt d\u2019un appel vers le r\u00e9seau mobile portugais)<\/p>\n<p><\/p>\n<p><strong>E-mail :<\/strong> renatojorge@mhr.com.pt<\/p>\n<p>[\/et_pb_toggle][et_pb_toggle title=\u00a0\u00bbPORTUGAL | Algarve, Madeira et A\u00e7ores\u00a0\u00bb _builder_version=\u00a0\u00bb4.18.0&Prime; _module_preset=\u00a0\u00bbdefault\u00a0\u00bb global_colors_info=\u00a0\u00bb{}\u00a0\u00bb]<\/p>\n<p>Responsable Commercial<\/p>\n<p><\/p>\n<p><strong>Delfim Soares<\/strong><\/p>\n<p><\/p>\n<p><strong>T\u00e9l. :<\/strong> (+351) 965 804 557 (Co\u00fbt d\u2019un appel vers le r\u00e9seau mobile portugais)<\/p>\n<p><\/p>\n<p><strong>E-mail :<\/strong> delfimsoares@mhr.com.pt<\/p>\n<p>[\/et_pb_toggle][et_pb_toggle title=\u00a0\u00bbFRANCE\u00a0\u00bb _builder_version=\u00a0\u00bb4.18.0&Prime; _module_preset=\u00a0\u00bbdefault\u00a0\u00bb global_colors_info=\u00a0\u00bb{}\u00a0\u00bb]<\/p>\n<p>Responsable Commercial<\/p>\n<p><\/p>\n<p><strong>Eric Legret<\/strong><\/p>\n<p><\/p>\n<p><strong>T\u00e9l. :<\/strong> (+33) 0616 707 071 (Co\u00fbt d\u2019un appel vers le r\u00e9seau mobile fran\u00e7ais)<\/p>\n<p><\/p>\n<p><strong>E-mail :<\/strong> eric.legret@gmail.com<\/p>\n<p>[\/et_pb_toggle][et_pb_toggle title=\u00a0\u00bbRESTE DU MONDE\u00a0\u00bb _builder_version=\u00a0\u00bb4.18.0&Prime; _module_preset=\u00a0\u00bbdefault\u00a0\u00bb global_colors_info=\u00a0\u00bb{}\u00a0\u00bb]<\/p>\n<p>Responsable Commercial<\/p>\n<p><\/p>\n<p><strong>V\u00edtor Ferreira<\/strong><\/p>\n<p><\/p>\n<p><strong>T\u00e9l. :<\/strong> (+351) 918 083 480 (Co\u00fbt d\u2019un appel vers le r\u00e9seau mobile portugais)<\/p>\n<p><\/p>\n<p><strong>E-mail :<\/strong> vferreira@mhr.com.pt<\/p>\n<p>[\/et_pb_toggle][\/et_pb_column][\/et_pb_row][\/et_pb_section]<\/p>\n","protected":false},"excerpt":{"rendered":"<p>R\u00c9SEAU COMMERCIALContactez nos Responsables Commerciaux. Veuillez s\u00e9lectionner votre zone dans la liste ci-dessous.Nous serons ravis de collaborer avec vous et vous r\u00e9pondrons dans les plus brefs d\u00e9lais.Responsable CommercialAlcino SousaT\u00e9l. : (+351) 914 830 494 (Co\u00fbt d\u2019un appel vers le r\u00e9seau mobile portugais)E-mail : alcinosousa@mhr.com.ptResponsable CommercialMarco FerreiraT\u00e9l. : (+351) 914 950 809 (Co\u00fbt d\u2019un appel vers [&hellip;]<\/p>\n","protected":false},"author":1,"featured_media":0,"parent":0,"menu_order":0,"comment_status":"closed","ping_status":"closed","template":"","meta":{"_et_pb_use_builder":"on","_et_pb_old_content":"","_et_gb_content_width":"","footnotes":""},"class_list":["post-252117","page","type-page","status-publish","hentry"],"_links":{"self":[{"href":"https:\/\/mhr.com.pt\/fr\/wp-json\/wp\/v2\/pages\/252117","targetHints":{"allow":["GET"]}}],"collection":[{"href":"https:\/\/mhr.com.pt\/fr\/wp-json\/wp\/v2\/pages"}],"about":[{"href":"https:\/\/mhr.com.pt\/fr\/wp-json\/wp\/v2\/types\/page"}],"author":[{"embeddable":true,"href":"https:\/\/mhr.com.pt\/fr\/wp-json\/wp\/v2\/users\/1"}],"replies":[{"embeddable":true,"href":"https:\/\/mhr.com.pt\/fr\/wp-json\/wp\/v2\/comments?post=252117"}],"version-history":[{"count":2,"href":"https:\/\/mhr.com.pt\/fr\/wp-json\/wp\/v2\/pages\/252117\/revisions"}],"predecessor-version":[{"id":252120,"href":"https:\/\/mhr.com.pt\/fr\/wp-json\/wp\/v2\/pages\/252117\/revisions\/252120"}],"wp:attachment":[{"href":"https:\/\/mhr.com.pt\/fr\/wp-json\/wp\/v2\/media?parent=252117"}],"curies":[{"name":"wp","href":"https:\/\/api.w.org\/{rel}","templated":true}]}}