{"id":252121,"date":"2021-05-11T15:47:32","date_gmt":"2021-05-11T14:47:32","guid":{"rendered":"https:\/\/mhr.com.pt\/mentions-legales\/"},"modified":"2025-12-15T14:38:26","modified_gmt":"2025-12-15T14:38:26","slug":"mentions-legales","status":"publish","type":"page","link":"https:\/\/mhr.com.pt\/fr\/mentions-legales\/","title":{"rendered":"Mentions L\u00e9gales"},"content":{"rendered":"<p>[et_pb_section fb_built=\u00a0\u00bb1&Prime; _builder_version=\u00a0\u00bb4.18.0&Prime; background_color=\u00a0\u00bb#f4f4f4&Prime; hover_enabled=\u00a0\u00bb0&Prime; global_colors_info=\u00a0\u00bb{}\u00a0\u00bb sticky_enabled=\u00a0\u00bb0&Prime;][et_pb_row _builder_version=\u00a0\u00bb4.16&Prime; background_size=\u00a0\u00bbinitial\u00a0\u00bb background_position=\u00a0\u00bbtop_left\u00a0\u00bb background_repeat=\u00a0\u00bbrepeat\u00a0\u00bb custom_margin=\u00a0\u00bb100px||||false|false\u00a0\u00bb custom_padding=\u00a0\u00bb35px||||false|false\u00a0\u00bb global_colors_info=\u00a0\u00bb{}\u00a0\u00bb][et_pb_column type=\u00a0\u00bb4_4&Prime; _builder_version=\u00a0\u00bb4.16&Prime; custom_padding=\u00a0\u00bb|||\u00a0\u00bb global_colors_info=\u00a0\u00bb{}\u00a0\u00bb custom_padding__hover=\u00a0\u00bb|||\u00a0\u00bb][et_pb_text _builder_version=\u00a0\u00bb4.18.0&Prime; background_size=\u00a0\u00bbinitial\u00a0\u00bb background_position=\u00a0\u00bbtop_left\u00a0\u00bb background_repeat=\u00a0\u00bbrepeat\u00a0\u00bb custom_padding=\u00a0\u00bb25px||||false|false\u00a0\u00bb global_colors_info=\u00a0\u00bb{}\u00a0\u00bb]<\/p>\n<h2>Mentions L\u00e9gales<\/h2>\n<p><\/p>\n<div class=\"text\">\n<p>&nbsp;<\/p>\n<p><strong>Mentions L\u00e9gales<\/strong><\/p>\n<p>L\u2019utilisateur de ce site doit lire ces informations et ne pas continuer \u00e0 l\u2019utiliser s\u2019il n\u2019accepte pas ces conditions.<\/p>\n<p>La gestion de ce site est assur\u00e9e par MHR.<\/p>\n<p><strong>Usage abusif<\/strong><\/p>\n<p>Toute tentative de modification des informations, de t\u00e9l\u00e9chargement d\u2019informations ou toute autre action susceptible de causer des dommages et de compromettre l\u2019int\u00e9grit\u00e9 du syst\u00e8me est interdite et sanctionn\u00e9e par la loi.<\/p>\n<p><strong>Protection des droits d\u2019auteur<\/strong><\/p>\n<p>Tout le contenu mat\u00e9riel de ce site, y compris les vid\u00e9os, graphiques, textes, images, dessins, musiques, sons et autres informations, est prot\u00e9g\u00e9 par le droit d\u2019auteur, les droits voisins et les droits de propri\u00e9t\u00e9 industrielle, selon la l\u00e9gislation portugaise et celle de l\u2019Union europ\u00e9enne, ainsi que d\u2019autres accords et conventions internationaux, et ne peut \u00eatre utilis\u00e9 en dehors des conditions autoris\u00e9es.<\/p>\n<p>L\u2019utilisateur peut copier, importer ou utiliser tout ou partie des informations de ce site \u00e0 titre personnel ou public, gratuitement, tant que cela n\u2019a pas de finalit\u00e9 lucrative ou offensante et que la source des informations est mentionn\u00e9e.<\/p>\n<p>Pour les sites auxquels ce portail renvoie, l\u2019autorisation des auteurs doit \u00eatre obtenue ou la source doit \u00eatre mentionn\u00e9e conform\u00e9ment aux d\u00e9clarations de droits d\u2019auteur respectives.<\/p>\n<p><strong>Avertissement<\/strong><\/p>\n<p>Les informations contenues sur le site sont de nature g\u00e9n\u00e9rale et ne sont pas n\u00e9cessairement exhaustives, compl\u00e8tes ou \u00e0 jour.<br \/>Comme nous n\u2019exer\u00e7ons aucun contr\u00f4le sur les contenus, produits et services propos\u00e9s par des tiers, notre responsabilit\u00e9 concernant la qualit\u00e9 ou la v\u00e9racit\u00e9 des informations provenant de liens hypertextes est exclue.<br \/>La consultation de tout texte l\u00e9gal disponible sur le site ne vous dispense pas de consulter le Journal Officiel.<\/p>\n<p><strong>D\u00e9claration de confidentialit\u00e9<\/strong><\/p>\n<p>Conform\u00e9ment \u00e0 l\u2019article 35 de la Constitution de la R\u00e9publique portugaise, au R\u00e8glement (UE) 2016\/679 du Parlement et du Conseil du 27 avril 2016 sur la protection des personnes \u00e0 l\u2019\u00e9gard du traitement des donn\u00e9es personnelles et au d\u00e9cret 58\/2019 du 8 ao\u00fbt, qui assure la mise en \u0153uvre de ce r\u00e8glement dans le syst\u00e8me juridique national, les informations collect\u00e9es sur les visiteurs du site ne sont pas de nature personnelle, garantissant la confidentialit\u00e9 de l\u2019identit\u00e9 des visiteurs.<\/p>\n<p><strong>Politique de protection des donn\u00e9es personnelles<\/strong><\/p>\n<p>Dans le cadre de son activit\u00e9, MHR collecte et traite des donn\u00e9es personnelles afin de respecter les obligations l\u00e9gales qui lui incombent. Si la collecte et le traitement de vos donn\u00e9es personnelles ne d\u00e9coulent pas d\u2019une obligation l\u00e9gale ou contractuelle, MHR demandera toujours au responsable des donn\u00e9es son consentement libre, sp\u00e9cifique, \u00e9clair\u00e9 et univoque pour collecter et traiter ces donn\u00e9es aux fins indiqu\u00e9es.<br \/>MHR, en tant que responsable du traitement, s\u2019engage \u00e0 garantir la confidentialit\u00e9 et la s\u00e9curit\u00e9 lors de la collecte et du traitement des donn\u00e9es personnelles, afin qu\u2019elles ne soient utilis\u00e9es que pour les finalit\u00e9s express\u00e9ment autoris\u00e9es et conserv\u00e9es uniquement pour la p\u00e9riode n\u00e9cessaire \u00e0 la r\u00e9alisation de l\u2019objectif vis\u00e9.<br \/>Le responsable des donn\u00e9es a le droit de demander \u00e0 MHR l\u2019acc\u00e8s aux donn\u00e9es personnelles le concernant, leur rectification ou suppression, la limitation du traitement de ses donn\u00e9es et la portabilit\u00e9 des donn\u00e9es lorsque cela est techniquement possible. Le responsable des donn\u00e9es peut s\u2019opposer au traitement ou retirer, \u00e0 tout moment, le consentement pr\u00e9c\u00e9demment donn\u00e9.<br \/>Pour exercer ses droits, le responsable des donn\u00e9es doit envoyer une demande au D\u00e9l\u00e9gu\u00e9 \u00e0 la Protection des Donn\u00e9es \u00e0 l\u2019une des adresses suivantes :<\/p>\n<p>E-mail: <a href=\"mailto:geral@mhr.com.pt\">geral@mhr.com.pt<\/a><\/p>\n<p>Le responsable des donn\u00e9es peut \u00e9galement d\u00e9poser une plainte aupr\u00e8s de l\u2019autorit\u00e9 de contr\u00f4le, la Commission Nationale de Protection des Donn\u00e9es.<\/p>\n<\/div>\n<p>[\/et_pb_text][\/et_pb_column][\/et_pb_row][\/et_pb_section]<\/p>\n","protected":false},"excerpt":{"rendered":"<p>Mentions L\u00e9gales &nbsp; Mentions L\u00e9gales L\u2019utilisateur de ce site doit lire ces informations et ne pas continuer \u00e0 l\u2019utiliser s\u2019il n\u2019accepte pas ces conditions. La gestion de ce site est assur\u00e9e par MHR. Usage abusif Toute tentative de modification des informations, de t\u00e9l\u00e9chargement d\u2019informations ou toute autre action susceptible de causer des dommages et de [&hellip;]<\/p>\n","protected":false},"author":1,"featured_media":0,"parent":0,"menu_order":0,"comment_status":"closed","ping_status":"closed","template":"","meta":{"_et_pb_use_builder":"on","_et_pb_old_content":"","_et_gb_content_width":"","footnotes":""},"class_list":["post-252121","page","type-page","status-publish","hentry"],"_links":{"self":[{"href":"https:\/\/mhr.com.pt\/fr\/wp-json\/wp\/v2\/pages\/252121","targetHints":{"allow":["GET"]}}],"collection":[{"href":"https:\/\/mhr.com.pt\/fr\/wp-json\/wp\/v2\/pages"}],"about":[{"href":"https:\/\/mhr.com.pt\/fr\/wp-json\/wp\/v2\/types\/page"}],"author":[{"embeddable":true,"href":"https:\/\/mhr.com.pt\/fr\/wp-json\/wp\/v2\/users\/1"}],"replies":[{"embeddable":true,"href":"https:\/\/mhr.com.pt\/fr\/wp-json\/wp\/v2\/comments?post=252121"}],"version-history":[{"count":2,"href":"https:\/\/mhr.com.pt\/fr\/wp-json\/wp\/v2\/pages\/252121\/revisions"}],"predecessor-version":[{"id":252123,"href":"https:\/\/mhr.com.pt\/fr\/wp-json\/wp\/v2\/pages\/252121\/revisions\/252123"}],"wp:attachment":[{"href":"https:\/\/mhr.com.pt\/fr\/wp-json\/wp\/v2\/media?parent=252121"}],"curies":[{"name":"wp","href":"https:\/\/api.w.org\/{rel}","templated":true}]}}