{"id":252124,"date":"2020-10-09T14:14:01","date_gmt":"2020-10-09T13:14:01","guid":{"rendered":"https:\/\/mhr.com.pt\/a-propos-de-nous\/"},"modified":"2026-02-27T22:25:04","modified_gmt":"2026-02-27T22:25:04","slug":"a-propos-de-nous","status":"publish","type":"page","link":"https:\/\/mhr.com.pt\/fr\/a-propos-de-nous\/","title":{"rendered":"\u00c0 Propos de Nous"},"content":{"rendered":"<p>[et_pb_section fb_built=\u00a0\u00bb1&Prime; fullwidth=\u00a0\u00bbon\u00a0\u00bb disabled_on=\u00a0\u00bbon|on|on\u00a0\u00bb _builder_version=\u00a0\u00bb4.27.4&Prime; _module_preset=\u00a0\u00bbdefault\u00a0\u00bb custom_margin_tablet=\u00a0\u00bb\u00a0\u00bb custom_margin_phone=\u00a0\u00bb-20%|-25%||-25%|false|true\u00a0\u00bb custom_margin_last_edited=\u00a0\u00bbon|phone\u00a0\u00bb disabled=\u00a0\u00bbon\u00a0\u00bb global_colors_info=\u00a0\u00bb{}\u00a0\u00bb][et_pb_fullwidth_header text_orientation=\u00a0\u00bbcenter\u00a0\u00bb header_fullscreen=\u00a0\u00bbon\u00a0\u00bb header_scroll_down=\u00a0\u00bbon\u00a0\u00bb scroll_down_icon=\u00a0\u00bb%%2%%\u00a0\u00bb scroll_down_icon_color=\u00a0\u00bb#000000&Prime; scroll_down_icon_size=\u00a0\u00bb30px\u00a0\u00bb background_overlay_color=\u00a0\u00bbrgba(255,208,0,0.75)\u00a0\u00bb content_max_width=\u00a0\u00bb80%\u00a0\u00bb content_max_width_tablet=\u00a0\u00bb\u00a0\u00bb content_max_width_phone=\u00a0\u00bb90%\u00a0\u00bb content_max_width_last_edited=\u00a0\u00bbon|phone\u00a0\u00bb _builder_version=\u00a0\u00bb4.27.4&Prime; _module_preset=\u00a0\u00bbdefault\u00a0\u00bb title_font=\u00a0\u00bb|700|||||||\u00a0\u00bb title_text_color=\u00a0\u00bb#000000&Prime; title_font_size=\u00a0\u00bb60px\u00a0\u00bb title_letter_spacing=\u00a0\u00bb-1px\u00a0\u00bb title_line_height=\u00a0\u00bb1.1em\u00a0\u00bb content_font=\u00a0\u00bb|300|||||||\u00a0\u00bb content_text_align=\u00a0\u00bbcenter\u00a0\u00bb content_text_color=\u00a0\u00bb#000000&Prime; content_font_size=\u00a0\u00bb22px\u00a0\u00bb content_line_height=\u00a0\u00bb1.5em\u00a0\u00bb background_color=\u00a0\u00bb#ffd000&Prime; background_image=\u00a0\u00bbhttps:\/\/mhr.com.pt\/wp-content\/uploads\/2021\/03\/About_Us_1.jpg\u00a0\u00bb background_position=\u00a0\u00bbtop_center\u00a0\u00bb background_vertical_offset=\u00a0\u00bb135px\u00a0\u00bb background_blend=\u00a0\u00bbmultiply\u00a0\u00bb positioning=\u00a0\u00bbnone\u00a0\u00bb background_layout=\u00a0\u00bblight\u00a0\u00bb width=\u00a0\u00bb100%\u00a0\u00bb width_tablet=\u00a0\u00bb\u00a0\u00bb width_phone=\u00a0\u00bb100%\u00a0\u00bb width_last_edited=\u00a0\u00bbon|phone\u00a0\u00bb max_width=\u00a0\u00bb100%\u00a0\u00bb module_alignment=\u00a0\u00bbcenter\u00a0\u00bb height_tablet=\u00a0\u00bb\u00a0\u00bb height_phone=\u00a0\u00bb95vh\u00a0\u00bb height_last_edited=\u00a0\u00bbon|phone\u00a0\u00bb custom_margin=\u00a0\u00bb||||false|false\u00a0\u00bb custom_margin_tablet=\u00a0\u00bb||||false|false\u00a0\u00bb custom_margin_phone=\u00a0\u00bb||||false|false\u00a0\u00bb custom_margin_last_edited=\u00a0\u00bbon|desktop\u00a0\u00bb custom_padding=\u00a0\u00bb||||false|false\u00a0\u00bb custom_padding_tablet=\u00a0\u00bb||||false|false\u00a0\u00bb custom_padding_phone=\u00a0\u00bb||||false|false\u00a0\u00bb custom_padding_last_edited=\u00a0\u00bbon|desktop\u00a0\u00bb scroll_vertical_motion=\u00a0\u00bb0|24|24|100|3.5|0|-4&Prime; title_font_size_tablet=\u00a0\u00bb45px\u00a0\u00bb title_font_size_phone=\u00a0\u00bb35px\u00a0\u00bb title_line_height_tablet=\u00a0\u00bb1.1em\u00a0\u00bb title_line_height_phone=\u00a0\u00bb1.1em\u00a0\u00bb content_font_size_tablet=\u00a0\u00bb20px\u00a0\u00bb content_font_size_phone=\u00a0\u00bb16px\u00a0\u00bb content_font_size_last_edited=\u00a0\u00bbon|phone\u00a0\u00bb content_line_height_tablet=\u00a0\u00bb1.4em\u00a0\u00bb content_line_height_phone=\u00a0\u00bb1.5em\u00a0\u00bb content_line_height_last_edited=\u00a0\u00bbon|tablet\u00a0\u00bb background_last_edited=\u00a0\u00bbon|phone\u00a0\u00bb custom_css_main_element=\u00a0\u00bbmin-height: calc(100vh &#8211; 100px);||display: flex;\u00a0\u00bb locked=\u00a0\u00bboff\u00a0\u00bb global_colors_info=\u00a0\u00bb{}\u00a0\u00bb custom_css_button_2_last_edited=\u00a0\u00bboff|desktop\u00a0\u00bb custom_css_main_element_last_edited=\u00a0\u00bbon|phone\u00a0\u00bb custom_css_main_element_phone=\u00a0\u00bbpadding-top:10vw!important;||min-height: calc(100vh &#8211; 430px);||display: flex;\u00a0\u00bb custom_css_main_element_tablet=\u00a0\u00bbmin-height: calc(100vh &#8211; 100px);||display: flex;\u00a0\u00bb]<\/p>\n<p style=\"text-align: center;\">Nous avons toujours \u00e9t\u00e9 inspir\u00e9s par l\u2019excellence.<\/p>\n<p><\/p>\n<p style=\"text-align: center;\">Deux fr\u00e8res anim\u00e9s par le m\u00eame d\u00e9sir : cr\u00e9er des pi\u00e8ces qui \u00e9l\u00e8vent chaque projet de d\u00e9coration. Cr\u00e9er avec la \u00ab t\u00eate \u00bb, sans jamais n\u00e9gliger une autre partie importante de l\u2019\u00e9quation, le \u00ab c\u0153ur \u00bb. C\u2019est avec cet objectif que nous travaillons chaque jour.<\/p>\n<p><\/p>\n<p>&nbsp;<\/p>\n<p><\/p>\n<h1 style=\"text-align: center;\">INSPIR\u00c9S PAR L\u2019EXCELLENCE.<\/h1>\n<p><\/p>\n<p>&nbsp;<\/p>\n<p><\/p>\n<p style=\"text-align: center;\">C\u2019\u00e9tait le point de d\u00e9part et cela nous a lanc\u00e9s sur un chemin de recherche continue, toujours guid\u00e9s par les valeurs de coh\u00e9rence, de d\u00e9termination et toujours, toujours, avec passion et enthousiasme.<\/p>\n<p>[\/et_pb_fullwidth_header][\/et_pb_section][et_pb_section fb_built=\u00a0\u00bb1&Prime; fullwidth=\u00a0\u00bbon\u00a0\u00bb _builder_version=\u00a0\u00bb4.27.4&Prime; _module_preset=\u00a0\u00bbdefault\u00a0\u00bb custom_margin_tablet=\u00a0\u00bb\u00a0\u00bb custom_margin_phone=\u00a0\u00bb-20%|-25%||-25%|false|true\u00a0\u00bb custom_margin_last_edited=\u00a0\u00bbon|phone\u00a0\u00bb locked=\u00a0\u00bboff\u00a0\u00bb global_colors_info=\u00a0\u00bb{}\u00a0\u00bb][et_pb_fullwidth_header text_orientation=\u00a0\u00bbcenter\u00a0\u00bb header_fullscreen=\u00a0\u00bbon\u00a0\u00bb header_scroll_down=\u00a0\u00bbon\u00a0\u00bb scroll_down_icon=\u00a0\u00bb%%2%%\u00a0\u00bb scroll_down_icon_color=\u00a0\u00bb#FFFFFF\u00a0\u00bb scroll_down_icon_size=\u00a0\u00bb30px\u00a0\u00bb background_overlay_color=\u00a0\u00bbrgba(173,142,119,0.7)\u00a0\u00bb content_max_width=\u00a0\u00bb80%\u00a0\u00bb content_max_width_tablet=\u00a0\u00bb\u00a0\u00bb content_max_width_phone=\u00a0\u00bb90%\u00a0\u00bb content_max_width_last_edited=\u00a0\u00bbon|phone\u00a0\u00bb _builder_version=\u00a0\u00bb4.27.4&Prime; _module_preset=\u00a0\u00bbdefault\u00a0\u00bb title_font=\u00a0\u00bb|700|||||||\u00a0\u00bb title_text_color=\u00a0\u00bb#FFFFFF\u00a0\u00bb title_font_size=\u00a0\u00bb60px\u00a0\u00bb title_letter_spacing=\u00a0\u00bb-1px\u00a0\u00bb title_line_height=\u00a0\u00bb1.1em\u00a0\u00bb content_font=\u00a0\u00bb|300|||||||\u00a0\u00bb content_text_align=\u00a0\u00bbcenter\u00a0\u00bb content_text_color=\u00a0\u00bb#FFFFFF\u00a0\u00bb content_font_size=\u00a0\u00bb22px\u00a0\u00bb content_line_height=\u00a0\u00bb1.5em\u00a0\u00bb background_color=\u00a0\u00bb#ad9685&Prime; background_image=\u00a0\u00bbhttps:\/\/mhr.com.pt\/wp-content\/uploads\/2021\/03\/About_Us_1.jpg\u00a0\u00bb background_position=\u00a0\u00bbtop_center\u00a0\u00bb background_vertical_offset=\u00a0\u00bb135px\u00a0\u00bb background_blend=\u00a0\u00bbmultiply\u00a0\u00bb positioning=\u00a0\u00bbnone\u00a0\u00bb background_layout=\u00a0\u00bblight\u00a0\u00bb width=\u00a0\u00bb100%\u00a0\u00bb width_tablet=\u00a0\u00bb\u00a0\u00bb width_phone=\u00a0\u00bb100%\u00a0\u00bb width_last_edited=\u00a0\u00bbon|phone\u00a0\u00bb max_width=\u00a0\u00bb100%\u00a0\u00bb module_alignment=\u00a0\u00bbcenter\u00a0\u00bb height_tablet=\u00a0\u00bb\u00a0\u00bb height_phone=\u00a0\u00bb95vh\u00a0\u00bb height_last_edited=\u00a0\u00bbon|phone\u00a0\u00bb custom_margin=\u00a0\u00bb||||false|false\u00a0\u00bb custom_margin_tablet=\u00a0\u00bb||||false|false\u00a0\u00bb custom_margin_phone=\u00a0\u00bb||||false|false\u00a0\u00bb custom_margin_last_edited=\u00a0\u00bbon|desktop\u00a0\u00bb custom_padding=\u00a0\u00bb||||false|false\u00a0\u00bb custom_padding_tablet=\u00a0\u00bb||||false|false\u00a0\u00bb custom_padding_phone=\u00a0\u00bb||||false|false\u00a0\u00bb custom_padding_last_edited=\u00a0\u00bbon|desktop\u00a0\u00bb scroll_vertical_motion=\u00a0\u00bb0|24|24|100|3.5|0|-4&Prime; title_font_size_tablet=\u00a0\u00bb45px\u00a0\u00bb title_font_size_phone=\u00a0\u00bb35px\u00a0\u00bb title_line_height_tablet=\u00a0\u00bb1.1em\u00a0\u00bb title_line_height_phone=\u00a0\u00bb1.1em\u00a0\u00bb content_font_size_tablet=\u00a0\u00bb20px\u00a0\u00bb content_font_size_phone=\u00a0\u00bb16px\u00a0\u00bb content_font_size_last_edited=\u00a0\u00bbon|phone\u00a0\u00bb content_line_height_tablet=\u00a0\u00bb1.4em\u00a0\u00bb content_line_height_phone=\u00a0\u00bb1.5em\u00a0\u00bb content_line_height_last_edited=\u00a0\u00bbon|tablet\u00a0\u00bb background_last_edited=\u00a0\u00bbon|phone\u00a0\u00bb custom_css_main_element=\u00a0\u00bbmin-height: calc(100vh &#8211; 100px);||display: flex;\u00a0\u00bb locked=\u00a0\u00bboff\u00a0\u00bb global_colors_info=\u00a0\u00bb{}\u00a0\u00bb custom_css_button_2_last_edited=\u00a0\u00bboff|desktop\u00a0\u00bb custom_css_main_element_last_edited=\u00a0\u00bbon|phone\u00a0\u00bb custom_css_main_element_phone=\u00a0\u00bbpadding-top:10vw!important;||min-height: calc(100vh &#8211; 430px);||display: flex;\u00a0\u00bb custom_css_main_element_tablet=\u00a0\u00bbmin-height: calc(100vh &#8211; 100px);||display: flex;\u00a0\u00bb]<\/p>\n<p style=\"text-align: center;\">Nous avons toujours \u00e9t\u00e9 inspir\u00e9s par l\u2019excellence.<\/p>\n<p><\/p>\n<p style=\"text-align: center;\">Deux fr\u00e8res anim\u00e9s par le m\u00eame d\u00e9sir : cr\u00e9er des pi\u00e8ces qui \u00e9l\u00e8vent chaque projet de d\u00e9coration. Cr\u00e9er avec la \u00ab t\u00eate \u00bb, sans jamais n\u00e9gliger une autre partie importante de l\u2019\u00e9quation, le \u00ab c\u0153ur \u00bb. C\u2019est avec cet objectif que nous travaillons chaque jour.<\/p>\n<p><\/p>\n<p>&nbsp;<\/p>\n<p><\/p>\n<h1 style=\"text-align: center;\">INSPIR\u00c9S PAR L\u2019EXCELLENCE.<\/h1>\n<p><\/p>\n<p>&nbsp;<\/p>\n<p><\/p>\n<p style=\"text-align: center;\">C\u2019\u00e9tait le point de d\u00e9part et cela nous a lanc\u00e9s sur un chemin de recherche continue, toujours guid\u00e9s par les valeurs de coh\u00e9rence, de d\u00e9termination et toujours, toujours, avec passion et enthousiasme.<\/p>\n<p>[\/et_pb_fullwidth_header][\/et_pb_section][et_pb_section fb_built=\u00a0\u00bb1&Prime; fullwidth=\u00a0\u00bbon\u00a0\u00bb _builder_version=\u00a0\u00bb4.27.4&Prime; _module_preset=\u00a0\u00bbdefault\u00a0\u00bb custom_margin=\u00a0\u00bb||||false|true\u00a0\u00bb custom_margin_tablet=\u00a0\u00bb||||false|true\u00a0\u00bb custom_margin_phone=\u00a0\u00bb|-25%||-25%|false|true\u00a0\u00bb custom_margin_last_edited=\u00a0\u00bbon|phone\u00a0\u00bb hover_enabled=\u00a0\u00bb0&Prime; global_colors_info=\u00a0\u00bb{}\u00a0\u00bb sticky_enabled=\u00a0\u00bb0&Prime;][et_pb_fullwidth_header text_orientation=\u00a0\u00bbcenter\u00a0\u00bb header_fullscreen=\u00a0\u00bbon\u00a0\u00bb header_scroll_down=\u00a0\u00bbon\u00a0\u00bb scroll_down_icon=\u00a0\u00bb%%2%%\u00a0\u00bb scroll_down_icon_size=\u00a0\u00bb30px\u00a0\u00bb background_overlay_color=\u00a0\u00bbrgba(0,0,0,0.49)\u00a0\u00bb content_max_width=\u00a0\u00bb80%\u00a0\u00bb _builder_version=\u00a0\u00bb4.27.6&Prime; _module_preset=\u00a0\u00bbdefault\u00a0\u00bb title_font=\u00a0\u00bb|700|||||||\u00a0\u00bb title_text_color=\u00a0\u00bb#FFFFFF\u00a0\u00bb title_font_size=\u00a0\u00bb60px\u00a0\u00bb title_line_height=\u00a0\u00bb1.1em\u00a0\u00bb content_font=\u00a0\u00bb|300|||||||\u00a0\u00bb content_text_align=\u00a0\u00bbcenter\u00a0\u00bb content_text_color=\u00a0\u00bb#FFFFFF\u00a0\u00bb content_font_size=\u00a0\u00bb22px\u00a0\u00bb content_line_height=\u00a0\u00bb1.5em\u00a0\u00bb background_enable_color=\u00a0\u00bboff\u00a0\u00bb background_image=\u00a0\u00bbhttps:\/\/mhr.com.pt\/wp-content\/uploads\/2021\/03\/About_Us_2.jpg\u00a0\u00bb positioning=\u00a0\u00bbnone\u00a0\u00bb width=\u00a0\u00bb100%\u00a0\u00bb max_width=\u00a0\u00bb100%\u00a0\u00bb custom_margin=\u00a0\u00bb||||false|false\u00a0\u00bb custom_padding=\u00a0\u00bb||||true|false\u00a0\u00bb scroll_vertical_motion=\u00a0\u00bb0|24|24|100|3.5|0|-4&Prime; hover_enabled=\u00a0\u00bb0&Prime; title_font_size_tablet=\u00a0\u00bb45px\u00a0\u00bb title_font_size_phone=\u00a0\u00bb35px\u00a0\u00bb title_line_height_tablet=\u00a0\u00bb1.1em\u00a0\u00bb title_line_height_phone=\u00a0\u00bb1.1em\u00a0\u00bb content_font_size_tablet=\u00a0\u00bb20px\u00a0\u00bb content_font_size_phone=\u00a0\u00bb16px\u00a0\u00bb content_font_size_last_edited=\u00a0\u00bbon|phone\u00a0\u00bb content_line_height_tablet=\u00a0\u00bb1.4em\u00a0\u00bb content_line_height_phone=\u00a0\u00bb1.5em\u00a0\u00bb content_line_height_last_edited=\u00a0\u00bbon|tablet\u00a0\u00bb custom_css_main_element=\u00a0\u00bbmin-height: calc(100vh &#8211; 100px);||display: flex;\u00a0\u00bb locked=\u00a0\u00bboff\u00a0\u00bb global_colors_info=\u00a0\u00bb{}\u00a0\u00bb custom_css_button_2_last_edited=\u00a0\u00bboff|desktop\u00a0\u00bb custom_css_main_element_last_edited=\u00a0\u00bbon|phone\u00a0\u00bb custom_css_main_element_phone=\u00a0\u00bbpadding-top:10vw!important;||min-height: calc(100vh &#8211; 430px);||display: flex;\u00a0\u00bb custom_css_main_element_tablet=\u00a0\u00bbmin-height: calc(100vh &#8211; 100px);||display: flex;\u00a0\u00bb sticky_enabled=\u00a0\u00bb0&Prime;]<\/p>\n<p style=\"text-align: center;\">Ann\u00e9e apr\u00e8s ann\u00e9e, collection apr\u00e8s collection, nous renfor\u00e7ons l\u2019identit\u00e9 de notre marque gr\u00e2ce \u00e0 l\u2019\u00e9volution et \u00e0 la continuit\u00e9 des collections. Cela nous a ainsi conduits au d\u00e9veloppement d\u2019une gamme compl\u00e8te d\u2019environnements, interpr\u00e9tant pleinement l\u2019univers du concept <i>Art of Living<\/i>.<\/p>\n<p><\/p>\n<p>&nbsp;<\/p>\n<p><\/p>\n<h1 style=\"text-align: center;\">LE CONFORT N\u2019EST PAS LE FRUIT DU HASARD.<\/h1>\n<p><\/p>\n<p>&nbsp;<\/p>\n<p><\/p>\n<p style=\"text-align: center;\">Nous donnons toujours la priorit\u00e9 au confort. \u00c0 chaque d\u00e9veloppement, \u00e0 chaque mat\u00e9riau s\u00e9lectionn\u00e9, \u00e0 chaque finition, \u00e0 chaque d\u00e9tail, car nous croyons qu\u2019il n\u2019existe aucune limite \u00e0 l\u2019\u00e9volution de la performance de nos produits.<\/p>\n<p>[\/et_pb_fullwidth_header][\/et_pb_section][et_pb_section fb_built=\u00a0\u00bb1&Prime; fullwidth=\u00a0\u00bbon\u00a0\u00bb _builder_version=\u00a0\u00bb4.27.4&Prime; _module_preset=\u00a0\u00bbdefault\u00a0\u00bb custom_margin=\u00a0\u00bb||||false|true\u00a0\u00bb custom_margin_tablet=\u00a0\u00bb||||false|true\u00a0\u00bb custom_margin_phone=\u00a0\u00bb|-25%||-25%|false|true\u00a0\u00bb custom_margin_last_edited=\u00a0\u00bbon|desktop\u00a0\u00bb global_colors_info=\u00a0\u00bb{}\u00a0\u00bb][et_pb_fullwidth_header text_orientation=\u00a0\u00bbcenter\u00a0\u00bb header_fullscreen=\u00a0\u00bbon\u00a0\u00bb button_one_text=\u00a0\u00bbNOUS CONTACTER\u00a0\u00bb button_one_url=\u00a0\u00bb@ET-DC@eyJkeW5hbWljIjp0cnVlLCJjb250ZW50IjoicG9zdF9saW5rX3VybF9wYWdlIiwic2V0dGluZ3MiOnsicG9zdF9pZCI6IjEzNjYifX0=@\u00a0\u00bb button_two_url=\u00a0\u00bb#two\u00a0\u00bb background_overlay_color=\u00a0\u00bbRGBA(255,255,255,0)\u00a0\u00bb content_max_width=\u00a0\u00bb80%\u00a0\u00bb _builder_version=\u00a0\u00bb4.27.4&Prime; _dynamic_attributes=\u00a0\u00bbbutton_one_url\u00a0\u00bb _module_preset=\u00a0\u00bbdefault\u00a0\u00bb title_font=\u00a0\u00bb|700|||||||\u00a0\u00bb title_text_color=\u00a0\u00bb#ad9685&Prime; title_font_size=\u00a0\u00bb60px\u00a0\u00bb title_line_height=\u00a0\u00bb1.1em\u00a0\u00bb content_font=\u00a0\u00bb|300|||||||\u00a0\u00bb content_text_align=\u00a0\u00bbcenter\u00a0\u00bb content_text_color=\u00a0\u00bb#ad9685&Prime; content_font_size=\u00a0\u00bb22px\u00a0\u00bb content_line_height=\u00a0\u00bb1.5em\u00a0\u00bb background_color=\u00a0\u00bb#f7f7f7&Prime; background_enable_image=\u00a0\u00bboff\u00a0\u00bb custom_button_one=\u00a0\u00bbon\u00a0\u00bb button_one_text_size=\u00a0\u00bb10px\u00a0\u00bb button_one_text_color=\u00a0\u00bb#ad9685&Prime; button_one_bg_color=\u00a0\u00bbRGBA(255,255,255,0)\u00a0\u00bb button_one_border_width=\u00a0\u00bb1px\u00a0\u00bb button_one_border_color=\u00a0\u00bb#ad9685&Prime; button_one_font=\u00a0\u00bbMontserrat|500|||||||\u00a0\u00bb button_one_custom_margin=\u00a0\u00bb25px||||false|false\u00a0\u00bb custom_button_two=\u00a0\u00bbon\u00a0\u00bb button_two_text_size=\u00a0\u00bb50px\u00a0\u00bb button_two_bg_color=\u00a0\u00bbrgba(0,0,0,0)\u00a0\u00bb button_two_border_width=\u00a0\u00bb0px\u00a0\u00bb button_two_icon=\u00a0\u00bb%%25%%\u00a0\u00bb button_two_on_hover=\u00a0\u00bboff\u00a0\u00bb positioning=\u00a0\u00bbnone\u00a0\u00bb background_layout=\u00a0\u00bblight\u00a0\u00bb width=\u00a0\u00bb100%\u00a0\u00bb max_width=\u00a0\u00bb100%\u00a0\u00bb title_font_size_tablet=\u00a0\u00bb45px\u00a0\u00bb title_font_size_phone=\u00a0\u00bb35px\u00a0\u00bb title_line_height_tablet=\u00a0\u00bb1.1em\u00a0\u00bb title_line_height_phone=\u00a0\u00bb1.1em\u00a0\u00bb content_font_size_tablet=\u00a0\u00bb20px\u00a0\u00bb content_font_size_phone=\u00a0\u00bb16px\u00a0\u00bb content_font_size_last_edited=\u00a0\u00bbon|phone\u00a0\u00bb button_two_text_size_tablet=\u00a0\u00bb30px\u00a0\u00bb button_two_text_size_phone=\u00a0\u00bb\u00a0\u00bb button_two_text_size_last_edited=\u00a0\u00bbon|tablet\u00a0\u00bb custom_css_main_element=\u00a0\u00bbmin-height: calc(100vh &#8211; 100px);||display: flex;\u00a0\u00bb locked=\u00a0\u00bboff\u00a0\u00bb global_colors_info=\u00a0\u00bb{}\u00a0\u00bb custom_css_button_2_last_edited=\u00a0\u00bboff|desktop\u00a0\u00bb custom_css_main_element_last_edited=\u00a0\u00bbon|phone\u00a0\u00bb custom_css_main_element_phone=\u00a0\u00bbpadding-top:10vw!important;||min-height: calc(100vh &#8211; 50px);||display: flex;\u00a0\u00bb custom_css_main_element_tablet=\u00a0\u00bbmin-height: calc(100vh &#8211; 100px);||display: flex;\u00a0\u00bb]<\/p>\n<h1 style=\"text-align: center;\">TOUT EST<\/h1>\n<p><\/p>\n<h1 style=\"text-align: center;\">DANS LES D\u00c9TAILS.<\/h1>\n<p><\/p>\n<p>&nbsp;<\/p>\n<p><\/p>\n<p style=\"text-align: center;\">Nous sommes une entreprise bas\u00e9e sur une structure familiale, avec une \u00e9quipe motiv\u00e9e et infatigable, fermement guid\u00e9e par l\u2019\u00e9thique et constamment engag\u00e9e envers les 3 piliers principaux de la marque : rigueur, engagement et ponctualit\u00e9.<\/p>\n<p>[\/et_pb_fullwidth_header][\/et_pb_section][et_pb_section fb_built=\u00a0\u00bb1&Prime; fullwidth=\u00a0\u00bbon\u00a0\u00bb disabled_on=\u00a0\u00bbon|on|on\u00a0\u00bb _builder_version=\u00a0\u00bb4.27.4&Prime; _module_preset=\u00a0\u00bbdefault\u00a0\u00bb custom_margin=\u00a0\u00bb||||false|true\u00a0\u00bb custom_margin_tablet=\u00a0\u00bb||||false|true\u00a0\u00bb custom_margin_phone=\u00a0\u00bb|-25%||-25%|false|true\u00a0\u00bb custom_margin_last_edited=\u00a0\u00bbon|desktop\u00a0\u00bb disabled=\u00a0\u00bbon\u00a0\u00bb global_colors_info=\u00a0\u00bb{}\u00a0\u00bb][et_pb_fullwidth_header text_orientation=\u00a0\u00bbcenter\u00a0\u00bb header_fullscreen=\u00a0\u00bbon\u00a0\u00bb button_one_text=\u00a0\u00bbNOUS CONTACTER\u00a0\u00bb button_one_url=\u00a0\u00bb@ET-DC@eyJkeW5hbWljIjp0cnVlLCJjb250ZW50IjoicG9zdF9saW5rX3VybF9wYWdlIiwic2V0dGluZ3MiOnsicG9zdF9pZCI6IjEzNjYifX0=@\u00a0\u00bb button_two_url=\u00a0\u00bb#two\u00a0\u00bb background_overlay_color=\u00a0\u00bb#ffd000&Prime; content_max_width=\u00a0\u00bb80%\u00a0\u00bb _builder_version=\u00a0\u00bb4.27.4&Prime; _dynamic_attributes=\u00a0\u00bbbutton_one_url\u00a0\u00bb _module_preset=\u00a0\u00bbdefault\u00a0\u00bb title_font=\u00a0\u00bb|700|||||||\u00a0\u00bb title_text_color=\u00a0\u00bb#000000&Prime; title_font_size=\u00a0\u00bb60px\u00a0\u00bb title_line_height=\u00a0\u00bb1.1em\u00a0\u00bb content_font=\u00a0\u00bb|300|||||||\u00a0\u00bb content_text_align=\u00a0\u00bbcenter\u00a0\u00bb content_text_color=\u00a0\u00bb#000000&Prime; content_font_size=\u00a0\u00bb22px\u00a0\u00bb content_line_height=\u00a0\u00bb1.5em\u00a0\u00bb background_enable_color=\u00a0\u00bboff\u00a0\u00bb background_image=\u00a0\u00bbhttps:\/\/mhr.com.pt\/wp\/wp-content\/uploads\/2021\/03\/About_Us_3.jpg\u00a0\u00bb custom_button_one=\u00a0\u00bbon\u00a0\u00bb button_one_text_size=\u00a0\u00bb10px\u00a0\u00bb button_one_text_color=\u00a0\u00bb#000000&Prime; button_one_border_width=\u00a0\u00bb1px\u00a0\u00bb button_one_border_color=\u00a0\u00bb#000000&Prime; button_one_font=\u00a0\u00bbMontserrat|500|||||||\u00a0\u00bb button_one_custom_margin=\u00a0\u00bb25px||||false|false\u00a0\u00bb custom_button_two=\u00a0\u00bbon\u00a0\u00bb button_two_text_size=\u00a0\u00bb50px\u00a0\u00bb button_two_bg_color=\u00a0\u00bbrgba(0,0,0,0)\u00a0\u00bb button_two_border_width=\u00a0\u00bb0px\u00a0\u00bb button_two_icon=\u00a0\u00bb%%25%%\u00a0\u00bb button_two_on_hover=\u00a0\u00bboff\u00a0\u00bb positioning=\u00a0\u00bbnone\u00a0\u00bb background_layout=\u00a0\u00bblight\u00a0\u00bb width=\u00a0\u00bb100%\u00a0\u00bb max_width=\u00a0\u00bb100%\u00a0\u00bb title_font_size_tablet=\u00a0\u00bb45px\u00a0\u00bb title_font_size_phone=\u00a0\u00bb35px\u00a0\u00bb title_line_height_tablet=\u00a0\u00bb1.1em\u00a0\u00bb title_line_height_phone=\u00a0\u00bb1.1em\u00a0\u00bb content_font_size_tablet=\u00a0\u00bb20px\u00a0\u00bb content_font_size_phone=\u00a0\u00bb16px\u00a0\u00bb content_font_size_last_edited=\u00a0\u00bbon|phone\u00a0\u00bb button_two_text_size_tablet=\u00a0\u00bb30px\u00a0\u00bb button_two_text_size_phone=\u00a0\u00bb\u00a0\u00bb button_two_text_size_last_edited=\u00a0\u00bbon|tablet\u00a0\u00bb custom_css_main_element=\u00a0\u00bbmin-height: calc(100vh &#8211; 100px);||display: flex;\u00a0\u00bb locked=\u00a0\u00bboff\u00a0\u00bb global_colors_info=\u00a0\u00bb{}\u00a0\u00bb custom_css_button_2_last_edited=\u00a0\u00bboff|desktop\u00a0\u00bb custom_css_main_element_last_edited=\u00a0\u00bbon|phone\u00a0\u00bb custom_css_main_element_phone=\u00a0\u00bbpadding-top:10vw!important;||min-height: calc(100vh &#8211; 50px);||display: flex;\u00a0\u00bb custom_css_main_element_tablet=\u00a0\u00bbmin-height: calc(100vh &#8211; 100px);||display: flex;\u00a0\u00bb]<\/p>\n<h1 style=\"text-align: center;\">TOUT EST<\/h1>\n<p><\/p>\n<h1 style=\"text-align: center;\">DANS LES D\u00c9TAILS.<\/h1>\n<p><\/p>\n<p>&nbsp;<\/p>\n<p><\/p>\n<p style=\"text-align: center;\">Nous sommes une entreprise bas\u00e9e sur une structure familiale, avec une \u00e9quipe motiv\u00e9e et infatigable, fermement guid\u00e9e par l\u2019\u00e9thique et constamment engag\u00e9e envers les 3 piliers principaux de la marque : rigueur, engagement et ponctualit\u00e9.<\/p>\n<p>[\/et_pb_fullwidth_header][\/et_pb_section]<\/p>\n","protected":false},"excerpt":{"rendered":"<p>Nous avons toujours \u00e9t\u00e9 inspir\u00e9s par l\u2019excellence.Deux fr\u00e8res anim\u00e9s par le m\u00eame d\u00e9sir : cr\u00e9er des pi\u00e8ces qui \u00e9l\u00e8vent chaque projet de d\u00e9coration. Cr\u00e9er avec la \u00ab t\u00eate \u00bb, sans jamais n\u00e9gliger une autre partie importante de l\u2019\u00e9quation, le \u00ab c\u0153ur \u00bb. C\u2019est avec cet objectif que nous travaillons chaque jour.&nbsp;INSPIR\u00c9S PAR L\u2019EXCELLENCE.&nbsp;C\u2019\u00e9tait le point [&hellip;]<\/p>\n","protected":false},"author":1,"featured_media":0,"parent":0,"menu_order":0,"comment_status":"closed","ping_status":"closed","template":"","meta":{"_et_pb_use_builder":"on","_et_pb_old_content":"","_et_gb_content_width":"","footnotes":""},"class_list":["post-252124","page","type-page","status-publish","hentry"],"_links":{"self":[{"href":"https:\/\/mhr.com.pt\/fr\/wp-json\/wp\/v2\/pages\/252124","targetHints":{"allow":["GET"]}}],"collection":[{"href":"https:\/\/mhr.com.pt\/fr\/wp-json\/wp\/v2\/pages"}],"about":[{"href":"https:\/\/mhr.com.pt\/fr\/wp-json\/wp\/v2\/types\/page"}],"author":[{"embeddable":true,"href":"https:\/\/mhr.com.pt\/fr\/wp-json\/wp\/v2\/users\/1"}],"replies":[{"embeddable":true,"href":"https:\/\/mhr.com.pt\/fr\/wp-json\/wp\/v2\/comments?post=252124"}],"version-history":[{"count":6,"href":"https:\/\/mhr.com.pt\/fr\/wp-json\/wp\/v2\/pages\/252124\/revisions"}],"predecessor-version":[{"id":255105,"href":"https:\/\/mhr.com.pt\/fr\/wp-json\/wp\/v2\/pages\/252124\/revisions\/255105"}],"wp:attachment":[{"href":"https:\/\/mhr.com.pt\/fr\/wp-json\/wp\/v2\/media?parent=252124"}],"curies":[{"name":"wp","href":"https:\/\/api.w.org\/{rel}","templated":true}]}}