{"id":252147,"date":"2024-04-17T13:30:37","date_gmt":"2024-04-17T12:30:37","guid":{"rendered":"https:\/\/mhr.com.pt\/home\/"},"modified":"2025-12-19T11:53:26","modified_gmt":"2025-12-19T11:53:26","slug":"home","status":"publish","type":"page","link":"https:\/\/mhr.com.pt\/fr\/","title":{"rendered":"Home"},"content":{"rendered":"<p>[et_pb_section fb_built=\u00a0\u00bb1&Prime; fullwidth=\u00a0\u00bbon\u00a0\u00bb custom_padding_last_edited=\u00a0\u00bbon|phone\u00a0\u00bb admin_label=\u00a0\u00bbSection 1&Prime; _builder_version=\u00a0\u00bb4.27.4&Prime; _module_preset=\u00a0\u00bbdefault\u00a0\u00bb custom_margin=\u00a0\u00bb||||false|false\u00a0\u00bb custom_margin_tablet=\u00a0\u00bb||||false|false\u00a0\u00bb custom_margin_phone=\u00a0\u00bb-125px||||false|false\u00a0\u00bb custom_margin_last_edited=\u00a0\u00bbon|desktop\u00a0\u00bb custom_padding=\u00a0\u00bb||||false|false\u00a0\u00bb custom_padding_tablet=\u00a0\u00bb||||false|false\u00a0\u00bb custom_padding_phone=\u00a0\u00bb||||false|false\u00a0\u00bb border_width_bottom=\u00a0\u00bb5px\u00a0\u00bb border_color_bottom=\u00a0\u00bb#FFFFFF\u00a0\u00bb locked=\u00a0\u00bboff\u00a0\u00bb global_colors_info=\u00a0\u00bb{}\u00a0\u00bb][et_pb_fullwidth_header header_fullscreen=\u00a0\u00bbon\u00a0\u00bb header_scroll_down=\u00a0\u00bbon\u00a0\u00bb scroll_down_icon=\u00a0\u00bb%%2%%\u00a0\u00bb scroll_down_icon_size=\u00a0\u00bb30px\u00a0\u00bb button_one_text=\u00a0\u00bbVOIR LA VID\u00c9O COMPL\u00c8TE ICI\u00a0\u00bb button_one_url=\u00a0\u00bbhttps:\/\/youtu.be\/vMsORw7pDX0?si=kHAVrtDAv1UwN5jB\u00a0\u00bb background_overlay_color=\u00a0\u00bbrgba(0,0,0,0.6)\u00a0\u00bb scroll_down_icon_tablet=\u00a0\u00bb\u00a0\u00bb scroll_down_icon_phone=\u00a0\u00bb\u00a0\u00bb scroll_down_icon_last_edited=\u00a0\u00bbon|phone\u00a0\u00bb scroll_down_icon_size_tablet=\u00a0\u00bb30px\u00a0\u00bb scroll_down_icon_size_phone=\u00a0\u00bb30px\u00a0\u00bb scroll_down_icon_size_last_edited=\u00a0\u00bboff|phone\u00a0\u00bb background_overlay_color_tablet=\u00a0\u00bbrgba(0,0,0,0.6)\u00a0\u00bb background_overlay_color_phone=\u00a0\u00bbrgba(0,0,0,0.6)\u00a0\u00bb background_overlay_color_last_edited=\u00a0\u00bbon|phone\u00a0\u00bb content_tablet=\u00a0\u00bb<\/p>\n<h1 style=%22text-align: left;%22>Moins c\u2019est mieux.<\/h1>\n<h1 style=%22text-align: left;%22>Simplifiez et appr\u00e9ciez,<\/h1>\n<h1 style=%22text-align: left;%22>embrassez <em>art of living<\/em>.<\/h1>\n<p style=%22text-align: left;%22>Nous vous invitons \u00e0 d\u00e9couvrir notre parcours au <strong>iSaloni.Milano 2024<\/strong>.<\/p>\n<p>\u00a0\u00bb content_phone=\u00a0\u00bb<\/p>\n<h1 style=%22text-align: left;%22>Moins c\u2019est mieux.<\/h1>\n<h1 style=%22text-align: left;%22>Simplifiez et appr\u00e9ciez, embrassez <em>art of living<\/em>.<\/h1>\n<p style=%22text-align: left;%22>Nous vous invitons \u00e0 d\u00e9couvrir notre parcours au <strong>iSaloni.Milano 2024<\/strong>.<\/p>\n<p>\u00a0\u00bb content_last_edited=\u00a0\u00bbon|phone\u00a0\u00bb disabled_on=\u00a0\u00bboff|off|off\u00a0\u00bb admin_label=\u00a0\u00bbBanner\u00a0\u00bb _builder_version=\u00a0\u00bb4.27.4&Prime; _module_preset=\u00a0\u00bbdefault\u00a0\u00bb title_font=\u00a0\u00bbMontserrat|300|||||||\u00a0\u00bb title_font_size=\u00a0\u00bb50px\u00a0\u00bb content_font=\u00a0\u00bbMontserrat|300|||||||\u00a0\u00bb content_text_align=\u00a0\u00bbcenter\u00a0\u00bb content_font_size=\u00a0\u00bb20px\u00a0\u00bb subhead_font=\u00a0\u00bbMontserrat||||||||\u00a0\u00bb subhead_text_align=\u00a0\u00bbcenter\u00a0\u00bb background_enable_color=\u00a0\u00bboff\u00a0\u00bb background_enable_image=\u00a0\u00bboff\u00a0\u00bb background_video_mp4=\u00a0\u00bbhttps:\/\/mhr.com.pt\/wp-content\/uploads\/2024\/05\/iSaloni_2024_1080p_Loop.mp4&Prime; background_enable_video_webm=\u00a0\u00bboff\u00a0\u00bb allow_player_pause=\u00a0\u00bbon\u00a0\u00bb custom_button_one=\u00a0\u00bbon\u00a0\u00bb button_one_text_size=\u00a0\u00bb10px\u00a0\u00bb button_one_border_width=\u00a0\u00bb1px\u00a0\u00bb button_one_font=\u00a0\u00bbMontserrat|500|||||||\u00a0\u00bb button_one_custom_margin=\u00a0\u00bb25px||||false|false\u00a0\u00bb positioning=\u00a0\u00bbnone\u00a0\u00bb position_origin_a=\u00a0\u00bbcenter_center\u00a0\u00bb width=\u00a0\u00bb100%\u00a0\u00bb custom_margin=\u00a0\u00bb||||false|false\u00a0\u00bb custom_margin_tablet=\u00a0\u00bb||||false|false\u00a0\u00bb custom_margin_phone=\u00a0\u00bb||||false|false\u00a0\u00bb custom_margin_last_edited=\u00a0\u00bbon|desktop\u00a0\u00bb custom_padding=\u00a0\u00bb||||false|false\u00a0\u00bb custom_padding_tablet=\u00a0\u00bb||||false|false\u00a0\u00bb custom_padding_phone=\u00a0\u00bb||||false|false\u00a0\u00bb custom_padding_last_edited=\u00a0\u00bbon|phone\u00a0\u00bb hover_enabled=\u00a0\u00bb0&Prime; title_font_size_tablet=\u00a0\u00bb40px\u00a0\u00bb title_font_size_phone=\u00a0\u00bb38px\u00a0\u00bb title_font_size_last_edited=\u00a0\u00bbon|tablet\u00a0\u00bb content_text_align_tablet=\u00a0\u00bbcenter\u00a0\u00bb content_text_align_phone=\u00a0\u00bbcenter\u00a0\u00bb content_text_align_last_edited=\u00a0\u00bbon|phone\u00a0\u00bb content_font_size_tablet=\u00a0\u00bb20px\u00a0\u00bb content_font_size_phone=\u00a0\u00bb18px\u00a0\u00bb content_font_size_last_edited=\u00a0\u00bbon|phone\u00a0\u00bb content_line_height_tablet=\u00a0\u00bb1.1em\u00a0\u00bb content_line_height_phone=\u00a0\u00bb1.3em\u00a0\u00bb content_line_height_last_edited=\u00a0\u00bbon|phone\u00a0\u00bb background_last_edited=\u00a0\u00bboff|desktop\u00a0\u00bb background_video_mp4_phone=\u00a0\u00bbhttps:\/\/mhr.com.pt\/wp-content\/uploads\/2023\/04\/Slowly_Mobile.mp4&Prime; background_enable_video_mp4_phone=\u00a0\u00bbon\u00a0\u00bb locked=\u00a0\u00bboff\u00a0\u00bb global_colors_info=\u00a0\u00bb{}\u00a0\u00bb sticky_enabled=\u00a0\u00bb0&Prime;]<\/p>\n<h1 style=\"text-align: left;\">Moins c\u2019est mieux.<\/h1>\n<h1 style=\"text-align: left;\">Simplifiez et appr\u00e9ciez,<\/h1>\n<h1 style=\"text-align: left;\">embrassez <em>art of living<\/em>.<\/h1>\n<p style=\"text-align: left;\">Nous vous invitons \u00e0 d\u00e9couvrir notre parcours au <strong>iSaloni.Milano 2024<\/strong>.<\/p>\n<p>[\/et_pb_fullwidth_header][\/et_pb_section][et_pb_section fb_built=\u00a0\u00bb1&Prime; fullwidth=\u00a0\u00bbon\u00a0\u00bb admin_label=\u00a0\u00bbSection 2&Prime; _builder_version=\u00a0\u00bb4.27.4&Prime; _module_preset=\u00a0\u00bbdefault\u00a0\u00bb background_color=\u00a0\u00bb#f7f7f7&Prime; border_width_top=\u00a0\u00bb5px\u00a0\u00bb border_color_top=\u00a0\u00bb#FFFFFF\u00a0\u00bb border_width_bottom=\u00a0\u00bb5px\u00a0\u00bb border_color_bottom=\u00a0\u00bb#FFFFFF\u00a0\u00bb locked=\u00a0\u00bboff\u00a0\u00bb global_colors_info=\u00a0\u00bb{}\u00a0\u00bb][et_pb_fullwidth_header text_orientation=\u00a0\u00bbcenter\u00a0\u00bb header_fullscreen=\u00a0\u00bbon\u00a0\u00bb header_scroll_down=\u00a0\u00bbon\u00a0\u00bb scroll_down_icon=\u00a0\u00bb%%2%%\u00a0\u00bb scroll_down_icon_color=\u00a0\u00bb#000000&Prime; scroll_down_icon_size=\u00a0\u00bb30px\u00a0\u00bb scroll_down_icon_tablet=\u00a0\u00bb\u00a0\u00bb scroll_down_icon_phone=\u00a0\u00bb\u00a0\u00bb scroll_down_icon_last_edited=\u00a0\u00bbon|desktop\u00a0\u00bb scroll_down_icon_size_tablet=\u00a0\u00bb30px\u00a0\u00bb scroll_down_icon_size_phone=\u00a0\u00bb30px\u00a0\u00bb scroll_down_icon_size_last_edited=\u00a0\u00bboff|phone\u00a0\u00bb content_last_edited=\u00a0\u00bboff|desktop\u00a0\u00bb admin_label=\u00a0\u00bbOur Collections\u00a0\u00bb _builder_version=\u00a0\u00bb4.27.4&Prime; _module_preset=\u00a0\u00bbdefault\u00a0\u00bb title_level=\u00a0\u00bbh4&Prime; title_font=\u00a0\u00bbRaleway||||||||\u00a0\u00bb content_font=\u00a0\u00bbMontserrat|300|||||||\u00a0\u00bb content_text_align=\u00a0\u00bbcenter\u00a0\u00bb content_text_color=\u00a0\u00bb#000000&Prime; content_font_size=\u00a0\u00bb4vh\u00a0\u00bb content_line_height=\u00a0\u00bb1.1em\u00a0\u00bb subhead_text_align=\u00a0\u00bbcenter\u00a0\u00bb background_enable_color=\u00a0\u00bboff\u00a0\u00bb background_enable_image=\u00a0\u00bboff\u00a0\u00bb background_enable_video_mp4=\u00a0\u00bboff\u00a0\u00bb positioning=\u00a0\u00bbnone\u00a0\u00bb position_origin_a=\u00a0\u00bbcenter_center\u00a0\u00bb width=\u00a0\u00bb100%\u00a0\u00bb module_alignment=\u00a0\u00bbcenter\u00a0\u00bb min_height_last_edited=\u00a0\u00bboff|phone\u00a0\u00bb height_tablet=\u00a0\u00bb\u00a0\u00bb height_phone=\u00a0\u00bb85vh\u00a0\u00bb height_last_edited=\u00a0\u00bbon|tablet\u00a0\u00bb custom_margin=\u00a0\u00bb||||false|false\u00a0\u00bb custom_margin_tablet=\u00a0\u00bb||||false|false\u00a0\u00bb custom_margin_phone=\u00a0\u00bb||||false|false\u00a0\u00bb custom_margin_last_edited=\u00a0\u00bbon|phone\u00a0\u00bb custom_padding=\u00a0\u00bb||||false|false\u00a0\u00bb custom_padding_tablet=\u00a0\u00bb||||false|false\u00a0\u00bb custom_padding_phone=\u00a0\u00bb||||false|false\u00a0\u00bb custom_padding_last_edited=\u00a0\u00bbon|phone\u00a0\u00bb animation_direction=\u00a0\u00bbbottom\u00a0\u00bb content_text_align_tablet=\u00a0\u00bbcenter\u00a0\u00bb content_text_align_phone=\u00a0\u00bbcenter\u00a0\u00bb content_text_align_last_edited=\u00a0\u00bbon|phone\u00a0\u00bb content_font_size_tablet=\u00a0\u00bb5vh\u00a0\u00bb content_font_size_phone=\u00a0\u00bb4vh\u00a0\u00bb content_font_size_last_edited=\u00a0\u00bbon|phone\u00a0\u00bb content_line_height_tablet=\u00a0\u00bb1.1em\u00a0\u00bb content_line_height_phone=\u00a0\u00bb1.1em\u00a0\u00bb content_line_height_last_edited=\u00a0\u00bbon|desktop\u00a0\u00bb background_last_edited=\u00a0\u00bboff|phone\u00a0\u00bb background_enable_video_mp4_phone=\u00a0\u00bboff\u00a0\u00bb locked=\u00a0\u00bboff\u00a0\u00bb global_colors_info=\u00a0\u00bb{}\u00a0\u00bb]<\/p>\n<p style=\"text-align: center;\">D\u00c9COUVREZ NOS COLLECTIONS<\/p>\n<p>[\/et_pb_fullwidth_header][\/et_pb_section][et_pb_section fb_built=\u00a0\u00bb1&Prime; fullwidth=\u00a0\u00bbon\u00a0\u00bb admin_label=\u00a0\u00bbAOL Collections\u00a0\u00bb _builder_version=\u00a0\u00bb4.27.4&Prime; _module_preset=\u00a0\u00bbdefault\u00a0\u00bb border_width_top=\u00a0\u00bb5px\u00a0\u00bb border_color_top=\u00a0\u00bb#FFFFFF\u00a0\u00bb border_width_bottom=\u00a0\u00bb5px\u00a0\u00bb border_color_bottom=\u00a0\u00bb#FFFFFF\u00a0\u00bb locked=\u00a0\u00bboff\u00a0\u00bb global_colors_info=\u00a0\u00bb{}\u00a0\u00bb][et_pb_fullwidth_header text_orientation=\u00a0\u00bbcenter\u00a0\u00bb header_fullscreen=\u00a0\u00bbon\u00a0\u00bb header_scroll_down=\u00a0\u00bbon\u00a0\u00bb scroll_down_icon=\u00a0\u00bb%%2%%\u00a0\u00bb scroll_down_icon_size=\u00a0\u00bb30px\u00a0\u00bb button_one_text=\u00a0\u00bbEN SAVOIR PLUS\u00a0\u00bb button_one_url=\u00a0\u00bb@ET-DC@eyJkeW5hbWljIjp0cnVlLCJjb250ZW50IjoicG9zdF9saW5rX3VybF9wYWdlIiwic2V0dGluZ3MiOnsicG9zdF9pZCI6IjI0ODA1NCJ9fQ==@\u00a0\u00bb background_overlay_color=\u00a0\u00bbrgba(0,0,0,0.5)\u00a0\u00bb scroll_down_icon_tablet=\u00a0\u00bb\u00a0\u00bb scroll_down_icon_phone=\u00a0\u00bb\u00a0\u00bb scroll_down_icon_last_edited=\u00a0\u00bbon|desktop\u00a0\u00bb scroll_down_icon_size_tablet=\u00a0\u00bb30px\u00a0\u00bb scroll_down_icon_size_phone=\u00a0\u00bb30px\u00a0\u00bb scroll_down_icon_size_last_edited=\u00a0\u00bboff|phone\u00a0\u00bb content_last_edited=\u00a0\u00bboff|desktop\u00a0\u00bb admin_label=\u00a0\u00bbAOL Banner\u00a0\u00bb _builder_version=\u00a0\u00bb4.27.4&Prime; _dynamic_attributes=\u00a0\u00bbbutton_one_url\u00a0\u00bb _module_preset=\u00a0\u00bbdefault\u00a0\u00bb title_level=\u00a0\u00bbh4&Prime; title_font=\u00a0\u00bbRaleway||||||||\u00a0\u00bb content_font=\u00a0\u00bbMontserrat|200|||||||\u00a0\u00bb content_text_align=\u00a0\u00bbcenter\u00a0\u00bb content_font_size=\u00a0\u00bb5vh\u00a0\u00bb content_line_height=\u00a0\u00bb1.1em\u00a0\u00bb subhead_text_align=\u00a0\u00bbcenter\u00a0\u00bb background_enable_color=\u00a0\u00bboff\u00a0\u00bb background_image=\u00a0\u00bbhttps:\/\/mhr.com.pt\/wp-content\/uploads\/2025\/08\/AOL_04.webp\u00a0\u00bb background_enable_video_mp4=\u00a0\u00bboff\u00a0\u00bb custom_button_one=\u00a0\u00bbon\u00a0\u00bb button_one_text_size=\u00a0\u00bb10px\u00a0\u00bb button_one_border_width=\u00a0\u00bb1px\u00a0\u00bb button_one_font=\u00a0\u00bbMontserrat|500|||||||\u00a0\u00bb button_one_custom_margin=\u00a0\u00bb25px||||false|false\u00a0\u00bb positioning=\u00a0\u00bbnone\u00a0\u00bb position_origin_a=\u00a0\u00bbcenter_center\u00a0\u00bb width=\u00a0\u00bb100%\u00a0\u00bb module_alignment=\u00a0\u00bbcenter\u00a0\u00bb min_height_last_edited=\u00a0\u00bboff|phone\u00a0\u00bb height_tablet=\u00a0\u00bb\u00a0\u00bb height_phone=\u00a0\u00bb85vh\u00a0\u00bb height_last_edited=\u00a0\u00bbon|desktop\u00a0\u00bb custom_margin=\u00a0\u00bb||||false|false\u00a0\u00bb custom_margin_tablet=\u00a0\u00bb||||false|false\u00a0\u00bb custom_margin_phone=\u00a0\u00bb||||false|false\u00a0\u00bb custom_margin_last_edited=\u00a0\u00bbon|phone\u00a0\u00bb custom_padding=\u00a0\u00bb||||false|false\u00a0\u00bb custom_padding_tablet=\u00a0\u00bb||||false|false\u00a0\u00bb custom_padding_phone=\u00a0\u00bb||||false|false\u00a0\u00bb custom_padding_last_edited=\u00a0\u00bbon|phone\u00a0\u00bb animation_direction=\u00a0\u00bbbottom\u00a0\u00bb content_text_align_tablet=\u00a0\u00bb\u00a0\u00bb content_text_align_phone=\u00a0\u00bb\u00a0\u00bb content_text_align_last_edited=\u00a0\u00bbon|tablet\u00a0\u00bb content_font_size_tablet=\u00a0\u00bb5vh\u00a0\u00bb content_font_size_phone=\u00a0\u00bb4vh\u00a0\u00bb content_font_size_last_edited=\u00a0\u00bbon|phone\u00a0\u00bb content_line_height_tablet=\u00a0\u00bb1.1em\u00a0\u00bb content_line_height_phone=\u00a0\u00bb1.1em\u00a0\u00bb content_line_height_last_edited=\u00a0\u00bbon|desktop\u00a0\u00bb background_last_edited=\u00a0\u00bboff|phone\u00a0\u00bb background_enable_video_mp4_phone=\u00a0\u00bboff\u00a0\u00bb locked=\u00a0\u00bboff\u00a0\u00bb global_colors_info=\u00a0\u00bb{}\u00a0\u00bb]<\/p>\n<p style=\"text-align: center;\">Collections<\/p>\n<p><\/p>\n<p style=\"text-align: center;\"><em>Art of Living<\/em><\/p>\n<p>[\/et_pb_fullwidth_header][\/et_pb_section][et_pb_section fb_built=\u00a0\u00bb1&Prime; fullwidth=\u00a0\u00bbon\u00a0\u00bb admin_label=\u00a0\u00bbBH2EH Collection\u00a0\u00bb _builder_version=\u00a0\u00bb4.27.4&Prime; _module_preset=\u00a0\u00bbdefault\u00a0\u00bb border_width_top=\u00a0\u00bb5px\u00a0\u00bb border_color_top=\u00a0\u00bb#FFFFFF\u00a0\u00bb border_width_bottom=\u00a0\u00bb5px\u00a0\u00bb border_color_bottom=\u00a0\u00bb#FFFFFF\u00a0\u00bb locked=\u00a0\u00bboff\u00a0\u00bb global_colors_info=\u00a0\u00bb{}\u00a0\u00bb][et_pb_fullwidth_header text_orientation=\u00a0\u00bbcenter\u00a0\u00bb header_fullscreen=\u00a0\u00bbon\u00a0\u00bb header_scroll_down=\u00a0\u00bbon\u00a0\u00bb scroll_down_icon=\u00a0\u00bb%%2%%\u00a0\u00bb scroll_down_icon_size=\u00a0\u00bb30px\u00a0\u00bb button_one_text=\u00a0\u00bbEN SAVOIR PLUS\u00a0\u00bb button_one_url=\u00a0\u00bb@ET-DC@eyJkeW5hbWljIjp0cnVlLCJjb250ZW50IjoicG9zdF9saW5rX3VybF9wYWdlIiwic2V0dGluZ3MiOnsicG9zdF9pZCI6IjI0NzU4NiJ9fQ==@\u00a0\u00bb background_overlay_color=\u00a0\u00bbrgba(0,0,0,0.5)\u00a0\u00bb scroll_down_icon_tablet=\u00a0\u00bb\u00a0\u00bb scroll_down_icon_phone=\u00a0\u00bb\u00a0\u00bb scroll_down_icon_last_edited=\u00a0\u00bbon|desktop\u00a0\u00bb scroll_down_icon_size_tablet=\u00a0\u00bb30px\u00a0\u00bb scroll_down_icon_size_phone=\u00a0\u00bb30px\u00a0\u00bb scroll_down_icon_size_last_edited=\u00a0\u00bboff|phone\u00a0\u00bb content_last_edited=\u00a0\u00bboff|desktop\u00a0\u00bb admin_label=\u00a0\u00bbBH2EH Banner\u00a0\u00bb _builder_version=\u00a0\u00bb4.27.4&Prime; _dynamic_attributes=\u00a0\u00bbbutton_one_url\u00a0\u00bb _module_preset=\u00a0\u00bbdefault\u00a0\u00bb title_level=\u00a0\u00bbh4&Prime; title_font=\u00a0\u00bbRaleway||||||||\u00a0\u00bb content_font=\u00a0\u00bbMontserrat|200|||||||\u00a0\u00bb content_text_align=\u00a0\u00bbcenter\u00a0\u00bb content_font_size=\u00a0\u00bb5vh\u00a0\u00bb content_line_height=\u00a0\u00bb1.1em\u00a0\u00bb subhead_text_align=\u00a0\u00bbcenter\u00a0\u00bb background_enable_color=\u00a0\u00bboff\u00a0\u00bb background_image=\u00a0\u00bbhttps:\/\/mhr.com.pt\/wp-content\/uploads\/2025\/08\/BH2EH.webp\u00a0\u00bb background_enable_video_mp4=\u00a0\u00bboff\u00a0\u00bb custom_button_one=\u00a0\u00bbon\u00a0\u00bb button_one_text_size=\u00a0\u00bb10px\u00a0\u00bb button_one_border_width=\u00a0\u00bb1px\u00a0\u00bb button_one_font=\u00a0\u00bbMontserrat|500|||||||\u00a0\u00bb button_one_custom_margin=\u00a0\u00bb25px||||false|false\u00a0\u00bb positioning=\u00a0\u00bbnone\u00a0\u00bb position_origin_a=\u00a0\u00bbcenter_center\u00a0\u00bb width=\u00a0\u00bb100%\u00a0\u00bb module_alignment=\u00a0\u00bbcenter\u00a0\u00bb min_height_last_edited=\u00a0\u00bboff|phone\u00a0\u00bb height_tablet=\u00a0\u00bb\u00a0\u00bb height_phone=\u00a0\u00bb85vh\u00a0\u00bb height_last_edited=\u00a0\u00bbon|tablet\u00a0\u00bb custom_margin=\u00a0\u00bb||||false|false\u00a0\u00bb custom_margin_tablet=\u00a0\u00bb||||false|false\u00a0\u00bb custom_margin_phone=\u00a0\u00bb||||false|false\u00a0\u00bb custom_margin_last_edited=\u00a0\u00bbon|phone\u00a0\u00bb custom_padding=\u00a0\u00bb||||false|false\u00a0\u00bb custom_padding_tablet=\u00a0\u00bb||||false|false\u00a0\u00bb custom_padding_phone=\u00a0\u00bb||||false|false\u00a0\u00bb custom_padding_last_edited=\u00a0\u00bbon|phone\u00a0\u00bb animation_direction=\u00a0\u00bbbottom\u00a0\u00bb content_text_align_tablet=\u00a0\u00bbcenter\u00a0\u00bb content_text_align_phone=\u00a0\u00bbcenter\u00a0\u00bb content_text_align_last_edited=\u00a0\u00bbon|phone\u00a0\u00bb content_font_size_tablet=\u00a0\u00bb5vh\u00a0\u00bb content_font_size_phone=\u00a0\u00bb4vh\u00a0\u00bb content_font_size_last_edited=\u00a0\u00bbon|phone\u00a0\u00bb content_line_height_tablet=\u00a0\u00bb1.1em\u00a0\u00bb content_line_height_phone=\u00a0\u00bb1.1em\u00a0\u00bb content_line_height_last_edited=\u00a0\u00bbon|desktop\u00a0\u00bb background_last_edited=\u00a0\u00bboff|phone\u00a0\u00bb background_enable_video_mp4_phone=\u00a0\u00bboff\u00a0\u00bb locked=\u00a0\u00bboff\u00a0\u00bb global_colors_info=\u00a0\u00bb{}\u00a0\u00bb]<\/p>\n<p style=\"text-align: center;\">Collection<\/p>\n<p><\/p>\n<p style=\"text-align: center;\"><em>bringing home<\/em><\/p>\n<p><\/p>\n<p style=\"text-align: center;\"><em>to every house<\/em><\/p>\n<p>[\/et_pb_fullwidth_header][\/et_pb_section][et_pb_section fb_built=\u00a0\u00bb1&Prime; fullwidth=\u00a0\u00bbon\u00a0\u00bb admin_label=\u00a0\u00bbCONTRACT Collection\u00a0\u00bb _builder_version=\u00a0\u00bb4.27.4&Prime; _module_preset=\u00a0\u00bbdefault\u00a0\u00bb border_width_top=\u00a0\u00bb5px\u00a0\u00bb border_color_top=\u00a0\u00bb#FFFFFF\u00a0\u00bb border_width_bottom=\u00a0\u00bb5px\u00a0\u00bb border_color_bottom=\u00a0\u00bb#FFFFFF\u00a0\u00bb locked=\u00a0\u00bboff\u00a0\u00bb global_colors_info=\u00a0\u00bb{}\u00a0\u00bb][et_pb_fullwidth_header text_orientation=\u00a0\u00bbcenter\u00a0\u00bb header_fullscreen=\u00a0\u00bbon\u00a0\u00bb header_scroll_down=\u00a0\u00bbon\u00a0\u00bb scroll_down_icon=\u00a0\u00bb%%2%%\u00a0\u00bb scroll_down_icon_size=\u00a0\u00bb30px\u00a0\u00bb button_one_text=\u00a0\u00bbEN SAVOIR PLUS\u00a0\u00bb button_one_url=\u00a0\u00bb@ET-DC@eyJkeW5hbWljIjp0cnVlLCJjb250ZW50IjoicG9zdF9saW5rX3VybF9wYWdlIiwic2V0dGluZ3MiOnsicG9zdF9pZCI6IjI0ODA2MyJ9fQ==@\u00a0\u00bb background_overlay_color=\u00a0\u00bbrgba(0,0,0,0.5)\u00a0\u00bb scroll_down_icon_tablet=\u00a0\u00bb\u00a0\u00bb scroll_down_icon_phone=\u00a0\u00bb\u00a0\u00bb scroll_down_icon_last_edited=\u00a0\u00bbon|desktop\u00a0\u00bb scroll_down_icon_size_last_edited=\u00a0\u00bboff|phone\u00a0\u00bb content_last_edited=\u00a0\u00bboff|desktop\u00a0\u00bb admin_label=\u00a0\u00bbCONTRACT Banner\u00a0\u00bb _builder_version=\u00a0\u00bb4.27.4&Prime; _dynamic_attributes=\u00a0\u00bbbutton_one_url\u00a0\u00bb _module_preset=\u00a0\u00bbdefault\u00a0\u00bb title_level=\u00a0\u00bbh4&Prime; title_font=\u00a0\u00bbRaleway||||||||\u00a0\u00bb content_font=\u00a0\u00bbMontserrat|200|||||||\u00a0\u00bb content_text_align=\u00a0\u00bbcenter\u00a0\u00bb content_font_size=\u00a0\u00bb5vh\u00a0\u00bb content_line_height=\u00a0\u00bb1.1em\u00a0\u00bb subhead_text_align=\u00a0\u00bbcenter\u00a0\u00bb background_enable_color=\u00a0\u00bboff\u00a0\u00bb background_image=\u00a0\u00bbhttps:\/\/mhr.com.pt\/wp-content\/uploads\/2025\/08\/CONTRACT.webp\u00a0\u00bb background_enable_video_mp4=\u00a0\u00bboff\u00a0\u00bb custom_button_one=\u00a0\u00bbon\u00a0\u00bb button_one_text_size=\u00a0\u00bb10px\u00a0\u00bb button_one_border_width=\u00a0\u00bb1px\u00a0\u00bb button_one_font=\u00a0\u00bbMontserrat|500|||||||\u00a0\u00bb button_one_custom_margin=\u00a0\u00bb25px||||false|false\u00a0\u00bb positioning=\u00a0\u00bbnone\u00a0\u00bb position_origin_a=\u00a0\u00bbcenter_center\u00a0\u00bb width=\u00a0\u00bb100%\u00a0\u00bb module_alignment=\u00a0\u00bbcenter\u00a0\u00bb min_height_last_edited=\u00a0\u00bboff|phone\u00a0\u00bb height_tablet=\u00a0\u00bb\u00a0\u00bb height_phone=\u00a0\u00bb85vh\u00a0\u00bb height_last_edited=\u00a0\u00bbon|tablet\u00a0\u00bb custom_margin=\u00a0\u00bb||||false|false\u00a0\u00bb custom_margin_tablet=\u00a0\u00bb||||false|false\u00a0\u00bb custom_margin_phone=\u00a0\u00bb||||false|false\u00a0\u00bb custom_margin_last_edited=\u00a0\u00bbon|phone\u00a0\u00bb custom_padding=\u00a0\u00bb||||false|false\u00a0\u00bb custom_padding_tablet=\u00a0\u00bb||||false|false\u00a0\u00bb custom_padding_phone=\u00a0\u00bb||||false|false\u00a0\u00bb custom_padding_last_edited=\u00a0\u00bbon|phone\u00a0\u00bb animation_direction=\u00a0\u00bbbottom\u00a0\u00bb content_text_align_tablet=\u00a0\u00bbcenter\u00a0\u00bb content_text_align_phone=\u00a0\u00bbcenter\u00a0\u00bb content_text_align_last_edited=\u00a0\u00bbon|phone\u00a0\u00bb content_font_size_tablet=\u00a0\u00bb5vh\u00a0\u00bb content_font_size_phone=\u00a0\u00bb4vh\u00a0\u00bb content_font_size_last_edited=\u00a0\u00bbon|phone\u00a0\u00bb content_line_height_tablet=\u00a0\u00bb1.1em\u00a0\u00bb content_line_height_phone=\u00a0\u00bb1.1em\u00a0\u00bb content_line_height_last_edited=\u00a0\u00bbon|desktop\u00a0\u00bb background_last_edited=\u00a0\u00bboff|phone\u00a0\u00bb background_enable_video_mp4_phone=\u00a0\u00bboff\u00a0\u00bb locked=\u00a0\u00bboff\u00a0\u00bb global_colors_info=\u00a0\u00bb{}\u00a0\u00bb]<\/p>\n<p style=\"text-align: center;\">CONTRACT<\/p>\n<p><\/p>\n<p style=\"text-align: center;\"><em>by<\/em> MHR<\/p>\n<p>[\/et_pb_fullwidth_header][\/et_pb_section]<\/p>\n","protected":false},"excerpt":{"rendered":"<p>Moins c\u2019est mieux. Simplifiez et appr\u00e9ciez, embrassez art of living. Nous vous invitons \u00e0 d\u00e9couvrir notre parcours au iSaloni.Milano 2024.D\u00c9COUVREZ NOS COLLECTIONSCollectionsArt of LivingCollectionbringing hometo every houseCONTRACTby MHR<\/p>\n","protected":false},"author":3,"featured_media":0,"parent":0,"menu_order":0,"comment_status":"closed","ping_status":"closed","template":"","meta":{"_et_pb_use_builder":"on","_et_pb_old_content":"","_et_gb_content_width":"","footnotes":""},"class_list":["post-252147","page","type-page","status-publish","hentry"],"_links":{"self":[{"href":"https:\/\/mhr.com.pt\/fr\/wp-json\/wp\/v2\/pages\/252147","targetHints":{"allow":["GET"]}}],"collection":[{"href":"https:\/\/mhr.com.pt\/fr\/wp-json\/wp\/v2\/pages"}],"about":[{"href":"https:\/\/mhr.com.pt\/fr\/wp-json\/wp\/v2\/types\/page"}],"author":[{"embeddable":true,"href":"https:\/\/mhr.com.pt\/fr\/wp-json\/wp\/v2\/users\/3"}],"replies":[{"embeddable":true,"href":"https:\/\/mhr.com.pt\/fr\/wp-json\/wp\/v2\/comments?post=252147"}],"version-history":[{"count":11,"href":"https:\/\/mhr.com.pt\/fr\/wp-json\/wp\/v2\/pages\/252147\/revisions"}],"predecessor-version":[{"id":253411,"href":"https:\/\/mhr.com.pt\/fr\/wp-json\/wp\/v2\/pages\/252147\/revisions\/253411"}],"wp:attachment":[{"href":"https:\/\/mhr.com.pt\/fr\/wp-json\/wp\/v2\/media?parent=252147"}],"curies":[{"name":"wp","href":"https:\/\/api.w.org\/{rel}","templated":true}]}}