{"id":252470,"date":"2021-02-26T16:54:56","date_gmt":"2021-02-26T16:54:56","guid":{"rendered":"https:\/\/mhr.com.pt\/product\/andrea-2\/"},"modified":"2021-02-26T16:54:56","modified_gmt":"2021-02-26T16:54:56","slug":"andrea-2","status":"publish","type":"product","link":"https:\/\/mhr.com.pt\/fr\/product\/andrea-2\/","title":{"rendered":"Andrea."},"content":{"rendered":"<p>Con\u00e7u pour le rangement vertical, la haute commode Andrea conserve l\u2019identit\u00e9 \u00e9l\u00e9gante de la collection gr\u00e2ce \u00e0 sa structure rembourr\u00e9e et ses lignes de couture douces et irr\u00e9guli\u00e8res.<\/p>\n<p>Elle offre une solution pratique pour organiser v\u00eatements ou accessoires tout en contribuant \u00e0 l\u2019harmonie g\u00e9n\u00e9rale de l\u2019espace.<\/p>\n","protected":false},"excerpt":{"rendered":"<p>ARMOIR TIROIRS<\/p>\n","protected":false},"featured_media":252472,"template":"","meta":{"_et_pb_use_builder":"","_et_pb_old_content":"","_et_gb_content_width":""},"product_brand":[],"product_cat":[551,552],"product_tag":[],"class_list":{"0":"post-252470","1":"product","2":"type-product","3":"status-publish","4":"has-post-thumbnail","6":"product_cat-accessoires-de-chambre","7":"product_cat-andrea-accessoires","9":"first","10":"instock","11":"virtual","12":"product-type-simple"},"_links":{"self":[{"href":"https:\/\/mhr.com.pt\/fr\/wp-json\/wp\/v2\/product\/252470","targetHints":{"allow":["GET"]}}],"collection":[{"href":"https:\/\/mhr.com.pt\/fr\/wp-json\/wp\/v2\/product"}],"about":[{"href":"https:\/\/mhr.com.pt\/fr\/wp-json\/wp\/v2\/types\/product"}],"wp:featuredmedia":[{"embeddable":true,"href":"https:\/\/mhr.com.pt\/fr\/wp-json\/wp\/v2\/media\/252472"}],"wp:attachment":[{"href":"https:\/\/mhr.com.pt\/fr\/wp-json\/wp\/v2\/media?parent=252470"}],"wp:term":[{"taxonomy":"product_brand","embeddable":true,"href":"https:\/\/mhr.com.pt\/fr\/wp-json\/wp\/v2\/product_brand?post=252470"},{"taxonomy":"product_cat","embeddable":true,"href":"https:\/\/mhr.com.pt\/fr\/wp-json\/wp\/v2\/product_cat?post=252470"},{"taxonomy":"product_tag","embeddable":true,"href":"https:\/\/mhr.com.pt\/fr\/wp-json\/wp\/v2\/product_tag?post=252470"}],"curies":[{"name":"wp","href":"https:\/\/api.w.org\/{rel}","templated":true}]}}