{"id":252475,"date":"2021-02-26T12:57:59","date_gmt":"2021-02-26T12:57:59","guid":{"rendered":"https:\/\/mhr.com.pt\/product\/dizzy\/"},"modified":"2021-02-26T12:57:59","modified_gmt":"2021-02-26T12:57:59","slug":"dizzy","status":"publish","type":"product","link":"https:\/\/mhr.com.pt\/fr\/product\/dizzy\/","title":{"rendered":"Dizzy."},"content":{"rendered":"<p>Le lit Dizzy se distingue par sa t\u00eate de lit suspendue et rembourr\u00e9e \u2014 un \u00e9l\u00e9ment accueillant qui transmet douceur et volume. Reposant sur une base m\u00e9tallique \u00e9l\u00e9gante, le design trouve un \u00e9quilibre entre l\u00e9g\u00e8ret\u00e9 visuelle et confort g\u00e9n\u00e9reux. Les passepoils qui dessinent le contour de la t\u00eate de lit accentuent davantage sa structure double et apportent une finition raffin\u00e9e.<\/p>\n","protected":false},"excerpt":{"rendered":"<p>LIT<\/p>\n","protected":false},"featured_media":252476,"template":"","meta":{"_et_pb_use_builder":"","_et_pb_old_content":"","_et_gb_content_width":""},"product_brand":[],"product_cat":[553,549],"product_tag":[],"class_list":{"0":"post-252475","1":"product","2":"type-product","3":"status-publish","4":"has-post-thumbnail","6":"product_cat-dizzy-lit","7":"product_cat-lits","9":"first","10":"instock","11":"virtual","12":"product-type-simple"},"_links":{"self":[{"href":"https:\/\/mhr.com.pt\/fr\/wp-json\/wp\/v2\/product\/252475","targetHints":{"allow":["GET"]}}],"collection":[{"href":"https:\/\/mhr.com.pt\/fr\/wp-json\/wp\/v2\/product"}],"about":[{"href":"https:\/\/mhr.com.pt\/fr\/wp-json\/wp\/v2\/types\/product"}],"wp:featuredmedia":[{"embeddable":true,"href":"https:\/\/mhr.com.pt\/fr\/wp-json\/wp\/v2\/media\/252476"}],"wp:attachment":[{"href":"https:\/\/mhr.com.pt\/fr\/wp-json\/wp\/v2\/media?parent=252475"}],"wp:term":[{"taxonomy":"product_brand","embeddable":true,"href":"https:\/\/mhr.com.pt\/fr\/wp-json\/wp\/v2\/product_brand?post=252475"},{"taxonomy":"product_cat","embeddable":true,"href":"https:\/\/mhr.com.pt\/fr\/wp-json\/wp\/v2\/product_cat?post=252475"},{"taxonomy":"product_tag","embeddable":true,"href":"https:\/\/mhr.com.pt\/fr\/wp-json\/wp\/v2\/product_tag?post=252475"}],"curies":[{"name":"wp","href":"https:\/\/api.w.org\/{rel}","templated":true}]}}