{"id":252482,"date":"2021-02-26T12:59:45","date_gmt":"2021-02-26T12:59:45","guid":{"rendered":"https:\/\/mhr.com.pt\/product\/ellie\/"},"modified":"2021-02-26T12:59:45","modified_gmt":"2021-02-26T12:59:45","slug":"ellie","status":"publish","type":"product","link":"https:\/\/mhr.com.pt\/fr\/product\/ellie\/","title":{"rendered":"Ellie."},"content":{"rendered":"<p>Le lit King-size Ellie combine une g\u00e9n\u00e9reuse t\u00eate de lit rembourr\u00e9e avec de hauts pieds en m\u00e9tal, offrant un design a\u00e9rien qui reste \u00e0 la fois stable et \u00e9l\u00e9gant.<\/p>\n<p>Le contraste entre les mat\u00e9riaux accentue la l\u00e9g\u00e8ret\u00e9 visuelle tout en conservant une structure solide et confortable.<\/p>\n","protected":false},"excerpt":{"rendered":"<p>LIT KING-SIZE<\/p>\n","protected":false},"featured_media":252483,"template":"","meta":{"_et_pb_use_builder":"","_et_pb_old_content":"","_et_gb_content_width":""},"product_brand":[],"product_cat":[554,549],"product_tag":[],"class_list":{"0":"post-252482","1":"product","2":"type-product","3":"status-publish","4":"has-post-thumbnail","6":"product_cat-ellie-lits","7":"product_cat-lits","9":"first","10":"instock","11":"virtual","12":"product-type-simple"},"_links":{"self":[{"href":"https:\/\/mhr.com.pt\/fr\/wp-json\/wp\/v2\/product\/252482","targetHints":{"allow":["GET"]}}],"collection":[{"href":"https:\/\/mhr.com.pt\/fr\/wp-json\/wp\/v2\/product"}],"about":[{"href":"https:\/\/mhr.com.pt\/fr\/wp-json\/wp\/v2\/types\/product"}],"wp:featuredmedia":[{"embeddable":true,"href":"https:\/\/mhr.com.pt\/fr\/wp-json\/wp\/v2\/media\/252483"}],"wp:attachment":[{"href":"https:\/\/mhr.com.pt\/fr\/wp-json\/wp\/v2\/media?parent=252482"}],"wp:term":[{"taxonomy":"product_brand","embeddable":true,"href":"https:\/\/mhr.com.pt\/fr\/wp-json\/wp\/v2\/product_brand?post=252482"},{"taxonomy":"product_cat","embeddable":true,"href":"https:\/\/mhr.com.pt\/fr\/wp-json\/wp\/v2\/product_cat?post=252482"},{"taxonomy":"product_tag","embeddable":true,"href":"https:\/\/mhr.com.pt\/fr\/wp-json\/wp\/v2\/product_tag?post=252482"}],"curies":[{"name":"wp","href":"https:\/\/api.w.org\/{rel}","templated":true}]}}