{"id":252487,"date":"2021-02-26T12:58:46","date_gmt":"2021-02-26T12:58:46","guid":{"rendered":"https:\/\/mhr.com.pt\/product\/ellie-2\/"},"modified":"2021-02-26T12:58:46","modified_gmt":"2021-02-26T12:58:46","slug":"ellie-2","status":"publish","type":"product","link":"https:\/\/mhr.com.pt\/fr\/product\/ellie-2\/","title":{"rendered":"Ellie."},"content":{"rendered":"<p>Avec la m\u00eame identit\u00e9 de design que la version King-size, le lit Standard Ellie apporte \u00e9l\u00e9gance et confort aux espaces plus compacts.<\/p>\n<p>Ses pieds hauts et l\u2019\u00e9quilibre entre m\u00e9tal et tissu cr\u00e9ent une pr\u00e9sence sophistiqu\u00e9e et a\u00e9rienne.<\/p>\n","protected":false},"excerpt":{"rendered":"<p>LIT<\/p>\n","protected":false},"featured_media":252488,"template":"","meta":{"_et_pb_use_builder":"","_et_pb_old_content":"","_et_gb_content_width":""},"product_brand":[],"product_cat":[554,549],"product_tag":[],"class_list":{"0":"post-252487","1":"product","2":"type-product","3":"status-publish","4":"has-post-thumbnail","6":"product_cat-ellie-lits","7":"product_cat-lits","9":"first","10":"instock","11":"virtual","12":"product-type-simple"},"_links":{"self":[{"href":"https:\/\/mhr.com.pt\/fr\/wp-json\/wp\/v2\/product\/252487","targetHints":{"allow":["GET"]}}],"collection":[{"href":"https:\/\/mhr.com.pt\/fr\/wp-json\/wp\/v2\/product"}],"about":[{"href":"https:\/\/mhr.com.pt\/fr\/wp-json\/wp\/v2\/types\/product"}],"wp:featuredmedia":[{"embeddable":true,"href":"https:\/\/mhr.com.pt\/fr\/wp-json\/wp\/v2\/media\/252488"}],"wp:attachment":[{"href":"https:\/\/mhr.com.pt\/fr\/wp-json\/wp\/v2\/media?parent=252487"}],"wp:term":[{"taxonomy":"product_brand","embeddable":true,"href":"https:\/\/mhr.com.pt\/fr\/wp-json\/wp\/v2\/product_brand?post=252487"},{"taxonomy":"product_cat","embeddable":true,"href":"https:\/\/mhr.com.pt\/fr\/wp-json\/wp\/v2\/product_cat?post=252487"},{"taxonomy":"product_tag","embeddable":true,"href":"https:\/\/mhr.com.pt\/fr\/wp-json\/wp\/v2\/product_tag?post=252487"}],"curies":[{"name":"wp","href":"https:\/\/api.w.org\/{rel}","templated":true}]}}