{"id":252492,"date":"2021-02-26T17:08:04","date_gmt":"2021-02-26T17:08:04","guid":{"rendered":"https:\/\/mhr.com.pt\/product\/ellie-3\/"},"modified":"2021-02-26T17:08:04","modified_gmt":"2021-02-26T17:08:04","slug":"ellie-3","status":"publish","type":"product","link":"https:\/\/mhr.com.pt\/fr\/product\/ellie-3\/","title":{"rendered":"Ellie."},"content":{"rendered":"<p>La table de chevet Ellie refl\u00e8te le design raffin\u00e9 de la ligne avec ses pieds fins et sa structure d\u00e9licate.<\/p>\n<p>Les \u00e9l\u00e9ments tapiss\u00e9s et m\u00e9talliques se fondent harmonieusement pour cr\u00e9er une pi\u00e8ce \u00e0 la fois fonctionnelle et d\u00e9corative.<\/p>\n","protected":false},"excerpt":{"rendered":"<p>TABLE DE CHEVET<\/p>\n","protected":false},"featured_media":252493,"template":"","meta":{"_et_pb_use_builder":"","_et_pb_old_content":"","_et_gb_content_width":""},"product_brand":[],"product_cat":[551,555],"product_tag":[],"class_list":{"0":"post-252492","1":"product","2":"type-product","3":"status-publish","4":"has-post-thumbnail","6":"product_cat-accessoires-de-chambre","7":"product_cat-ellie-accessoires","9":"first","10":"instock","11":"virtual","12":"product-type-simple"},"_links":{"self":[{"href":"https:\/\/mhr.com.pt\/fr\/wp-json\/wp\/v2\/product\/252492","targetHints":{"allow":["GET"]}}],"collection":[{"href":"https:\/\/mhr.com.pt\/fr\/wp-json\/wp\/v2\/product"}],"about":[{"href":"https:\/\/mhr.com.pt\/fr\/wp-json\/wp\/v2\/types\/product"}],"wp:featuredmedia":[{"embeddable":true,"href":"https:\/\/mhr.com.pt\/fr\/wp-json\/wp\/v2\/media\/252493"}],"wp:attachment":[{"href":"https:\/\/mhr.com.pt\/fr\/wp-json\/wp\/v2\/media?parent=252492"}],"wp:term":[{"taxonomy":"product_brand","embeddable":true,"href":"https:\/\/mhr.com.pt\/fr\/wp-json\/wp\/v2\/product_brand?post=252492"},{"taxonomy":"product_cat","embeddable":true,"href":"https:\/\/mhr.com.pt\/fr\/wp-json\/wp\/v2\/product_cat?post=252492"},{"taxonomy":"product_tag","embeddable":true,"href":"https:\/\/mhr.com.pt\/fr\/wp-json\/wp\/v2\/product_tag?post=252492"}],"curies":[{"name":"wp","href":"https:\/\/api.w.org\/{rel}","templated":true}]}}