{"id":252494,"date":"2021-03-01T10:15:52","date_gmt":"2021-03-01T10:15:52","guid":{"rendered":"https:\/\/mhr.com.pt\/product\/ellie-4\/"},"modified":"2021-03-01T10:15:52","modified_gmt":"2021-03-01T10:15:52","slug":"ellie-4","status":"publish","type":"product","link":"https:\/\/mhr.com.pt\/fr\/product\/ellie-4\/","title":{"rendered":"Ellie."},"content":{"rendered":"<p>Le miroir Ellie compl\u00e8te l\u2019ensemble de la chambre avec une forme simple et \u00e9l\u00e9gante, accentuant la sensation d\u2019espace et de lumi\u00e8re.<\/p>\n<p>La structure m\u00e9tallique assure une continuit\u00e9 subtile avec le reste de la collection, renfor\u00e7ant l\u2019esth\u00e9tique de la ligne.<\/p>\n","protected":false},"excerpt":{"rendered":"<p>MIROIR<\/p>\n","protected":false},"featured_media":252498,"template":"","meta":{"_et_pb_use_builder":"","_et_pb_old_content":"","_et_gb_content_width":""},"product_brand":[],"product_cat":[551,555],"product_tag":[],"class_list":{"0":"post-252494","1":"product","2":"type-product","3":"status-publish","4":"has-post-thumbnail","6":"product_cat-accessoires-de-chambre","7":"product_cat-ellie-accessoires","9":"first","10":"instock","11":"virtual","12":"product-type-simple"},"_links":{"self":[{"href":"https:\/\/mhr.com.pt\/fr\/wp-json\/wp\/v2\/product\/252494","targetHints":{"allow":["GET"]}}],"collection":[{"href":"https:\/\/mhr.com.pt\/fr\/wp-json\/wp\/v2\/product"}],"about":[{"href":"https:\/\/mhr.com.pt\/fr\/wp-json\/wp\/v2\/types\/product"}],"wp:featuredmedia":[{"embeddable":true,"href":"https:\/\/mhr.com.pt\/fr\/wp-json\/wp\/v2\/media\/252498"}],"wp:attachment":[{"href":"https:\/\/mhr.com.pt\/fr\/wp-json\/wp\/v2\/media?parent=252494"}],"wp:term":[{"taxonomy":"product_brand","embeddable":true,"href":"https:\/\/mhr.com.pt\/fr\/wp-json\/wp\/v2\/product_brand?post=252494"},{"taxonomy":"product_cat","embeddable":true,"href":"https:\/\/mhr.com.pt\/fr\/wp-json\/wp\/v2\/product_cat?post=252494"},{"taxonomy":"product_tag","embeddable":true,"href":"https:\/\/mhr.com.pt\/fr\/wp-json\/wp\/v2\/product_tag?post=252494"}],"curies":[{"name":"wp","href":"https:\/\/api.w.org\/{rel}","templated":true}]}}