{"id":252499,"date":"2021-03-02T15:37:06","date_gmt":"2021-03-02T15:37:06","guid":{"rendered":"https:\/\/mhr.com.pt\/product\/ellie-5\/"},"modified":"2021-03-02T15:37:06","modified_gmt":"2021-03-02T15:37:06","slug":"ellie-5","status":"publish","type":"product","link":"https:\/\/mhr.com.pt\/fr\/product\/ellie-5\/","title":{"rendered":"Ellie."},"content":{"rendered":"<p>Le tabouret Ellie apporte \u00e0 la fois fonctionnalit\u00e9 et style \u00e0 la chambre.<\/p>\n<p>Rev\u00eatu pour plus de confort et soutenu par de fins pieds m\u00e9talliques, il ajoute une touche finale l\u00e9g\u00e8re et \u00e9l\u00e9gante au pied du lit ou dans n\u2019importe quel coin de la pi\u00e8ce.<\/p>\n","protected":false},"excerpt":{"rendered":"<p>TABOURET<\/p>\n","protected":false},"featured_media":252500,"template":"","meta":{"_et_pb_use_builder":"","_et_pb_old_content":"","_et_gb_content_width":""},"product_brand":[],"product_cat":[551,555],"product_tag":[],"class_list":{"0":"post-252499","1":"product","2":"type-product","3":"status-publish","4":"has-post-thumbnail","6":"product_cat-accessoires-de-chambre","7":"product_cat-ellie-accessoires","9":"first","10":"instock","11":"virtual","12":"product-type-simple"},"_links":{"self":[{"href":"https:\/\/mhr.com.pt\/fr\/wp-json\/wp\/v2\/product\/252499","targetHints":{"allow":["GET"]}}],"collection":[{"href":"https:\/\/mhr.com.pt\/fr\/wp-json\/wp\/v2\/product"}],"about":[{"href":"https:\/\/mhr.com.pt\/fr\/wp-json\/wp\/v2\/types\/product"}],"wp:featuredmedia":[{"embeddable":true,"href":"https:\/\/mhr.com.pt\/fr\/wp-json\/wp\/v2\/media\/252500"}],"wp:attachment":[{"href":"https:\/\/mhr.com.pt\/fr\/wp-json\/wp\/v2\/media?parent=252499"}],"wp:term":[{"taxonomy":"product_brand","embeddable":true,"href":"https:\/\/mhr.com.pt\/fr\/wp-json\/wp\/v2\/product_brand?post=252499"},{"taxonomy":"product_cat","embeddable":true,"href":"https:\/\/mhr.com.pt\/fr\/wp-json\/wp\/v2\/product_cat?post=252499"},{"taxonomy":"product_tag","embeddable":true,"href":"https:\/\/mhr.com.pt\/fr\/wp-json\/wp\/v2\/product_tag?post=252499"}],"curies":[{"name":"wp","href":"https:\/\/api.w.org\/{rel}","templated":true}]}}