{"id":252501,"date":"2021-02-26T12:54:52","date_gmt":"2021-02-26T12:54:52","guid":{"rendered":"https:\/\/mhr.com.pt\/product\/fluffy\/"},"modified":"2021-02-26T12:54:52","modified_gmt":"2021-02-26T12:54:52","slug":"fluffy","status":"publish","type":"product","link":"https:\/\/mhr.com.pt\/fr\/product\/fluffy\/","title":{"rendered":"Fluffy."},"content":{"rendered":"<p>Le lit Fluffy est une affirmation de confort et de douceur. Avec une t\u00eate de lit volumineuse et capitonn\u00e9e, inspir\u00e9e des nuages, et des capitonnages d\u00e9licats qui accentuent la forme, il apporte chaleur et personnalit\u00e9 \u00e0 la pi\u00e8ce.<\/p>\n<p>Sa forme g\u00e9n\u00e9reuse invite \u00e0 la d\u00e9tente, tandis que ses courbes ludiques lui conf\u00e8rent un charme contemporain.<\/p>\n","protected":false},"excerpt":{"rendered":"<p>LIT<\/p>\n","protected":false},"featured_media":252502,"template":"","meta":{"_et_pb_use_builder":"","_et_pb_old_content":"","_et_gb_content_width":""},"product_brand":[],"product_cat":[556,549],"product_tag":[],"class_list":{"0":"post-252501","1":"product","2":"type-product","3":"status-publish","4":"has-post-thumbnail","6":"product_cat-fluffy-lits","7":"product_cat-lits","9":"first","10":"instock","11":"virtual","12":"product-type-simple"},"_links":{"self":[{"href":"https:\/\/mhr.com.pt\/fr\/wp-json\/wp\/v2\/product\/252501","targetHints":{"allow":["GET"]}}],"collection":[{"href":"https:\/\/mhr.com.pt\/fr\/wp-json\/wp\/v2\/product"}],"about":[{"href":"https:\/\/mhr.com.pt\/fr\/wp-json\/wp\/v2\/types\/product"}],"wp:featuredmedia":[{"embeddable":true,"href":"https:\/\/mhr.com.pt\/fr\/wp-json\/wp\/v2\/media\/252502"}],"wp:attachment":[{"href":"https:\/\/mhr.com.pt\/fr\/wp-json\/wp\/v2\/media?parent=252501"}],"wp:term":[{"taxonomy":"product_brand","embeddable":true,"href":"https:\/\/mhr.com.pt\/fr\/wp-json\/wp\/v2\/product_brand?post=252501"},{"taxonomy":"product_cat","embeddable":true,"href":"https:\/\/mhr.com.pt\/fr\/wp-json\/wp\/v2\/product_cat?post=252501"},{"taxonomy":"product_tag","embeddable":true,"href":"https:\/\/mhr.com.pt\/fr\/wp-json\/wp\/v2\/product_tag?post=252501"}],"curies":[{"name":"wp","href":"https:\/\/api.w.org\/{rel}","templated":true}]}}