{"id":252503,"date":"2021-02-26T17:02:34","date_gmt":"2021-02-26T17:02:34","guid":{"rendered":"https:\/\/mhr.com.pt\/product\/fluffy-2\/"},"modified":"2021-02-26T17:02:34","modified_gmt":"2021-02-26T17:02:34","slug":"fluffy-2","status":"publish","type":"product","link":"https:\/\/mhr.com.pt\/fr\/product\/fluffy-2\/","title":{"rendered":"Fluffy."},"content":{"rendered":"<p>La table de chevet Fluffy reprend la m\u00eame douceur ludique de la ligne, avec des formes arrondies et des surfaces rembourr\u00e9es.<\/p>\n<p>Le d\u00e9tail des capitonnages ajoute texture et volume, cr\u00e9ant une pi\u00e8ce \u00e0 la fois fonctionnelle et pleine de caract\u00e8re.<\/p>\n","protected":false},"excerpt":{"rendered":"<p>TABLE DE CHEVET<\/p>\n","protected":false},"featured_media":252504,"template":"","meta":{"_et_pb_use_builder":"","_et_pb_old_content":"","_et_gb_content_width":""},"product_brand":[],"product_cat":[551,557],"product_tag":[],"class_list":{"0":"post-252503","1":"product","2":"type-product","3":"status-publish","4":"has-post-thumbnail","6":"product_cat-accessoires-de-chambre","7":"product_cat-fluffy-accessoires","9":"first","10":"instock","11":"virtual","12":"product-type-simple"},"_links":{"self":[{"href":"https:\/\/mhr.com.pt\/fr\/wp-json\/wp\/v2\/product\/252503","targetHints":{"allow":["GET"]}}],"collection":[{"href":"https:\/\/mhr.com.pt\/fr\/wp-json\/wp\/v2\/product"}],"about":[{"href":"https:\/\/mhr.com.pt\/fr\/wp-json\/wp\/v2\/types\/product"}],"wp:featuredmedia":[{"embeddable":true,"href":"https:\/\/mhr.com.pt\/fr\/wp-json\/wp\/v2\/media\/252504"}],"wp:attachment":[{"href":"https:\/\/mhr.com.pt\/fr\/wp-json\/wp\/v2\/media?parent=252503"}],"wp:term":[{"taxonomy":"product_brand","embeddable":true,"href":"https:\/\/mhr.com.pt\/fr\/wp-json\/wp\/v2\/product_brand?post=252503"},{"taxonomy":"product_cat","embeddable":true,"href":"https:\/\/mhr.com.pt\/fr\/wp-json\/wp\/v2\/product_cat?post=252503"},{"taxonomy":"product_tag","embeddable":true,"href":"https:\/\/mhr.com.pt\/fr\/wp-json\/wp\/v2\/product_tag?post=252503"}],"curies":[{"name":"wp","href":"https:\/\/api.w.org\/{rel}","templated":true}]}}