{"id":252506,"date":"2021-02-26T12:56:51","date_gmt":"2021-02-26T12:56:51","guid":{"rendered":"https:\/\/mhr.com.pt\/product\/jazz\/"},"modified":"2021-02-26T12:56:51","modified_gmt":"2021-02-26T12:56:51","slug":"jazz","status":"publish","type":"product","link":"https:\/\/mhr.com.pt\/fr\/product\/jazz\/","title":{"rendered":"Jazz."},"content":{"rendered":"<p>Le lit King-size Jazz s\u2019impose comme la pi\u00e8ce ma\u00eetresse de la chambre. Ses dimensions g\u00e9n\u00e9reuses et ses d\u00e9tails m\u00e9talliques marquants renforcent l\u2019imposance de l\u2019espace.<\/p>\n<p>Rev\u00eatu pour un confort maximal, ce lit devient le centre d\u2019un environnement raffin\u00e9 et luxueux.<\/p>\n","protected":false},"excerpt":{"rendered":"<p>LIT KING-SIZE<\/p>\n","protected":false},"featured_media":252507,"template":"","meta":{"_et_pb_use_builder":"","_et_pb_old_content":"","_et_gb_content_width":""},"product_brand":[],"product_cat":[558,549],"product_tag":[],"class_list":{"0":"post-252506","1":"product","2":"type-product","3":"status-publish","4":"has-post-thumbnail","6":"product_cat-jazz-lits","7":"product_cat-lits","9":"first","10":"instock","11":"virtual","12":"product-type-simple"},"_links":{"self":[{"href":"https:\/\/mhr.com.pt\/fr\/wp-json\/wp\/v2\/product\/252506","targetHints":{"allow":["GET"]}}],"collection":[{"href":"https:\/\/mhr.com.pt\/fr\/wp-json\/wp\/v2\/product"}],"about":[{"href":"https:\/\/mhr.com.pt\/fr\/wp-json\/wp\/v2\/types\/product"}],"wp:featuredmedia":[{"embeddable":true,"href":"https:\/\/mhr.com.pt\/fr\/wp-json\/wp\/v2\/media\/252507"}],"wp:attachment":[{"href":"https:\/\/mhr.com.pt\/fr\/wp-json\/wp\/v2\/media?parent=252506"}],"wp:term":[{"taxonomy":"product_brand","embeddable":true,"href":"https:\/\/mhr.com.pt\/fr\/wp-json\/wp\/v2\/product_brand?post=252506"},{"taxonomy":"product_cat","embeddable":true,"href":"https:\/\/mhr.com.pt\/fr\/wp-json\/wp\/v2\/product_cat?post=252506"},{"taxonomy":"product_tag","embeddable":true,"href":"https:\/\/mhr.com.pt\/fr\/wp-json\/wp\/v2\/product_tag?post=252506"}],"curies":[{"name":"wp","href":"https:\/\/api.w.org\/{rel}","templated":true}]}}