{"id":252509,"date":"2021-02-26T12:55:43","date_gmt":"2021-02-26T12:55:43","guid":{"rendered":"https:\/\/mhr.com.pt\/product\/jazz-2\/"},"modified":"2021-02-26T12:55:43","modified_gmt":"2021-02-26T12:55:43","slug":"jazz-2","status":"publish","type":"product","link":"https:\/\/mhr.com.pt\/fr\/product\/jazz-2\/","title":{"rendered":"Jazz."},"content":{"rendered":"<p>Le lit Standard Jazz est un choix \u00e9l\u00e9gant pour les espaces plus petits ou plus intimes. La t\u00eate de lit rembourr\u00e9e, encadr\u00e9e de m\u00e9tal, apporte une touche raffin\u00e9e tout en conservant une pr\u00e9sence l\u00e9g\u00e8re et contemporaine.<\/p>\n<p>Id\u00e9al pour ceux qui recherchent le confort sans renoncer au design.<\/p>\n","protected":false},"excerpt":{"rendered":"<p>LIT<\/p>\n","protected":false},"featured_media":252511,"template":"","meta":{"_et_pb_use_builder":"","_et_pb_old_content":"","_et_gb_content_width":""},"product_brand":[],"product_cat":[558,549],"product_tag":[],"class_list":{"0":"post-252509","1":"product","2":"type-product","3":"status-publish","4":"has-post-thumbnail","6":"product_cat-jazz-lits","7":"product_cat-lits","9":"first","10":"instock","11":"virtual","12":"product-type-simple"},"_links":{"self":[{"href":"https:\/\/mhr.com.pt\/fr\/wp-json\/wp\/v2\/product\/252509","targetHints":{"allow":["GET"]}}],"collection":[{"href":"https:\/\/mhr.com.pt\/fr\/wp-json\/wp\/v2\/product"}],"about":[{"href":"https:\/\/mhr.com.pt\/fr\/wp-json\/wp\/v2\/types\/product"}],"wp:featuredmedia":[{"embeddable":true,"href":"https:\/\/mhr.com.pt\/fr\/wp-json\/wp\/v2\/media\/252511"}],"wp:attachment":[{"href":"https:\/\/mhr.com.pt\/fr\/wp-json\/wp\/v2\/media?parent=252509"}],"wp:term":[{"taxonomy":"product_brand","embeddable":true,"href":"https:\/\/mhr.com.pt\/fr\/wp-json\/wp\/v2\/product_brand?post=252509"},{"taxonomy":"product_cat","embeddable":true,"href":"https:\/\/mhr.com.pt\/fr\/wp-json\/wp\/v2\/product_cat?post=252509"},{"taxonomy":"product_tag","embeddable":true,"href":"https:\/\/mhr.com.pt\/fr\/wp-json\/wp\/v2\/product_tag?post=252509"}],"curies":[{"name":"wp","href":"https:\/\/api.w.org\/{rel}","templated":true}]}}