{"id":252516,"date":"2021-02-26T17:05:12","date_gmt":"2021-02-26T17:05:12","guid":{"rendered":"https:\/\/mhr.com.pt\/product\/jazz-4\/"},"modified":"2021-02-26T17:05:12","modified_gmt":"2021-02-26T17:05:12","slug":"jazz-4","status":"publish","type":"product","link":"https:\/\/mhr.com.pt\/fr\/product\/jazz-4\/","title":{"rendered":"Jazz."},"content":{"rendered":"<p>La commode Jazz pr\u00e9sente un \u00e9quilibre entre la structure m\u00e9tallique et les volumes rembourr\u00e9s.<\/p>\n<p>Con\u00e7ue pour se d\u00e9marquer, elle offre du rangement sans compromettre l\u2019harmonie esth\u00e9tique de l\u2019espace.<\/p>\n","protected":false},"excerpt":{"rendered":"<p>COMMODE<\/p>\n","protected":false},"featured_media":252517,"template":"","meta":{"_et_pb_use_builder":"","_et_pb_old_content":"","_et_gb_content_width":""},"product_brand":[],"product_cat":[551,559],"product_tag":[],"class_list":{"0":"post-252516","1":"product","2":"type-product","3":"status-publish","4":"has-post-thumbnail","6":"product_cat-accessoires-de-chambre","7":"product_cat-jazz-accessoires","9":"first","10":"instock","11":"virtual","12":"product-type-simple"},"_links":{"self":[{"href":"https:\/\/mhr.com.pt\/fr\/wp-json\/wp\/v2\/product\/252516","targetHints":{"allow":["GET"]}}],"collection":[{"href":"https:\/\/mhr.com.pt\/fr\/wp-json\/wp\/v2\/product"}],"about":[{"href":"https:\/\/mhr.com.pt\/fr\/wp-json\/wp\/v2\/types\/product"}],"wp:featuredmedia":[{"embeddable":true,"href":"https:\/\/mhr.com.pt\/fr\/wp-json\/wp\/v2\/media\/252517"}],"wp:attachment":[{"href":"https:\/\/mhr.com.pt\/fr\/wp-json\/wp\/v2\/media?parent=252516"}],"wp:term":[{"taxonomy":"product_brand","embeddable":true,"href":"https:\/\/mhr.com.pt\/fr\/wp-json\/wp\/v2\/product_brand?post=252516"},{"taxonomy":"product_cat","embeddable":true,"href":"https:\/\/mhr.com.pt\/fr\/wp-json\/wp\/v2\/product_cat?post=252516"},{"taxonomy":"product_tag","embeddable":true,"href":"https:\/\/mhr.com.pt\/fr\/wp-json\/wp\/v2\/product_tag?post=252516"}],"curies":[{"name":"wp","href":"https:\/\/api.w.org\/{rel}","templated":true}]}}