{"id":252518,"date":"2021-02-26T17:07:15","date_gmt":"2021-02-26T17:07:15","guid":{"rendered":"https:\/\/mhr.com.pt\/product\/jazz-5\/"},"modified":"2021-02-26T17:07:15","modified_gmt":"2021-02-26T17:07:15","slug":"jazz-5","status":"publish","type":"product","link":"https:\/\/mhr.com.pt\/fr\/product\/jazz-5\/","title":{"rendered":"Jazz."},"content":{"rendered":"<p>Avec une pr\u00e9sence verticale et des finitions raffin\u00e9es, le chiffonnier Jazz enrichit la chambre par sa combinaison de fonctionnalit\u00e9 et d\u2019impact d\u00e9coratif.<\/p>\n<p>Les d\u00e9tails m\u00e9talliques accentuent sa silhouette sculpturale.<\/p>\n","protected":false},"excerpt":{"rendered":"<p>ARMOIR TIROIRS<\/p>\n","protected":false},"featured_media":252519,"template":"","meta":{"_et_pb_use_builder":"","_et_pb_old_content":"","_et_gb_content_width":""},"product_brand":[],"product_cat":[551,559],"product_tag":[],"class_list":{"0":"post-252518","1":"product","2":"type-product","3":"status-publish","4":"has-post-thumbnail","6":"product_cat-accessoires-de-chambre","7":"product_cat-jazz-accessoires","9":"first","10":"instock","11":"virtual","12":"product-type-simple"},"_links":{"self":[{"href":"https:\/\/mhr.com.pt\/fr\/wp-json\/wp\/v2\/product\/252518","targetHints":{"allow":["GET"]}}],"collection":[{"href":"https:\/\/mhr.com.pt\/fr\/wp-json\/wp\/v2\/product"}],"about":[{"href":"https:\/\/mhr.com.pt\/fr\/wp-json\/wp\/v2\/types\/product"}],"wp:featuredmedia":[{"embeddable":true,"href":"https:\/\/mhr.com.pt\/fr\/wp-json\/wp\/v2\/media\/252519"}],"wp:attachment":[{"href":"https:\/\/mhr.com.pt\/fr\/wp-json\/wp\/v2\/media?parent=252518"}],"wp:term":[{"taxonomy":"product_brand","embeddable":true,"href":"https:\/\/mhr.com.pt\/fr\/wp-json\/wp\/v2\/product_brand?post=252518"},{"taxonomy":"product_cat","embeddable":true,"href":"https:\/\/mhr.com.pt\/fr\/wp-json\/wp\/v2\/product_cat?post=252518"},{"taxonomy":"product_tag","embeddable":true,"href":"https:\/\/mhr.com.pt\/fr\/wp-json\/wp\/v2\/product_tag?post=252518"}],"curies":[{"name":"wp","href":"https:\/\/api.w.org\/{rel}","templated":true}]}}