{"id":252528,"date":"2021-03-02T15:36:14","date_gmt":"2021-03-02T15:36:14","guid":{"rendered":"https:\/\/mhr.com.pt\/product\/jazz-7\/"},"modified":"2021-03-02T15:36:14","modified_gmt":"2021-03-02T15:36:14","slug":"jazz-7","status":"publish","type":"product","link":"https:\/\/mhr.com.pt\/fr\/product\/jazz-7\/","title":{"rendered":"Jazz."},"content":{"rendered":"<p>Le tabouret Jazz allie confort et style.<\/p>\n<p>Rev\u00eatu d\u2019un tissu doux et soulign\u00e9 par des d\u00e9tails m\u00e9talliques, c\u2019est la pi\u00e8ce id\u00e9ale pour compl\u00e9ter la chambre, que ce soit au pied du lit ou dans un espace dressing.<\/p>\n","protected":false},"excerpt":{"rendered":"<p>TABOURET<\/p>\n","protected":false},"featured_media":252529,"template":"","meta":{"_et_pb_use_builder":"","_et_pb_old_content":"","_et_gb_content_width":""},"product_brand":[],"product_cat":[551,559],"product_tag":[],"class_list":{"0":"post-252528","1":"product","2":"type-product","3":"status-publish","4":"has-post-thumbnail","6":"product_cat-accessoires-de-chambre","7":"product_cat-jazz-accessoires","9":"first","10":"instock","11":"virtual","12":"product-type-simple"},"_links":{"self":[{"href":"https:\/\/mhr.com.pt\/fr\/wp-json\/wp\/v2\/product\/252528","targetHints":{"allow":["GET"]}}],"collection":[{"href":"https:\/\/mhr.com.pt\/fr\/wp-json\/wp\/v2\/product"}],"about":[{"href":"https:\/\/mhr.com.pt\/fr\/wp-json\/wp\/v2\/types\/product"}],"wp:featuredmedia":[{"embeddable":true,"href":"https:\/\/mhr.com.pt\/fr\/wp-json\/wp\/v2\/media\/252529"}],"wp:attachment":[{"href":"https:\/\/mhr.com.pt\/fr\/wp-json\/wp\/v2\/media?parent=252528"}],"wp:term":[{"taxonomy":"product_brand","embeddable":true,"href":"https:\/\/mhr.com.pt\/fr\/wp-json\/wp\/v2\/product_brand?post=252528"},{"taxonomy":"product_cat","embeddable":true,"href":"https:\/\/mhr.com.pt\/fr\/wp-json\/wp\/v2\/product_cat?post=252528"},{"taxonomy":"product_tag","embeddable":true,"href":"https:\/\/mhr.com.pt\/fr\/wp-json\/wp\/v2\/product_tag?post=252528"}],"curies":[{"name":"wp","href":"https:\/\/api.w.org\/{rel}","templated":true}]}}