{"id":252530,"date":"2021-02-26T12:46:51","date_gmt":"2021-02-26T12:46:51","guid":{"rendered":"https:\/\/mhr.com.pt\/product\/keiko\/"},"modified":"2021-02-26T12:46:51","modified_gmt":"2021-02-26T12:46:51","slug":"keiko","status":"publish","type":"product","link":"https:\/\/mhr.com.pt\/fr\/product\/keiko\/","title":{"rendered":"Keiko."},"content":{"rendered":"<p>Avec des proportions g\u00e9n\u00e9reuses et une t\u00eate de lit audacieuse compos\u00e9e de segments rembourr\u00e9s rectangulaires, le lit Keiko King Size s\u2019impose comme une affirmation d\u2019\u00e9quilibre et de confort. Sa base arrondie s\u2019\u00e9tend jusqu\u2019au sol, supprimant le besoin de pieds visibles et renfor\u00e7ant sa pr\u00e9sence ancr\u00e9e dans la chambre.<\/p>\n<p>Parfait pour les suites principales, il apporte chaleur, structure et \u00e9l\u00e9gance.<\/p>\n","protected":false},"excerpt":{"rendered":"<p>LIT KING-SIZE<\/p>\n","protected":false},"featured_media":252531,"template":"","meta":{"_et_pb_use_builder":"","_et_pb_old_content":"","_et_gb_content_width":""},"product_brand":[],"product_cat":[560,549],"product_tag":[],"class_list":{"0":"post-252530","1":"product","2":"type-product","3":"status-publish","4":"has-post-thumbnail","6":"product_cat-keiko-lits","7":"product_cat-lits","9":"first","10":"instock","11":"virtual","12":"product-type-simple"},"_links":{"self":[{"href":"https:\/\/mhr.com.pt\/fr\/wp-json\/wp\/v2\/product\/252530","targetHints":{"allow":["GET"]}}],"collection":[{"href":"https:\/\/mhr.com.pt\/fr\/wp-json\/wp\/v2\/product"}],"about":[{"href":"https:\/\/mhr.com.pt\/fr\/wp-json\/wp\/v2\/types\/product"}],"wp:featuredmedia":[{"embeddable":true,"href":"https:\/\/mhr.com.pt\/fr\/wp-json\/wp\/v2\/media\/252531"}],"wp:attachment":[{"href":"https:\/\/mhr.com.pt\/fr\/wp-json\/wp\/v2\/media?parent=252530"}],"wp:term":[{"taxonomy":"product_brand","embeddable":true,"href":"https:\/\/mhr.com.pt\/fr\/wp-json\/wp\/v2\/product_brand?post=252530"},{"taxonomy":"product_cat","embeddable":true,"href":"https:\/\/mhr.com.pt\/fr\/wp-json\/wp\/v2\/product_cat?post=252530"},{"taxonomy":"product_tag","embeddable":true,"href":"https:\/\/mhr.com.pt\/fr\/wp-json\/wp\/v2\/product_tag?post=252530"}],"curies":[{"name":"wp","href":"https:\/\/api.w.org\/{rel}","templated":true}]}}