{"id":252536,"date":"2021-02-26T12:45:53","date_gmt":"2021-02-26T12:45:53","guid":{"rendered":"https:\/\/mhr.com.pt\/product\/keiko-2\/"},"modified":"2021-02-26T12:45:53","modified_gmt":"2021-02-26T12:45:53","slug":"keiko-2","status":"publish","type":"product","link":"https:\/\/mhr.com.pt\/fr\/product\/keiko-2\/","title":{"rendered":"Keiko."},"content":{"rendered":"<p>Le lit Keiko Standard offre la m\u00eame sophistication g\u00e9om\u00e9trique dans une version plus compacte. Sa t\u00eate de lit rembourr\u00e9e et sa base arrondie au ras du sol conf\u00e8rent au lit un aspect marqu\u00e9 et chaleureux.<\/p>\n<p>Une excellente solution pour les chambres de plus petite taille qui souhaitent conserver confort et impact visuel.<\/p>\n","protected":false},"excerpt":{"rendered":"<p>LIT<\/p>\n","protected":false},"featured_media":252537,"template":"","meta":{"_et_pb_use_builder":"","_et_pb_old_content":"","_et_gb_content_width":""},"product_brand":[],"product_cat":[560,549],"product_tag":[],"class_list":{"0":"post-252536","1":"product","2":"type-product","3":"status-publish","4":"has-post-thumbnail","6":"product_cat-keiko-lits","7":"product_cat-lits","9":"first","10":"instock","11":"virtual","12":"product-type-simple"},"_links":{"self":[{"href":"https:\/\/mhr.com.pt\/fr\/wp-json\/wp\/v2\/product\/252536","targetHints":{"allow":["GET"]}}],"collection":[{"href":"https:\/\/mhr.com.pt\/fr\/wp-json\/wp\/v2\/product"}],"about":[{"href":"https:\/\/mhr.com.pt\/fr\/wp-json\/wp\/v2\/types\/product"}],"wp:featuredmedia":[{"embeddable":true,"href":"https:\/\/mhr.com.pt\/fr\/wp-json\/wp\/v2\/media\/252537"}],"wp:attachment":[{"href":"https:\/\/mhr.com.pt\/fr\/wp-json\/wp\/v2\/media?parent=252536"}],"wp:term":[{"taxonomy":"product_brand","embeddable":true,"href":"https:\/\/mhr.com.pt\/fr\/wp-json\/wp\/v2\/product_brand?post=252536"},{"taxonomy":"product_cat","embeddable":true,"href":"https:\/\/mhr.com.pt\/fr\/wp-json\/wp\/v2\/product_cat?post=252536"},{"taxonomy":"product_tag","embeddable":true,"href":"https:\/\/mhr.com.pt\/fr\/wp-json\/wp\/v2\/product_tag?post=252536"}],"curies":[{"name":"wp","href":"https:\/\/api.w.org\/{rel}","templated":true}]}}