{"id":252541,"date":"2021-02-26T16:55:47","date_gmt":"2021-02-26T16:55:47","guid":{"rendered":"https:\/\/mhr.com.pt\/product\/keiko-3\/"},"modified":"2021-02-26T16:55:47","modified_gmt":"2021-02-26T16:55:47","slug":"keiko-3","status":"publish","type":"product","link":"https:\/\/mhr.com.pt\/fr\/product\/keiko-3\/","title":{"rendered":"Keiko."},"content":{"rendered":"<p>La table de chevet Keiko reprend les lignes droites de la t\u00eate de lit dans une pi\u00e8ce en bois fonctionnelle et \u00e9pur\u00e9e.<\/p>\n<p>Elle apporte \u00e9quilibre et praticit\u00e9 \u00e0 la chambre, tout en renfor\u00e7ant l\u2019identit\u00e9 coh\u00e9rente de la collection.<\/p>\n","protected":false},"excerpt":{"rendered":"<p>TABLE DE CHEVET<\/p>\n","protected":false},"featured_media":252542,"template":"","meta":{"_et_pb_use_builder":"","_et_pb_old_content":"","_et_gb_content_width":""},"product_brand":[],"product_cat":[551,561],"product_tag":[],"class_list":{"0":"post-252541","1":"product","2":"type-product","3":"status-publish","4":"has-post-thumbnail","6":"product_cat-accessoires-de-chambre","7":"product_cat-keiko-accessoires","9":"first","10":"instock","11":"virtual","12":"product-type-simple"},"_links":{"self":[{"href":"https:\/\/mhr.com.pt\/fr\/wp-json\/wp\/v2\/product\/252541","targetHints":{"allow":["GET"]}}],"collection":[{"href":"https:\/\/mhr.com.pt\/fr\/wp-json\/wp\/v2\/product"}],"about":[{"href":"https:\/\/mhr.com.pt\/fr\/wp-json\/wp\/v2\/types\/product"}],"wp:featuredmedia":[{"embeddable":true,"href":"https:\/\/mhr.com.pt\/fr\/wp-json\/wp\/v2\/media\/252542"}],"wp:attachment":[{"href":"https:\/\/mhr.com.pt\/fr\/wp-json\/wp\/v2\/media?parent=252541"}],"wp:term":[{"taxonomy":"product_brand","embeddable":true,"href":"https:\/\/mhr.com.pt\/fr\/wp-json\/wp\/v2\/product_brand?post=252541"},{"taxonomy":"product_cat","embeddable":true,"href":"https:\/\/mhr.com.pt\/fr\/wp-json\/wp\/v2\/product_cat?post=252541"},{"taxonomy":"product_tag","embeddable":true,"href":"https:\/\/mhr.com.pt\/fr\/wp-json\/wp\/v2\/product_tag?post=252541"}],"curies":[{"name":"wp","href":"https:\/\/api.w.org\/{rel}","templated":true}]}}