{"id":252545,"date":"2021-03-02T15:33:53","date_gmt":"2021-03-02T15:33:53","guid":{"rendered":"https:\/\/mhr.com.pt\/product\/keiko-4\/"},"modified":"2021-03-02T15:33:53","modified_gmt":"2021-03-02T15:33:53","slug":"keiko-4","status":"publish","type":"product","link":"https:\/\/mhr.com.pt\/fr\/product\/keiko-4\/","title":{"rendered":"Keiko."},"content":{"rendered":"<p>Avec sa silhouette structur\u00e9e et son rembourrage doux, le tabouret Keiko est \u00e0 la fois un \u00e9l\u00e9ment pratique et d\u00e9coratif.<\/p>\n<p>Plac\u00e9 au pied du lit ou le long d\u2019un mur, il apporte de la polyvalence tout en conservant l\u2019esth\u00e9tique affirm\u00e9e de la collection.<\/p>\n","protected":false},"excerpt":{"rendered":"<p>TABOURET<\/p>\n","protected":false},"featured_media":252546,"template":"","meta":{"_et_pb_use_builder":"","_et_pb_old_content":"","_et_gb_content_width":""},"product_brand":[],"product_cat":[551,561],"product_tag":[],"class_list":{"0":"post-252545","1":"product","2":"type-product","3":"status-publish","4":"has-post-thumbnail","6":"product_cat-accessoires-de-chambre","7":"product_cat-keiko-accessoires","9":"first","10":"instock","11":"virtual","12":"product-type-simple"},"_links":{"self":[{"href":"https:\/\/mhr.com.pt\/fr\/wp-json\/wp\/v2\/product\/252545","targetHints":{"allow":["GET"]}}],"collection":[{"href":"https:\/\/mhr.com.pt\/fr\/wp-json\/wp\/v2\/product"}],"about":[{"href":"https:\/\/mhr.com.pt\/fr\/wp-json\/wp\/v2\/types\/product"}],"wp:featuredmedia":[{"embeddable":true,"href":"https:\/\/mhr.com.pt\/fr\/wp-json\/wp\/v2\/media\/252546"}],"wp:attachment":[{"href":"https:\/\/mhr.com.pt\/fr\/wp-json\/wp\/v2\/media?parent=252545"}],"wp:term":[{"taxonomy":"product_brand","embeddable":true,"href":"https:\/\/mhr.com.pt\/fr\/wp-json\/wp\/v2\/product_brand?post=252545"},{"taxonomy":"product_cat","embeddable":true,"href":"https:\/\/mhr.com.pt\/fr\/wp-json\/wp\/v2\/product_cat?post=252545"},{"taxonomy":"product_tag","embeddable":true,"href":"https:\/\/mhr.com.pt\/fr\/wp-json\/wp\/v2\/product_tag?post=252545"}],"curies":[{"name":"wp","href":"https:\/\/api.w.org\/{rel}","templated":true}]}}