{"id":252547,"date":"2022-06-14T17:13:23","date_gmt":"2022-06-14T16:13:23","guid":{"rendered":"https:\/\/mhr.com.pt\/product\/leslie\/"},"modified":"2022-06-14T17:13:23","modified_gmt":"2022-06-14T16:13:23","slug":"leslie","status":"publish","type":"product","link":"https:\/\/mhr.com.pt\/fr\/product\/leslie\/","title":{"rendered":"Leslie."},"content":{"rendered":"<p>Le lit Leslie King Size est une pi\u00e8ce ma\u00eetresse audacieuse pour toute chambre. Sa t\u00eate de lit, compos\u00e9e de trois panneaux de hauteurs, largeurs et textures vari\u00e9es, cr\u00e9e un point focal saisissant. Les d\u00e9tails en relief ajoutent de la dimension et de la sophistication, tandis que les pieds hauts et fins et la base simple mettent en valeur la grandeur de la t\u00eate de lit.<\/p>\n<p>Ce lit allie design moderne et d\u00e9tails luxueux, faisant de lui la pi\u00e8ce centrale parfaite d\u2019une chambre spacieuse et \u00e9l\u00e9gante.<\/p>\n","protected":false},"excerpt":{"rendered":"<p>LIT KING-SIZE<\/p>\n","protected":false},"featured_media":252548,"template":"","meta":{"_et_pb_use_builder":"","_et_pb_old_content":"","_et_gb_content_width":""},"product_brand":[],"product_cat":[562,549],"product_tag":[],"class_list":{"0":"post-252547","1":"product","2":"type-product","3":"status-publish","4":"has-post-thumbnail","6":"product_cat-leslie-lits","7":"product_cat-lits","9":"first","10":"instock","11":"virtual","12":"product-type-simple"},"_links":{"self":[{"href":"https:\/\/mhr.com.pt\/fr\/wp-json\/wp\/v2\/product\/252547","targetHints":{"allow":["GET"]}}],"collection":[{"href":"https:\/\/mhr.com.pt\/fr\/wp-json\/wp\/v2\/product"}],"about":[{"href":"https:\/\/mhr.com.pt\/fr\/wp-json\/wp\/v2\/types\/product"}],"wp:featuredmedia":[{"embeddable":true,"href":"https:\/\/mhr.com.pt\/fr\/wp-json\/wp\/v2\/media\/252548"}],"wp:attachment":[{"href":"https:\/\/mhr.com.pt\/fr\/wp-json\/wp\/v2\/media?parent=252547"}],"wp:term":[{"taxonomy":"product_brand","embeddable":true,"href":"https:\/\/mhr.com.pt\/fr\/wp-json\/wp\/v2\/product_brand?post=252547"},{"taxonomy":"product_cat","embeddable":true,"href":"https:\/\/mhr.com.pt\/fr\/wp-json\/wp\/v2\/product_cat?post=252547"},{"taxonomy":"product_tag","embeddable":true,"href":"https:\/\/mhr.com.pt\/fr\/wp-json\/wp\/v2\/product_tag?post=252547"}],"curies":[{"name":"wp","href":"https:\/\/api.w.org\/{rel}","templated":true}]}}