{"id":252552,"date":"2022-06-14T17:20:08","date_gmt":"2022-06-14T16:20:08","guid":{"rendered":"https:\/\/mhr.com.pt\/product\/leslie-2\/"},"modified":"2022-06-14T17:20:08","modified_gmt":"2022-06-14T16:20:08","slug":"leslie-2","status":"publish","type":"product","link":"https:\/\/mhr.com.pt\/fr\/product\/leslie-2\/","title":{"rendered":"Leslie."},"content":{"rendered":"<p>Le lit Leslie Standard apporte le m\u00eame design dynamique dans une version plus compacte. Sa t\u00eate de lit, compos\u00e9e de trois panneaux de tailles et textures diff\u00e9rentes, ajoute un \u00e9l\u00e9ment visuel saisissant \u00e0 la chambre. Les d\u00e9tails en relief renforcent l\u2019exp\u00e9rience tactile, tandis que les pieds hauts et fins \u00e9l\u00e8vent le design global.<\/p>\n<p>Ce lit est id\u00e9al pour ceux qui souhaitent une chambre moderne et impactante, au caract\u00e8re distinctif.<\/p>\n","protected":false},"excerpt":{"rendered":"<p>LIT<\/p>\n","protected":false},"featured_media":252553,"template":"","meta":{"_et_pb_use_builder":"","_et_pb_old_content":"","_et_gb_content_width":""},"product_brand":[],"product_cat":[562,549],"product_tag":[],"class_list":{"0":"post-252552","1":"product","2":"type-product","3":"status-publish","4":"has-post-thumbnail","6":"product_cat-leslie-lits","7":"product_cat-lits","9":"first","10":"instock","11":"virtual","12":"product-type-simple"},"_links":{"self":[{"href":"https:\/\/mhr.com.pt\/fr\/wp-json\/wp\/v2\/product\/252552","targetHints":{"allow":["GET"]}}],"collection":[{"href":"https:\/\/mhr.com.pt\/fr\/wp-json\/wp\/v2\/product"}],"about":[{"href":"https:\/\/mhr.com.pt\/fr\/wp-json\/wp\/v2\/types\/product"}],"wp:featuredmedia":[{"embeddable":true,"href":"https:\/\/mhr.com.pt\/fr\/wp-json\/wp\/v2\/media\/252553"}],"wp:attachment":[{"href":"https:\/\/mhr.com.pt\/fr\/wp-json\/wp\/v2\/media?parent=252552"}],"wp:term":[{"taxonomy":"product_brand","embeddable":true,"href":"https:\/\/mhr.com.pt\/fr\/wp-json\/wp\/v2\/product_brand?post=252552"},{"taxonomy":"product_cat","embeddable":true,"href":"https:\/\/mhr.com.pt\/fr\/wp-json\/wp\/v2\/product_cat?post=252552"},{"taxonomy":"product_tag","embeddable":true,"href":"https:\/\/mhr.com.pt\/fr\/wp-json\/wp\/v2\/product_tag?post=252552"}],"curies":[{"name":"wp","href":"https:\/\/api.w.org\/{rel}","templated":true}]}}