{"id":252558,"date":"2022-11-16T11:54:15","date_gmt":"2022-11-16T11:54:15","guid":{"rendered":"https:\/\/mhr.com.pt\/product\/leslie-3\/"},"modified":"2022-11-16T11:54:15","modified_gmt":"2022-11-16T11:54:15","slug":"leslie-3","status":"publish","type":"product","link":"https:\/\/mhr.com.pt\/fr\/product\/leslie-3\/","title":{"rendered":"Leslie."},"content":{"rendered":"<p>La table de chevet Leslie refl\u00e8te les lignes \u00e9pur\u00e9es et le design sophistiqu\u00e9 de la collection. Avec une structure minimaliste et des d\u00e9tails raffin\u00e9s, elle offre une solution de rangement pratique tout en compl\u00e9tant l\u2019esth\u00e9tique dynamique de la t\u00eate de lit.<\/p>\n<p>Sa forme simple mais \u00e9l\u00e9gante en fait un \u00e9l\u00e9ment essentiel pour une chambre moderne.<\/p>\n","protected":false},"excerpt":{"rendered":"<p>TABLE DE CHEVET<\/p>\n","protected":false},"featured_media":252367,"template":"","meta":{"_et_pb_use_builder":"","_et_pb_old_content":"","_et_gb_content_width":""},"product_brand":[],"product_cat":[551,563],"product_tag":[],"class_list":{"0":"post-252558","1":"product","2":"type-product","3":"status-publish","4":"has-post-thumbnail","6":"product_cat-accessoires-de-chambre","7":"product_cat-leslie-accessoires","9":"first","10":"instock","11":"shipping-taxable","12":"product-type-simple"},"_links":{"self":[{"href":"https:\/\/mhr.com.pt\/fr\/wp-json\/wp\/v2\/product\/252558","targetHints":{"allow":["GET"]}}],"collection":[{"href":"https:\/\/mhr.com.pt\/fr\/wp-json\/wp\/v2\/product"}],"about":[{"href":"https:\/\/mhr.com.pt\/fr\/wp-json\/wp\/v2\/types\/product"}],"wp:featuredmedia":[{"embeddable":true,"href":"https:\/\/mhr.com.pt\/fr\/wp-json\/wp\/v2\/media\/252367"}],"wp:attachment":[{"href":"https:\/\/mhr.com.pt\/fr\/wp-json\/wp\/v2\/media?parent=252558"}],"wp:term":[{"taxonomy":"product_brand","embeddable":true,"href":"https:\/\/mhr.com.pt\/fr\/wp-json\/wp\/v2\/product_brand?post=252558"},{"taxonomy":"product_cat","embeddable":true,"href":"https:\/\/mhr.com.pt\/fr\/wp-json\/wp\/v2\/product_cat?post=252558"},{"taxonomy":"product_tag","embeddable":true,"href":"https:\/\/mhr.com.pt\/fr\/wp-json\/wp\/v2\/product_tag?post=252558"}],"curies":[{"name":"wp","href":"https:\/\/api.w.org\/{rel}","templated":true}]}}