{"id":252560,"date":"2022-11-16T11:55:02","date_gmt":"2022-11-16T11:55:02","guid":{"rendered":"https:\/\/mhr.com.pt\/product\/leslie-4\/"},"modified":"2022-11-16T11:55:02","modified_gmt":"2022-11-16T11:55:02","slug":"leslie-4","status":"publish","type":"product","link":"https:\/\/mhr.com.pt\/fr\/product\/leslie-4\/","title":{"rendered":"Leslie."},"content":{"rendered":"<p>La commode Leslie d\u00e9gage le m\u00eame sens de l\u2019\u00e9l\u00e9gance et de l\u2019\u00e9quilibre, avec un design simple mais marquant. Les lignes \u00e9pur\u00e9es de la commode contrastent magnifiquement avec la texture dynamique et les d\u00e9tails en relief de la t\u00eate de lit, cr\u00e9ant un look harmonieux et sophistiqu\u00e9.<\/p>\n<p>Parfaite pour ajouter du rangement tout en conservant une esth\u00e9tique moderne.<\/p>\n","protected":false},"excerpt":{"rendered":"<p>COMMODE<\/p>\n","protected":false},"featured_media":252368,"template":"","meta":{"_et_pb_use_builder":"","_et_pb_old_content":"","_et_gb_content_width":""},"product_brand":[],"product_cat":[551,563],"product_tag":[],"class_list":{"0":"post-252560","1":"product","2":"type-product","3":"status-publish","4":"has-post-thumbnail","6":"product_cat-accessoires-de-chambre","7":"product_cat-leslie-accessoires","9":"first","10":"instock","11":"shipping-taxable","12":"product-type-simple"},"_links":{"self":[{"href":"https:\/\/mhr.com.pt\/fr\/wp-json\/wp\/v2\/product\/252560","targetHints":{"allow":["GET"]}}],"collection":[{"href":"https:\/\/mhr.com.pt\/fr\/wp-json\/wp\/v2\/product"}],"about":[{"href":"https:\/\/mhr.com.pt\/fr\/wp-json\/wp\/v2\/types\/product"}],"wp:featuredmedia":[{"embeddable":true,"href":"https:\/\/mhr.com.pt\/fr\/wp-json\/wp\/v2\/media\/252368"}],"wp:attachment":[{"href":"https:\/\/mhr.com.pt\/fr\/wp-json\/wp\/v2\/media?parent=252560"}],"wp:term":[{"taxonomy":"product_brand","embeddable":true,"href":"https:\/\/mhr.com.pt\/fr\/wp-json\/wp\/v2\/product_brand?post=252560"},{"taxonomy":"product_cat","embeddable":true,"href":"https:\/\/mhr.com.pt\/fr\/wp-json\/wp\/v2\/product_cat?post=252560"},{"taxonomy":"product_tag","embeddable":true,"href":"https:\/\/mhr.com.pt\/fr\/wp-json\/wp\/v2\/product_tag?post=252560"}],"curies":[{"name":"wp","href":"https:\/\/api.w.org\/{rel}","templated":true}]}}