{"id":252561,"date":"2022-11-16T11:55:48","date_gmt":"2022-11-16T11:55:48","guid":{"rendered":"https:\/\/mhr.com.pt\/product\/leslie-5\/"},"modified":"2022-11-16T11:55:48","modified_gmt":"2022-11-16T11:55:48","slug":"leslie-5","status":"publish","type":"product","link":"https:\/\/mhr.com.pt\/fr\/product\/leslie-5\/","title":{"rendered":"Leslie."},"content":{"rendered":"<p>Le camisetier Leslie allie fonctionnalit\u00e9 et design. Sa forme minimaliste est compl\u00e9t\u00e9e par les m\u00eames d\u00e9tails en relief que l\u2019on retrouve sur la t\u00eate de lit, unifiant l\u2019ensemble de la collection.<\/p>\n<p>Avec un grand espace de rangement et un design \u00e9l\u00e9gant, il est parfait pour organiser la chambre tout en conservant un look \u00e9pur\u00e9 et moderne.<\/p>\n","protected":false},"excerpt":{"rendered":"<p>ARMOIR TIROIRS<\/p>\n","protected":false},"featured_media":252369,"template":"","meta":{"_et_pb_use_builder":"","_et_pb_old_content":"","_et_gb_content_width":""},"product_brand":[],"product_cat":[551,563],"product_tag":[],"class_list":{"0":"post-252561","1":"product","2":"type-product","3":"status-publish","4":"has-post-thumbnail","6":"product_cat-accessoires-de-chambre","7":"product_cat-leslie-accessoires","9":"first","10":"instock","11":"shipping-taxable","12":"product-type-simple"},"_links":{"self":[{"href":"https:\/\/mhr.com.pt\/fr\/wp-json\/wp\/v2\/product\/252561","targetHints":{"allow":["GET"]}}],"collection":[{"href":"https:\/\/mhr.com.pt\/fr\/wp-json\/wp\/v2\/product"}],"about":[{"href":"https:\/\/mhr.com.pt\/fr\/wp-json\/wp\/v2\/types\/product"}],"wp:featuredmedia":[{"embeddable":true,"href":"https:\/\/mhr.com.pt\/fr\/wp-json\/wp\/v2\/media\/252369"}],"wp:attachment":[{"href":"https:\/\/mhr.com.pt\/fr\/wp-json\/wp\/v2\/media?parent=252561"}],"wp:term":[{"taxonomy":"product_brand","embeddable":true,"href":"https:\/\/mhr.com.pt\/fr\/wp-json\/wp\/v2\/product_brand?post=252561"},{"taxonomy":"product_cat","embeddable":true,"href":"https:\/\/mhr.com.pt\/fr\/wp-json\/wp\/v2\/product_cat?post=252561"},{"taxonomy":"product_tag","embeddable":true,"href":"https:\/\/mhr.com.pt\/fr\/wp-json\/wp\/v2\/product_tag?post=252561"}],"curies":[{"name":"wp","href":"https:\/\/api.w.org\/{rel}","templated":true}]}}