{"id":252565,"date":"2022-11-16T11:56:55","date_gmt":"2022-11-16T11:56:55","guid":{"rendered":"https:\/\/mhr.com.pt\/product\/leslie-6\/"},"modified":"2022-11-16T11:56:55","modified_gmt":"2022-11-16T11:56:55","slug":"leslie-6","status":"publish","type":"product","link":"https:\/\/mhr.com.pt\/fr\/product\/leslie-6\/","title":{"rendered":"Leslie."},"content":{"rendered":"<p>Le miroir Leslie compl\u00e8te la collection avec son cadre raffin\u00e9 et minimaliste, reprenant les lignes \u00e9pur\u00e9es du lit et du mobilier.<\/p>\n<p>Son design simple mais \u00e9l\u00e9gant refl\u00e8te la sophistication moderne de la chambre, ajoutant \u00e0 la fois style et fonctionnalit\u00e9.<\/p>\n","protected":false},"excerpt":{"rendered":"<p>MIROIR<\/p>\n","protected":false},"featured_media":252370,"template":"","meta":{"_et_pb_use_builder":"","_et_pb_old_content":"","_et_gb_content_width":""},"product_brand":[],"product_cat":[551,563],"product_tag":[],"class_list":{"0":"post-252565","1":"product","2":"type-product","3":"status-publish","4":"has-post-thumbnail","6":"product_cat-accessoires-de-chambre","7":"product_cat-leslie-accessoires","9":"first","10":"instock","11":"shipping-taxable","12":"product-type-simple"},"_links":{"self":[{"href":"https:\/\/mhr.com.pt\/fr\/wp-json\/wp\/v2\/product\/252565","targetHints":{"allow":["GET"]}}],"collection":[{"href":"https:\/\/mhr.com.pt\/fr\/wp-json\/wp\/v2\/product"}],"about":[{"href":"https:\/\/mhr.com.pt\/fr\/wp-json\/wp\/v2\/types\/product"}],"wp:featuredmedia":[{"embeddable":true,"href":"https:\/\/mhr.com.pt\/fr\/wp-json\/wp\/v2\/media\/252370"}],"wp:attachment":[{"href":"https:\/\/mhr.com.pt\/fr\/wp-json\/wp\/v2\/media?parent=252565"}],"wp:term":[{"taxonomy":"product_brand","embeddable":true,"href":"https:\/\/mhr.com.pt\/fr\/wp-json\/wp\/v2\/product_brand?post=252565"},{"taxonomy":"product_cat","embeddable":true,"href":"https:\/\/mhr.com.pt\/fr\/wp-json\/wp\/v2\/product_cat?post=252565"},{"taxonomy":"product_tag","embeddable":true,"href":"https:\/\/mhr.com.pt\/fr\/wp-json\/wp\/v2\/product_tag?post=252565"}],"curies":[{"name":"wp","href":"https:\/\/api.w.org\/{rel}","templated":true}]}}