{"id":252567,"date":"2022-11-11T10:42:45","date_gmt":"2022-11-11T10:42:45","guid":{"rendered":"https:\/\/mhr.com.pt\/product\/leslie-7\/"},"modified":"2022-11-11T10:42:45","modified_gmt":"2022-11-11T10:42:45","slug":"leslie-7","status":"publish","type":"product","link":"https:\/\/mhr.com.pt\/fr\/product\/leslie-7\/","title":{"rendered":"Leslie."},"content":{"rendered":"<p>Le tabouret Leslie s\u2019inspire du design du lit Leslie, transposant ses caract\u00e9ristiques distinctives dans une option d\u2019assise \u00e9l\u00e9gante.<\/p>\n<p>Il refl\u00e8te le panneau central de la t\u00eate de lit, incorporant des d\u00e9tails subtilement emboss\u00e9s ainsi que des pieds hauts et d\u00e9licats qui maintiennent une base minimaliste, permettant \u00e0 ce tabouret de devenir un point focal dans n\u2019importe quelle pi\u00e8ce.<\/p>\n","protected":false},"excerpt":{"rendered":"<p>TABOURET<\/p>\n","protected":false},"featured_media":252568,"template":"","meta":{"_et_pb_use_builder":"","_et_pb_old_content":"","_et_gb_content_width":""},"product_brand":[],"product_cat":[551,563,564],"product_tag":[],"class_list":{"0":"post-252567","1":"product","2":"type-product","3":"status-publish","4":"has-post-thumbnail","6":"product_cat-accessoires-de-chambre","7":"product_cat-leslie-accessoires","8":"product_cat-poufs-et-tabourets","10":"first","11":"instock","12":"shipping-taxable","13":"product-type-simple"},"_links":{"self":[{"href":"https:\/\/mhr.com.pt\/fr\/wp-json\/wp\/v2\/product\/252567","targetHints":{"allow":["GET"]}}],"collection":[{"href":"https:\/\/mhr.com.pt\/fr\/wp-json\/wp\/v2\/product"}],"about":[{"href":"https:\/\/mhr.com.pt\/fr\/wp-json\/wp\/v2\/types\/product"}],"wp:featuredmedia":[{"embeddable":true,"href":"https:\/\/mhr.com.pt\/fr\/wp-json\/wp\/v2\/media\/252568"}],"wp:attachment":[{"href":"https:\/\/mhr.com.pt\/fr\/wp-json\/wp\/v2\/media?parent=252567"}],"wp:term":[{"taxonomy":"product_brand","embeddable":true,"href":"https:\/\/mhr.com.pt\/fr\/wp-json\/wp\/v2\/product_brand?post=252567"},{"taxonomy":"product_cat","embeddable":true,"href":"https:\/\/mhr.com.pt\/fr\/wp-json\/wp\/v2\/product_cat?post=252567"},{"taxonomy":"product_tag","embeddable":true,"href":"https:\/\/mhr.com.pt\/fr\/wp-json\/wp\/v2\/product_tag?post=252567"}],"curies":[{"name":"wp","href":"https:\/\/api.w.org\/{rel}","templated":true}]}}