{"id":252571,"date":"2022-06-14T17:22:58","date_gmt":"2022-06-14T16:22:58","guid":{"rendered":"https:\/\/mhr.com.pt\/product\/merida\/"},"modified":"2022-06-14T17:22:58","modified_gmt":"2022-06-14T16:22:58","slug":"merida","status":"publish","type":"product","link":"https:\/\/mhr.com.pt\/fr\/product\/merida\/","title":{"rendered":"Merida."},"content":{"rendered":"<p>Le lit Merida King Size offre une exp\u00e9rience de sommeil indulgente gr\u00e2ce \u00e0 sa t\u00eate de lit \u00e9paisse et moelleuse et \u00e0 son rev\u00eatement exceptionnel. Le rembourrage suppl\u00e9mentaire procure un confort optimal, faisant de ce lit la pi\u00e8ce ma\u00eetresse id\u00e9ale pour toute chambre spacieuse.<\/p>\n<p>La structure d\u00e9licatement con\u00e7ue et le passepoil autour du lit renforcent l\u2019attrait visuel, cr\u00e9ant un environnement apaisant et luxueux.<\/p>\n","protected":false},"excerpt":{"rendered":"<p>LIT KING-SIZE<\/p>\n","protected":false},"featured_media":252572,"template":"","meta":{"_et_pb_use_builder":"","_et_pb_old_content":"","_et_gb_content_width":""},"product_brand":[],"product_cat":[549,565],"product_tag":[],"class_list":{"0":"post-252571","1":"product","2":"type-product","3":"status-publish","4":"has-post-thumbnail","6":"product_cat-lits","7":"product_cat-merida-lits","9":"first","10":"instock","11":"virtual","12":"product-type-simple"},"_links":{"self":[{"href":"https:\/\/mhr.com.pt\/fr\/wp-json\/wp\/v2\/product\/252571","targetHints":{"allow":["GET"]}}],"collection":[{"href":"https:\/\/mhr.com.pt\/fr\/wp-json\/wp\/v2\/product"}],"about":[{"href":"https:\/\/mhr.com.pt\/fr\/wp-json\/wp\/v2\/types\/product"}],"wp:featuredmedia":[{"embeddable":true,"href":"https:\/\/mhr.com.pt\/fr\/wp-json\/wp\/v2\/media\/252572"}],"wp:attachment":[{"href":"https:\/\/mhr.com.pt\/fr\/wp-json\/wp\/v2\/media?parent=252571"}],"wp:term":[{"taxonomy":"product_brand","embeddable":true,"href":"https:\/\/mhr.com.pt\/fr\/wp-json\/wp\/v2\/product_brand?post=252571"},{"taxonomy":"product_cat","embeddable":true,"href":"https:\/\/mhr.com.pt\/fr\/wp-json\/wp\/v2\/product_cat?post=252571"},{"taxonomy":"product_tag","embeddable":true,"href":"https:\/\/mhr.com.pt\/fr\/wp-json\/wp\/v2\/product_tag?post=252571"}],"curies":[{"name":"wp","href":"https:\/\/api.w.org\/{rel}","templated":true}]}}