{"id":252577,"date":"2022-06-14T17:21:11","date_gmt":"2022-06-14T16:21:11","guid":{"rendered":"https:\/\/mhr.com.pt\/product\/merida-2\/"},"modified":"2022-06-14T17:21:11","modified_gmt":"2022-06-14T16:21:11","slug":"merida-2","status":"publish","type":"product","link":"https:\/\/mhr.com.pt\/fr\/product\/merida-2\/","title":{"rendered":"Merida."},"content":{"rendered":"<p>Le lit Merida Standard conserve le m\u00eame confort luxueux avec une t\u00eate de lit \u00e9paisse et douce, offrant une exp\u00e9rience moelleuse et relaxante. Son design d\u00e9licat et ses faces rembourr\u00e9es apportent une esth\u00e9tique chaleureuse et accueillante, parfaite pour cr\u00e9er une atmosph\u00e8re sereine dans la chambre.<\/p>\n<p>Le passepoil autour du lit renforce son attrait raffin\u00e9.<\/p>\n","protected":false},"excerpt":{"rendered":"<p>LIT<\/p>\n","protected":false},"featured_media":252578,"template":"","meta":{"_et_pb_use_builder":"","_et_pb_old_content":"","_et_gb_content_width":""},"product_brand":[],"product_cat":[549,565],"product_tag":[],"class_list":{"0":"post-252577","1":"product","2":"type-product","3":"status-publish","4":"has-post-thumbnail","6":"product_cat-lits","7":"product_cat-merida-lits","9":"first","10":"instock","11":"virtual","12":"product-type-simple"},"_links":{"self":[{"href":"https:\/\/mhr.com.pt\/fr\/wp-json\/wp\/v2\/product\/252577","targetHints":{"allow":["GET"]}}],"collection":[{"href":"https:\/\/mhr.com.pt\/fr\/wp-json\/wp\/v2\/product"}],"about":[{"href":"https:\/\/mhr.com.pt\/fr\/wp-json\/wp\/v2\/types\/product"}],"wp:featuredmedia":[{"embeddable":true,"href":"https:\/\/mhr.com.pt\/fr\/wp-json\/wp\/v2\/media\/252578"}],"wp:attachment":[{"href":"https:\/\/mhr.com.pt\/fr\/wp-json\/wp\/v2\/media?parent=252577"}],"wp:term":[{"taxonomy":"product_brand","embeddable":true,"href":"https:\/\/mhr.com.pt\/fr\/wp-json\/wp\/v2\/product_brand?post=252577"},{"taxonomy":"product_cat","embeddable":true,"href":"https:\/\/mhr.com.pt\/fr\/wp-json\/wp\/v2\/product_cat?post=252577"},{"taxonomy":"product_tag","embeddable":true,"href":"https:\/\/mhr.com.pt\/fr\/wp-json\/wp\/v2\/product_tag?post=252577"}],"curies":[{"name":"wp","href":"https:\/\/api.w.org\/{rel}","templated":true}]}}