{"id":252584,"date":"2022-11-16T11:58:33","date_gmt":"2022-11-16T11:58:33","guid":{"rendered":"https:\/\/mhr.com.pt\/product\/merida-3\/"},"modified":"2022-11-16T11:58:33","modified_gmt":"2022-11-16T11:58:33","slug":"merida-3","status":"publish","type":"product","link":"https:\/\/mhr.com.pt\/fr\/product\/merida-3\/","title":{"rendered":"Merida."},"content":{"rendered":"<p>La table de chevet Merida compl\u00e8te la douceur et le confort du lit avec sa fa\u00e7ade rembourr\u00e9e et sa structure d\u00e9licate.<\/p>\n<p>Son design simple mais \u00e9l\u00e9gant s\u2019int\u00e8gre parfaitement \u00e0 l\u2019esth\u00e9tique g\u00e9n\u00e9rale de la chambre, offrant un rangement pratique tout en renfor\u00e7ant l\u2019atmosph\u00e8re chaleureuse et luxueuse.<\/p>\n","protected":false},"excerpt":{"rendered":"<p>TABLE DE CHEVET<\/p>\n","protected":false},"featured_media":252377,"template":"","meta":{"_et_pb_use_builder":"","_et_pb_old_content":"","_et_gb_content_width":""},"product_brand":[],"product_cat":[551,566],"product_tag":[],"class_list":{"0":"post-252584","1":"product","2":"type-product","3":"status-publish","4":"has-post-thumbnail","6":"product_cat-accessoires-de-chambre","7":"product_cat-merida-accessoires","9":"first","10":"instock","11":"shipping-taxable","12":"product-type-simple"},"_links":{"self":[{"href":"https:\/\/mhr.com.pt\/fr\/wp-json\/wp\/v2\/product\/252584","targetHints":{"allow":["GET"]}}],"collection":[{"href":"https:\/\/mhr.com.pt\/fr\/wp-json\/wp\/v2\/product"}],"about":[{"href":"https:\/\/mhr.com.pt\/fr\/wp-json\/wp\/v2\/types\/product"}],"wp:featuredmedia":[{"embeddable":true,"href":"https:\/\/mhr.com.pt\/fr\/wp-json\/wp\/v2\/media\/252377"}],"wp:attachment":[{"href":"https:\/\/mhr.com.pt\/fr\/wp-json\/wp\/v2\/media?parent=252584"}],"wp:term":[{"taxonomy":"product_brand","embeddable":true,"href":"https:\/\/mhr.com.pt\/fr\/wp-json\/wp\/v2\/product_brand?post=252584"},{"taxonomy":"product_cat","embeddable":true,"href":"https:\/\/mhr.com.pt\/fr\/wp-json\/wp\/v2\/product_cat?post=252584"},{"taxonomy":"product_tag","embeddable":true,"href":"https:\/\/mhr.com.pt\/fr\/wp-json\/wp\/v2\/product_tag?post=252584"}],"curies":[{"name":"wp","href":"https:\/\/api.w.org\/{rel}","templated":true}]}}