{"id":252585,"date":"2022-11-16T11:59:18","date_gmt":"2022-11-16T11:59:18","guid":{"rendered":"https:\/\/mhr.com.pt\/product\/merida-4\/"},"modified":"2022-11-16T11:59:18","modified_gmt":"2022-11-16T11:59:18","slug":"merida-4","status":"publish","type":"product","link":"https:\/\/mhr.com.pt\/fr\/product\/merida-4\/","title":{"rendered":"Merida."},"content":{"rendered":"<p>Le miroir Merida refl\u00e8te parfaitement le design doux et luxueux de la collection. Son cadre \u00e9l\u00e9gant reprend les lignes d\u00e9licates des meubles, tandis que les d\u00e9tails rembourr\u00e9s ajoutent une touche de sophistication.<\/p>\n<p>Ce miroir met en valeur l\u2019atmosph\u00e8re apaisante et accueillante de la chambre.<\/p>\n","protected":false},"excerpt":{"rendered":"<p>MIROIR<\/p>\n","protected":false},"featured_media":252378,"template":"","meta":{"_et_pb_use_builder":"","_et_pb_old_content":"","_et_gb_content_width":""},"product_brand":[],"product_cat":[551,566],"product_tag":[],"class_list":{"0":"post-252585","1":"product","2":"type-product","3":"status-publish","4":"has-post-thumbnail","6":"product_cat-accessoires-de-chambre","7":"product_cat-merida-accessoires","9":"first","10":"instock","11":"shipping-taxable","12":"product-type-simple"},"_links":{"self":[{"href":"https:\/\/mhr.com.pt\/fr\/wp-json\/wp\/v2\/product\/252585","targetHints":{"allow":["GET"]}}],"collection":[{"href":"https:\/\/mhr.com.pt\/fr\/wp-json\/wp\/v2\/product"}],"about":[{"href":"https:\/\/mhr.com.pt\/fr\/wp-json\/wp\/v2\/types\/product"}],"wp:featuredmedia":[{"embeddable":true,"href":"https:\/\/mhr.com.pt\/fr\/wp-json\/wp\/v2\/media\/252378"}],"wp:attachment":[{"href":"https:\/\/mhr.com.pt\/fr\/wp-json\/wp\/v2\/media?parent=252585"}],"wp:term":[{"taxonomy":"product_brand","embeddable":true,"href":"https:\/\/mhr.com.pt\/fr\/wp-json\/wp\/v2\/product_brand?post=252585"},{"taxonomy":"product_cat","embeddable":true,"href":"https:\/\/mhr.com.pt\/fr\/wp-json\/wp\/v2\/product_cat?post=252585"},{"taxonomy":"product_tag","embeddable":true,"href":"https:\/\/mhr.com.pt\/fr\/wp-json\/wp\/v2\/product_tag?post=252585"}],"curies":[{"name":"wp","href":"https:\/\/api.w.org\/{rel}","templated":true}]}}