{"id":252587,"date":"2022-11-16T12:00:04","date_gmt":"2022-11-16T12:00:04","guid":{"rendered":"https:\/\/mhr.com.pt\/product\/merida-5\/"},"modified":"2022-11-16T12:00:04","modified_gmt":"2022-11-16T12:00:04","slug":"merida-5","status":"publish","type":"product","link":"https:\/\/mhr.com.pt\/fr\/product\/merida-5\/","title":{"rendered":"Merida."},"content":{"rendered":"<p>Le tabouret Merida apporte une touche de luxe et de confort \u00e0 la chambre gr\u00e2ce \u00e0 son assise rembourr\u00e9e et sa structure d\u00e9licate.<\/p>\n<p>Son design doux compl\u00e8te l\u2019esth\u00e9tique g\u00e9n\u00e9rale de la collection, en faisant un ajout parfait pour un espace de chambre cosy et raffin\u00e9.<\/p>\n","protected":false},"excerpt":{"rendered":"<p>TABOURET<\/p>\n","protected":false},"featured_media":252379,"template":"","meta":{"_et_pb_use_builder":"","_et_pb_old_content":"","_et_gb_content_width":""},"product_brand":[],"product_cat":[551,566],"product_tag":[],"class_list":{"0":"post-252587","1":"product","2":"type-product","3":"status-publish","4":"has-post-thumbnail","6":"product_cat-accessoires-de-chambre","7":"product_cat-merida-accessoires","9":"first","10":"instock","11":"shipping-taxable","12":"product-type-simple"},"_links":{"self":[{"href":"https:\/\/mhr.com.pt\/fr\/wp-json\/wp\/v2\/product\/252587","targetHints":{"allow":["GET"]}}],"collection":[{"href":"https:\/\/mhr.com.pt\/fr\/wp-json\/wp\/v2\/product"}],"about":[{"href":"https:\/\/mhr.com.pt\/fr\/wp-json\/wp\/v2\/types\/product"}],"wp:featuredmedia":[{"embeddable":true,"href":"https:\/\/mhr.com.pt\/fr\/wp-json\/wp\/v2\/media\/252379"}],"wp:attachment":[{"href":"https:\/\/mhr.com.pt\/fr\/wp-json\/wp\/v2\/media?parent=252587"}],"wp:term":[{"taxonomy":"product_brand","embeddable":true,"href":"https:\/\/mhr.com.pt\/fr\/wp-json\/wp\/v2\/product_brand?post=252587"},{"taxonomy":"product_cat","embeddable":true,"href":"https:\/\/mhr.com.pt\/fr\/wp-json\/wp\/v2\/product_cat?post=252587"},{"taxonomy":"product_tag","embeddable":true,"href":"https:\/\/mhr.com.pt\/fr\/wp-json\/wp\/v2\/product_tag?post=252587"}],"curies":[{"name":"wp","href":"https:\/\/api.w.org\/{rel}","templated":true}]}}