{"id":252588,"date":"2021-02-26T12:54:10","date_gmt":"2021-02-26T12:54:10","guid":{"rendered":"https:\/\/mhr.com.pt\/product\/naomi\/"},"modified":"2021-02-26T12:54:10","modified_gmt":"2021-02-26T12:54:10","slug":"naomi","status":"publish","type":"product","link":"https:\/\/mhr.com.pt\/fr\/product\/naomi\/","title":{"rendered":"Naomi."},"content":{"rendered":"<p>Le lit Naomi se distingue par sa t\u00eate de lit aux formes organiques, qui cr\u00e9e une sensation de mouvement et de fluidit\u00e9. Les d\u00e9tails m\u00e9talliques apportent \u00e9quilibre et sophistication, tandis que le rembourrage doux offre confort et luxe.<\/p>\n<p>Les pieds d\u00e9licats compl\u00e8tent l\u2019ensemble par leur \u00e9l\u00e9gance subtile, faisant du lit Naomi la pi\u00e8ce centrale id\u00e9ale pour toute chambre raffin\u00e9e.<\/p>\n","protected":false},"excerpt":{"rendered":"<p>LIT<\/p>\n","protected":false},"featured_media":252596,"template":"","meta":{"_et_pb_use_builder":"","_et_pb_old_content":"","_et_gb_content_width":""},"product_brand":[],"product_cat":[549,567],"product_tag":[],"class_list":{"0":"post-252588","1":"product","2":"type-product","3":"status-publish","4":"has-post-thumbnail","6":"product_cat-lits","7":"product_cat-naomi-lit","9":"first","10":"instock","11":"virtual","12":"product-type-simple"},"_links":{"self":[{"href":"https:\/\/mhr.com.pt\/fr\/wp-json\/wp\/v2\/product\/252588","targetHints":{"allow":["GET"]}}],"collection":[{"href":"https:\/\/mhr.com.pt\/fr\/wp-json\/wp\/v2\/product"}],"about":[{"href":"https:\/\/mhr.com.pt\/fr\/wp-json\/wp\/v2\/types\/product"}],"wp:featuredmedia":[{"embeddable":true,"href":"https:\/\/mhr.com.pt\/fr\/wp-json\/wp\/v2\/media\/252596"}],"wp:attachment":[{"href":"https:\/\/mhr.com.pt\/fr\/wp-json\/wp\/v2\/media?parent=252588"}],"wp:term":[{"taxonomy":"product_brand","embeddable":true,"href":"https:\/\/mhr.com.pt\/fr\/wp-json\/wp\/v2\/product_brand?post=252588"},{"taxonomy":"product_cat","embeddable":true,"href":"https:\/\/mhr.com.pt\/fr\/wp-json\/wp\/v2\/product_cat?post=252588"},{"taxonomy":"product_tag","embeddable":true,"href":"https:\/\/mhr.com.pt\/fr\/wp-json\/wp\/v2\/product_tag?post=252588"}],"curies":[{"name":"wp","href":"https:\/\/api.w.org\/{rel}","templated":true}]}}