{"id":252597,"date":"2021-03-01T10:14:27","date_gmt":"2021-03-01T10:14:27","guid":{"rendered":"https:\/\/mhr.com.pt\/product\/naomi-2\/"},"modified":"2021-03-01T10:14:27","modified_gmt":"2021-03-01T10:14:27","slug":"naomi-2","status":"publish","type":"product","link":"https:\/\/mhr.com.pt\/fr\/product\/naomi-2\/","title":{"rendered":"Naomi."},"content":{"rendered":"<p>Le miroir Naomi fait \u00e9cho au design organique et fluide de la ligne de chambre, avec ses courbes douces et ses subtils d\u00e9tails m\u00e9talliques. Le cadre \u00e9l\u00e9gant compl\u00e8te le mobilier, renfor\u00e7ant la sensation g\u00e9n\u00e9rale d\u2019\u00e9quilibre et de sophistication dans la pi\u00e8ce.<\/p>\n<p>Ce miroir apporte une touche de luxe et de raffinement, refl\u00e9tant l\u2019atmosph\u00e8re apaisante de la collection Naomi.<\/p>\n","protected":false},"excerpt":{"rendered":"<p>MIROIR<\/p>\n","protected":false},"featured_media":252598,"template":"","meta":{"_et_pb_use_builder":"","_et_pb_old_content":"","_et_gb_content_width":""},"product_brand":[],"product_cat":[551,568],"product_tag":[],"class_list":{"0":"post-252597","1":"product","2":"type-product","3":"status-publish","4":"has-post-thumbnail","6":"product_cat-accessoires-de-chambre","7":"product_cat-naomi-accessoires","9":"first","10":"instock","11":"virtual","12":"product-type-simple"},"_links":{"self":[{"href":"https:\/\/mhr.com.pt\/fr\/wp-json\/wp\/v2\/product\/252597","targetHints":{"allow":["GET"]}}],"collection":[{"href":"https:\/\/mhr.com.pt\/fr\/wp-json\/wp\/v2\/product"}],"about":[{"href":"https:\/\/mhr.com.pt\/fr\/wp-json\/wp\/v2\/types\/product"}],"wp:featuredmedia":[{"embeddable":true,"href":"https:\/\/mhr.com.pt\/fr\/wp-json\/wp\/v2\/media\/252598"}],"wp:attachment":[{"href":"https:\/\/mhr.com.pt\/fr\/wp-json\/wp\/v2\/media?parent=252597"}],"wp:term":[{"taxonomy":"product_brand","embeddable":true,"href":"https:\/\/mhr.com.pt\/fr\/wp-json\/wp\/v2\/product_brand?post=252597"},{"taxonomy":"product_cat","embeddable":true,"href":"https:\/\/mhr.com.pt\/fr\/wp-json\/wp\/v2\/product_cat?post=252597"},{"taxonomy":"product_tag","embeddable":true,"href":"https:\/\/mhr.com.pt\/fr\/wp-json\/wp\/v2\/product_tag?post=252597"}],"curies":[{"name":"wp","href":"https:\/\/api.w.org\/{rel}","templated":true}]}}