{"id":252599,"date":"2022-06-14T17:24:50","date_gmt":"2022-06-14T16:24:50","guid":{"rendered":"https:\/\/mhr.com.pt\/product\/nara\/"},"modified":"2022-06-14T17:24:50","modified_gmt":"2022-06-14T16:24:50","slug":"nara","status":"publish","type":"product","link":"https:\/\/mhr.com.pt\/fr\/product\/nara\/","title":{"rendered":"Nara."},"content":{"rendered":"<p>Le lit Nara se distingue par sa t\u00eate de lit suspendue, qui conf\u00e8re au lit une apparence l\u00e9g\u00e8re et a\u00e9rienne, tandis que les plis du panneau cr\u00e9ent un espace intime et confortable. Les sections rembourr\u00e9es et volumineuses ajoutent une couche suppl\u00e9mentaire de luxe, et les lignes horizontales apportent une sensation d\u2019harmonie au lit.<\/p>\n<p>Le design du lit est \u00e0 la fois \u00e9l\u00e9gant et accueillant, parfait pour cr\u00e9er un refuge raffin\u00e9 et cosy.<\/p>\n","protected":false},"excerpt":{"rendered":"<p>LIT<\/p>\n","protected":false},"featured_media":252600,"template":"","meta":{"_et_pb_use_builder":"","_et_pb_old_content":"","_et_gb_content_width":""},"product_brand":[],"product_cat":[549,569],"product_tag":[],"class_list":{"0":"post-252599","1":"product","2":"type-product","3":"status-publish","4":"has-post-thumbnail","6":"product_cat-lits","7":"product_cat-nara-lit","9":"first","10":"instock","11":"virtual","12":"product-type-simple"},"_links":{"self":[{"href":"https:\/\/mhr.com.pt\/fr\/wp-json\/wp\/v2\/product\/252599","targetHints":{"allow":["GET"]}}],"collection":[{"href":"https:\/\/mhr.com.pt\/fr\/wp-json\/wp\/v2\/product"}],"about":[{"href":"https:\/\/mhr.com.pt\/fr\/wp-json\/wp\/v2\/types\/product"}],"wp:featuredmedia":[{"embeddable":true,"href":"https:\/\/mhr.com.pt\/fr\/wp-json\/wp\/v2\/media\/252600"}],"wp:attachment":[{"href":"https:\/\/mhr.com.pt\/fr\/wp-json\/wp\/v2\/media?parent=252599"}],"wp:term":[{"taxonomy":"product_brand","embeddable":true,"href":"https:\/\/mhr.com.pt\/fr\/wp-json\/wp\/v2\/product_brand?post=252599"},{"taxonomy":"product_cat","embeddable":true,"href":"https:\/\/mhr.com.pt\/fr\/wp-json\/wp\/v2\/product_cat?post=252599"},{"taxonomy":"product_tag","embeddable":true,"href":"https:\/\/mhr.com.pt\/fr\/wp-json\/wp\/v2\/product_tag?post=252599"}],"curies":[{"name":"wp","href":"https:\/\/api.w.org\/{rel}","templated":true}]}}