{"id":252602,"date":"2022-11-16T12:00:46","date_gmt":"2022-11-16T12:00:46","guid":{"rendered":"https:\/\/mhr.com.pt\/product\/nara-2\/"},"modified":"2022-11-16T12:00:46","modified_gmt":"2022-11-16T12:00:46","slug":"nara-2","status":"publish","type":"product","link":"https:\/\/mhr.com.pt\/fr\/product\/nara-2\/","title":{"rendered":"Nara."},"content":{"rendered":"<p>La table de chevet Nara refl\u00e8te le design du lit avec ses subtils d\u00e9coupes diagonales et son rembourrage doux.<\/p>\n<p>Les d\u00e9tails textur\u00e9s sur le devant cr\u00e9ent une surface visuellement dynamique, ajoutant profondeur et int\u00e9r\u00eat. Les lignes \u00e9pur\u00e9es et le design minimaliste apportent sophistication et praticit\u00e9, constituant le compl\u00e9ment parfait du lit Nara.<\/p>\n","protected":false},"excerpt":{"rendered":"<p>TABLE DE CHEVET<\/p>\n","protected":false},"featured_media":252398,"template":"","meta":{"_et_pb_use_builder":"","_et_pb_old_content":"","_et_gb_content_width":""},"product_brand":[],"product_cat":[551,570],"product_tag":[],"class_list":{"0":"post-252602","1":"product","2":"type-product","3":"status-publish","4":"has-post-thumbnail","6":"product_cat-accessoires-de-chambre","7":"product_cat-nara-accessoires","9":"first","10":"instock","11":"shipping-taxable","12":"product-type-simple"},"_links":{"self":[{"href":"https:\/\/mhr.com.pt\/fr\/wp-json\/wp\/v2\/product\/252602","targetHints":{"allow":["GET"]}}],"collection":[{"href":"https:\/\/mhr.com.pt\/fr\/wp-json\/wp\/v2\/product"}],"about":[{"href":"https:\/\/mhr.com.pt\/fr\/wp-json\/wp\/v2\/types\/product"}],"wp:featuredmedia":[{"embeddable":true,"href":"https:\/\/mhr.com.pt\/fr\/wp-json\/wp\/v2\/media\/252398"}],"wp:attachment":[{"href":"https:\/\/mhr.com.pt\/fr\/wp-json\/wp\/v2\/media?parent=252602"}],"wp:term":[{"taxonomy":"product_brand","embeddable":true,"href":"https:\/\/mhr.com.pt\/fr\/wp-json\/wp\/v2\/product_brand?post=252602"},{"taxonomy":"product_cat","embeddable":true,"href":"https:\/\/mhr.com.pt\/fr\/wp-json\/wp\/v2\/product_cat?post=252602"},{"taxonomy":"product_tag","embeddable":true,"href":"https:\/\/mhr.com.pt\/fr\/wp-json\/wp\/v2\/product_tag?post=252602"}],"curies":[{"name":"wp","href":"https:\/\/api.w.org\/{rel}","templated":true}]}}