{"id":252604,"date":"2022-11-16T12:01:26","date_gmt":"2022-11-16T12:01:26","guid":{"rendered":"https:\/\/mhr.com.pt\/product\/nara-3\/"},"modified":"2022-11-16T12:01:26","modified_gmt":"2022-11-16T12:01:26","slug":"nara-3","status":"publish","type":"product","link":"https:\/\/mhr.com.pt\/fr\/product\/nara-3\/","title":{"rendered":"Nara."},"content":{"rendered":"<p>La commode Nara allie praticit\u00e9 et \u00e9l\u00e9gance raffin\u00e9e. Ses d\u00e9coupes diagonales et son rembourrage textur\u00e9 refl\u00e8tent les m\u00eames principes de design que le lit, tandis que ses tiroirs spacieux offrent un rangement ample.<\/p>\n<p>Les lignes horizontales de la commode cr\u00e9ent un aspect \u00e9l\u00e9gant et moderne, compl\u00e9tant les autres pi\u00e8ces de la collection.<\/p>\n","protected":false},"excerpt":{"rendered":"<p>COMMODE<\/p>\n","protected":false},"featured_media":252399,"template":"","meta":{"_et_pb_use_builder":"","_et_pb_old_content":"","_et_gb_content_width":""},"product_brand":[],"product_cat":[551,570],"product_tag":[],"class_list":{"0":"post-252604","1":"product","2":"type-product","3":"status-publish","4":"has-post-thumbnail","6":"product_cat-accessoires-de-chambre","7":"product_cat-nara-accessoires","9":"first","10":"instock","11":"shipping-taxable","12":"product-type-simple"},"_links":{"self":[{"href":"https:\/\/mhr.com.pt\/fr\/wp-json\/wp\/v2\/product\/252604","targetHints":{"allow":["GET"]}}],"collection":[{"href":"https:\/\/mhr.com.pt\/fr\/wp-json\/wp\/v2\/product"}],"about":[{"href":"https:\/\/mhr.com.pt\/fr\/wp-json\/wp\/v2\/types\/product"}],"wp:featuredmedia":[{"embeddable":true,"href":"https:\/\/mhr.com.pt\/fr\/wp-json\/wp\/v2\/media\/252399"}],"wp:attachment":[{"href":"https:\/\/mhr.com.pt\/fr\/wp-json\/wp\/v2\/media?parent=252604"}],"wp:term":[{"taxonomy":"product_brand","embeddable":true,"href":"https:\/\/mhr.com.pt\/fr\/wp-json\/wp\/v2\/product_brand?post=252604"},{"taxonomy":"product_cat","embeddable":true,"href":"https:\/\/mhr.com.pt\/fr\/wp-json\/wp\/v2\/product_cat?post=252604"},{"taxonomy":"product_tag","embeddable":true,"href":"https:\/\/mhr.com.pt\/fr\/wp-json\/wp\/v2\/product_tag?post=252604"}],"curies":[{"name":"wp","href":"https:\/\/api.w.org\/{rel}","templated":true}]}}