{"id":252605,"date":"2022-11-16T12:02:02","date_gmt":"2022-11-16T12:02:02","guid":{"rendered":"https:\/\/mhr.com.pt\/product\/nara-4\/"},"modified":"2022-11-16T12:02:02","modified_gmt":"2022-11-16T12:02:02","slug":"nara-4","status":"publish","type":"product","link":"https:\/\/mhr.com.pt\/fr\/product\/nara-4\/","title":{"rendered":"Nara."},"content":{"rendered":"<p>Le chiffonnier Nara se distingue par son design diagonal et son rev\u00eatement \u00e9l\u00e9gant, offrant un aspect et une sensation luxueux. Les panneaux avant textur\u00e9s ajoutent une dimension tactile, tandis que les lignes horizontales maintiennent la pi\u00e8ce \u00e9quilibr\u00e9e et harmonieuse.<\/p>\n<p>Ce chiffonnier renforce l\u2019ambiance moderne et sophistiqu\u00e9e de la chambre Nara.<\/p>\n","protected":false},"excerpt":{"rendered":"<p>ARMOIR TIROIRS<\/p>\n","protected":false},"featured_media":252400,"template":"","meta":{"_et_pb_use_builder":"","_et_pb_old_content":"","_et_gb_content_width":""},"product_brand":[],"product_cat":[551,570],"product_tag":[],"class_list":{"0":"post-252605","1":"product","2":"type-product","3":"status-publish","4":"has-post-thumbnail","6":"product_cat-accessoires-de-chambre","7":"product_cat-nara-accessoires","9":"first","10":"instock","11":"shipping-taxable","12":"product-type-simple"},"_links":{"self":[{"href":"https:\/\/mhr.com.pt\/fr\/wp-json\/wp\/v2\/product\/252605","targetHints":{"allow":["GET"]}}],"collection":[{"href":"https:\/\/mhr.com.pt\/fr\/wp-json\/wp\/v2\/product"}],"about":[{"href":"https:\/\/mhr.com.pt\/fr\/wp-json\/wp\/v2\/types\/product"}],"wp:featuredmedia":[{"embeddable":true,"href":"https:\/\/mhr.com.pt\/fr\/wp-json\/wp\/v2\/media\/252400"}],"wp:attachment":[{"href":"https:\/\/mhr.com.pt\/fr\/wp-json\/wp\/v2\/media?parent=252605"}],"wp:term":[{"taxonomy":"product_brand","embeddable":true,"href":"https:\/\/mhr.com.pt\/fr\/wp-json\/wp\/v2\/product_brand?post=252605"},{"taxonomy":"product_cat","embeddable":true,"href":"https:\/\/mhr.com.pt\/fr\/wp-json\/wp\/v2\/product_cat?post=252605"},{"taxonomy":"product_tag","embeddable":true,"href":"https:\/\/mhr.com.pt\/fr\/wp-json\/wp\/v2\/product_tag?post=252605"}],"curies":[{"name":"wp","href":"https:\/\/api.w.org\/{rel}","templated":true}]}}