{"id":252607,"date":"2022-11-16T12:02:47","date_gmt":"2022-11-16T12:02:47","guid":{"rendered":"https:\/\/mhr.com.pt\/product\/nara-5\/"},"modified":"2022-11-16T12:02:47","modified_gmt":"2022-11-16T12:02:47","slug":"nara-5","status":"publish","type":"product","link":"https:\/\/mhr.com.pt\/fr\/product\/nara-5\/","title":{"rendered":"Nara."},"content":{"rendered":"<p>Le miroir Nara compl\u00e8te le design de la chambre avec son cadre minimaliste et ses raffin\u00e9s d\u00e9tails diagonaux. Les lignes horizontales sur le pourtour du miroir reprennent la t\u00eate de lit, cr\u00e9ant un ensemble coh\u00e9rent et \u00e9l\u00e9gant.<\/p>\n<p>Ce miroir apporte une touche finale de luxe, renfor\u00e7ant l\u2019atmosph\u00e8re \u00e0 la fois tranquille et sophistiqu\u00e9e de la chambre Nara.<\/p>\n","protected":false},"excerpt":{"rendered":"<p>MIROIR<\/p>\n","protected":false},"featured_media":252401,"template":"","meta":{"_et_pb_use_builder":"","_et_pb_old_content":"","_et_gb_content_width":""},"product_brand":[],"product_cat":[551,570],"product_tag":[],"class_list":{"0":"post-252607","1":"product","2":"type-product","3":"status-publish","4":"has-post-thumbnail","6":"product_cat-accessoires-de-chambre","7":"product_cat-nara-accessoires","9":"first","10":"instock","11":"shipping-taxable","12":"product-type-simple"},"_links":{"self":[{"href":"https:\/\/mhr.com.pt\/fr\/wp-json\/wp\/v2\/product\/252607","targetHints":{"allow":["GET"]}}],"collection":[{"href":"https:\/\/mhr.com.pt\/fr\/wp-json\/wp\/v2\/product"}],"about":[{"href":"https:\/\/mhr.com.pt\/fr\/wp-json\/wp\/v2\/types\/product"}],"wp:featuredmedia":[{"embeddable":true,"href":"https:\/\/mhr.com.pt\/fr\/wp-json\/wp\/v2\/media\/252401"}],"wp:attachment":[{"href":"https:\/\/mhr.com.pt\/fr\/wp-json\/wp\/v2\/media?parent=252607"}],"wp:term":[{"taxonomy":"product_brand","embeddable":true,"href":"https:\/\/mhr.com.pt\/fr\/wp-json\/wp\/v2\/product_brand?post=252607"},{"taxonomy":"product_cat","embeddable":true,"href":"https:\/\/mhr.com.pt\/fr\/wp-json\/wp\/v2\/product_cat?post=252607"},{"taxonomy":"product_tag","embeddable":true,"href":"https:\/\/mhr.com.pt\/fr\/wp-json\/wp\/v2\/product_tag?post=252607"}],"curies":[{"name":"wp","href":"https:\/\/api.w.org\/{rel}","templated":true}]}}