{"id":252609,"date":"2022-11-16T12:03:31","date_gmt":"2022-11-16T12:03:31","guid":{"rendered":"https:\/\/mhr.com.pt\/product\/nara-6\/"},"modified":"2022-11-16T12:03:31","modified_gmt":"2022-11-16T12:03:31","slug":"nara-6","status":"publish","type":"product","link":"https:\/\/mhr.com.pt\/fr\/product\/nara-6\/","title":{"rendered":"Nara."},"content":{"rendered":"<p>Le tabouret Nara est un ajout \u00e9l\u00e9gant \u00e0 la collection, pr\u00e9sentant les m\u00eames d\u00e9tails diagonaux et le m\u00eame rev\u00eatement textur\u00e9 que les autres pi\u00e8ces.<\/p>\n<p>Ses lignes \u00e9pur\u00e9es et son design compact offrent polyvalence tout en conservant l\u2019esth\u00e9tique luxueuse et moderne de la chambre Nara. Le tabouret propose une assise \u00e0 la fois fonctionnelle et \u00e9l\u00e9gante.<\/p>\n","protected":false},"excerpt":{"rendered":"<p>TABOURET<\/p>\n","protected":false},"featured_media":252402,"template":"","meta":{"_et_pb_use_builder":"","_et_pb_old_content":"","_et_gb_content_width":""},"product_brand":[],"product_cat":[551,570],"product_tag":[],"class_list":{"0":"post-252609","1":"product","2":"type-product","3":"status-publish","4":"has-post-thumbnail","6":"product_cat-accessoires-de-chambre","7":"product_cat-nara-accessoires","9":"first","10":"instock","11":"shipping-taxable","12":"product-type-simple"},"_links":{"self":[{"href":"https:\/\/mhr.com.pt\/fr\/wp-json\/wp\/v2\/product\/252609","targetHints":{"allow":["GET"]}}],"collection":[{"href":"https:\/\/mhr.com.pt\/fr\/wp-json\/wp\/v2\/product"}],"about":[{"href":"https:\/\/mhr.com.pt\/fr\/wp-json\/wp\/v2\/types\/product"}],"wp:featuredmedia":[{"embeddable":true,"href":"https:\/\/mhr.com.pt\/fr\/wp-json\/wp\/v2\/media\/252402"}],"wp:attachment":[{"href":"https:\/\/mhr.com.pt\/fr\/wp-json\/wp\/v2\/media?parent=252609"}],"wp:term":[{"taxonomy":"product_brand","embeddable":true,"href":"https:\/\/mhr.com.pt\/fr\/wp-json\/wp\/v2\/product_brand?post=252609"},{"taxonomy":"product_cat","embeddable":true,"href":"https:\/\/mhr.com.pt\/fr\/wp-json\/wp\/v2\/product_cat?post=252609"},{"taxonomy":"product_tag","embeddable":true,"href":"https:\/\/mhr.com.pt\/fr\/wp-json\/wp\/v2\/product_tag?post=252609"}],"curies":[{"name":"wp","href":"https:\/\/api.w.org\/{rel}","templated":true}]}}