{"id":252611,"date":"2025-03-25T11:16:25","date_gmt":"2025-03-25T11:16:25","guid":{"rendered":"https:\/\/mhr.com.pt\/product\/noah\/"},"modified":"2025-03-25T11:16:25","modified_gmt":"2025-03-25T11:16:25","slug":"noah","status":"publish","type":"product","link":"https:\/\/mhr.com.pt\/fr\/product\/noah\/","title":{"rendered":"Noah."},"content":{"rendered":"<p>Le lit King-size NOAH est l\u2019expression ultime du luxe. Avec un cadre magnifiquement tapiss\u00e9 et des d\u00e9tails m\u00e9talliques exquis, ce lit apporte opulence et \u00e9l\u00e9gance \u00e0 toute chambre. Les mat\u00e9riaux soigneusement s\u00e9lectionn\u00e9s et le savoir-faire parfait se combinent pour cr\u00e9er une pi\u00e8ce incarnant un style intemporel.<\/p>\n<p>Avec l\u2019option suppl\u00e9mentaire de tables de chevet en acrylique int\u00e9gr\u00e9es \u00e0 la t\u00eate de lit, le lit King-size NOAH devient une pi\u00e8ce ma\u00eetresse dans n\u2019importe quel environnement de chambre luxueuse.<\/p>\n","protected":false},"excerpt":{"rendered":"<p>LIT KING-SIZE<\/p>\n","protected":false},"featured_media":252612,"template":"","meta":{"_et_pb_use_builder":"","_et_pb_old_content":"","_et_gb_content_width":""},"product_brand":[],"product_cat":[549,571],"product_tag":[],"class_list":{"0":"post-252611","1":"product","2":"type-product","3":"status-publish","4":"has-post-thumbnail","6":"product_cat-lits","7":"product_cat-noah-lits","9":"first","10":"instock","11":"virtual","12":"product-type-simple"},"_links":{"self":[{"href":"https:\/\/mhr.com.pt\/fr\/wp-json\/wp\/v2\/product\/252611","targetHints":{"allow":["GET"]}}],"collection":[{"href":"https:\/\/mhr.com.pt\/fr\/wp-json\/wp\/v2\/product"}],"about":[{"href":"https:\/\/mhr.com.pt\/fr\/wp-json\/wp\/v2\/types\/product"}],"wp:featuredmedia":[{"embeddable":true,"href":"https:\/\/mhr.com.pt\/fr\/wp-json\/wp\/v2\/media\/252612"}],"wp:attachment":[{"href":"https:\/\/mhr.com.pt\/fr\/wp-json\/wp\/v2\/media?parent=252611"}],"wp:term":[{"taxonomy":"product_brand","embeddable":true,"href":"https:\/\/mhr.com.pt\/fr\/wp-json\/wp\/v2\/product_brand?post=252611"},{"taxonomy":"product_cat","embeddable":true,"href":"https:\/\/mhr.com.pt\/fr\/wp-json\/wp\/v2\/product_cat?post=252611"},{"taxonomy":"product_tag","embeddable":true,"href":"https:\/\/mhr.com.pt\/fr\/wp-json\/wp\/v2\/product_tag?post=252611"}],"curies":[{"name":"wp","href":"https:\/\/api.w.org\/{rel}","templated":true}]}}