{"id":252615,"date":"2025-03-25T11:18:48","date_gmt":"2025-03-25T11:18:48","guid":{"rendered":"https:\/\/mhr.com.pt\/product\/noah-2\/"},"modified":"2025-03-25T11:18:48","modified_gmt":"2025-03-25T11:18:48","slug":"noah-2","status":"publish","type":"product","link":"https:\/\/mhr.com.pt\/fr\/product\/noah-2\/","title":{"rendered":"Noah."},"content":{"rendered":"<p>Le lit Standard NOAH allie luxe raffin\u00e9 et design moderne. Le cadre minutieusement tapiss\u00e9 et les d\u00e9tails m\u00e9talliques apportent de la sophistication \u00e0 toute chambre. Con\u00e7u avec les meilleurs mat\u00e9riaux et une attention particuli\u00e8re aux d\u00e9tails, ce lit offre l\u2019\u00e9quilibre parfait entre style et confort.<\/p>\n<p>L\u2019ajout de d\u00e9tails m\u00e9talliques conf\u00e8re une touche d\u2019opulence, tandis que le design simple mais sophistiqu\u00e9 s\u2019int\u00e8gre harmonieusement \u00e0 diff\u00e9rents styles de chambre.<\/p>\n","protected":false},"excerpt":{"rendered":"<p>LIT<\/p>\n","protected":false},"featured_media":252613,"template":"","meta":{"_et_pb_use_builder":"","_et_pb_old_content":"","_et_gb_content_width":""},"product_brand":[],"product_cat":[549,571],"product_tag":[],"class_list":{"0":"post-252615","1":"product","2":"type-product","3":"status-publish","4":"has-post-thumbnail","6":"product_cat-lits","7":"product_cat-noah-lits","9":"first","10":"instock","11":"virtual","12":"product-type-simple"},"_links":{"self":[{"href":"https:\/\/mhr.com.pt\/fr\/wp-json\/wp\/v2\/product\/252615","targetHints":{"allow":["GET"]}}],"collection":[{"href":"https:\/\/mhr.com.pt\/fr\/wp-json\/wp\/v2\/product"}],"about":[{"href":"https:\/\/mhr.com.pt\/fr\/wp-json\/wp\/v2\/types\/product"}],"wp:featuredmedia":[{"embeddable":true,"href":"https:\/\/mhr.com.pt\/fr\/wp-json\/wp\/v2\/media\/252613"}],"wp:attachment":[{"href":"https:\/\/mhr.com.pt\/fr\/wp-json\/wp\/v2\/media?parent=252615"}],"wp:term":[{"taxonomy":"product_brand","embeddable":true,"href":"https:\/\/mhr.com.pt\/fr\/wp-json\/wp\/v2\/product_brand?post=252615"},{"taxonomy":"product_cat","embeddable":true,"href":"https:\/\/mhr.com.pt\/fr\/wp-json\/wp\/v2\/product_cat?post=252615"},{"taxonomy":"product_tag","embeddable":true,"href":"https:\/\/mhr.com.pt\/fr\/wp-json\/wp\/v2\/product_tag?post=252615"}],"curies":[{"name":"wp","href":"https:\/\/api.w.org\/{rel}","templated":true}]}}