{"id":252616,"date":"2022-06-14T17:26:03","date_gmt":"2022-06-14T16:26:03","guid":{"rendered":"https:\/\/mhr.com.pt\/product\/olivia\/"},"modified":"2022-06-14T17:26:03","modified_gmt":"2022-06-14T16:26:03","slug":"olivia","status":"publish","type":"product","link":"https:\/\/mhr.com.pt\/fr\/product\/olivia\/","title":{"rendered":"Olivia."},"content":{"rendered":"<p>Le lit OLIVIA est l\u2019incarnation du design classique contemporain. Son v\u00e9ritable travail capitonn\u00e9 le distingue, apportant une touche intemporelle \u00e0 votre chambre. La base solide du lit s\u2019\u00e9tend jusqu\u2019au sol, cr\u00e9ant une impression de stabilit\u00e9 et de pr\u00e9sence.<\/p>\n<p>Une caract\u00e9ristique suppl\u00e9mentaire est le sommier relevable, qui augmente non seulement la capacit\u00e9 de rangement, mais apporte \u00e9galement une praticit\u00e9 moderne \u00e0 ce magnifique meuble.<\/p>\n","protected":false},"excerpt":{"rendered":"<p>LIT<\/p>\n","protected":false},"featured_media":252617,"template":"","meta":{"_et_pb_use_builder":"","_et_pb_old_content":"","_et_gb_content_width":""},"product_brand":[],"product_cat":[549,572],"product_tag":[],"class_list":{"0":"post-252616","1":"product","2":"type-product","3":"status-publish","4":"has-post-thumbnail","6":"product_cat-lits","7":"product_cat-olivia-lit","9":"first","10":"instock","11":"virtual","12":"product-type-simple"},"_links":{"self":[{"href":"https:\/\/mhr.com.pt\/fr\/wp-json\/wp\/v2\/product\/252616","targetHints":{"allow":["GET"]}}],"collection":[{"href":"https:\/\/mhr.com.pt\/fr\/wp-json\/wp\/v2\/product"}],"about":[{"href":"https:\/\/mhr.com.pt\/fr\/wp-json\/wp\/v2\/types\/product"}],"wp:featuredmedia":[{"embeddable":true,"href":"https:\/\/mhr.com.pt\/fr\/wp-json\/wp\/v2\/media\/252617"}],"wp:attachment":[{"href":"https:\/\/mhr.com.pt\/fr\/wp-json\/wp\/v2\/media?parent=252616"}],"wp:term":[{"taxonomy":"product_brand","embeddable":true,"href":"https:\/\/mhr.com.pt\/fr\/wp-json\/wp\/v2\/product_brand?post=252616"},{"taxonomy":"product_cat","embeddable":true,"href":"https:\/\/mhr.com.pt\/fr\/wp-json\/wp\/v2\/product_cat?post=252616"},{"taxonomy":"product_tag","embeddable":true,"href":"https:\/\/mhr.com.pt\/fr\/wp-json\/wp\/v2\/product_tag?post=252616"}],"curies":[{"name":"wp","href":"https:\/\/api.w.org\/{rel}","templated":true}]}}