{"id":252623,"date":"2025-03-31T15:00:15","date_gmt":"2025-03-31T14:00:15","guid":{"rendered":"https:\/\/mhr.com.pt\/product\/kaori-2\/"},"modified":"2025-03-31T15:00:15","modified_gmt":"2025-03-31T14:00:15","slug":"kaori-2","status":"publish","type":"product","link":"https:\/\/mhr.com.pt\/fr\/product\/kaori-2\/","title":{"rendered":"Kaori."},"content":{"rendered":"<p>La commode Kaori se distingue par son \u00e9quilibre entre fonctionnalit\u00e9 et design minimaliste.<\/p>\n<p>Avec ses trois larges tiroirs, elle offre un grand espace de rangement, chacun dot\u00e9 de poign\u00e9es discr\u00e8tes encastr\u00e9es dans le bord sup\u00e9rieur, renfor\u00e7ant l\u2019\u00e9l\u00e9gance et la continuit\u00e9 des lignes. Le plateau est encadr\u00e9 par une bordure sur\u00e9lev\u00e9e, servant de plateau pratique \u2014 id\u00e9al pour les objets du quotidien ou des \u00e9l\u00e9ments d\u00e9coratifs soigneusement s\u00e9lectionn\u00e9s. Reposant sur des pieds en acrylique transparent, la pi\u00e8ce gagne en l\u00e9g\u00e8ret\u00e9 visuelle et donne une impression de suspension, tout en conservant une pr\u00e9sence solide et affirm\u00e9e dans la pi\u00e8ce.<\/p>\n","protected":false},"excerpt":{"rendered":"<p>COMMODE<\/p>\n","protected":false},"featured_media":252624,"template":"","meta":{"_et_pb_use_builder":"","_et_pb_old_content":"","_et_gb_content_width":""},"product_brand":[],"product_cat":[551,573],"product_tag":[],"class_list":{"0":"post-252623","1":"product","2":"type-product","3":"status-publish","4":"has-post-thumbnail","6":"product_cat-accessoires-de-chambre","7":"product_cat-kaori-accessoires","9":"first","10":"instock","11":"shipping-taxable","12":"product-type-simple"},"_links":{"self":[{"href":"https:\/\/mhr.com.pt\/fr\/wp-json\/wp\/v2\/product\/252623","targetHints":{"allow":["GET"]}}],"collection":[{"href":"https:\/\/mhr.com.pt\/fr\/wp-json\/wp\/v2\/product"}],"about":[{"href":"https:\/\/mhr.com.pt\/fr\/wp-json\/wp\/v2\/types\/product"}],"wp:featuredmedia":[{"embeddable":true,"href":"https:\/\/mhr.com.pt\/fr\/wp-json\/wp\/v2\/media\/252624"}],"wp:attachment":[{"href":"https:\/\/mhr.com.pt\/fr\/wp-json\/wp\/v2\/media?parent=252623"}],"wp:term":[{"taxonomy":"product_brand","embeddable":true,"href":"https:\/\/mhr.com.pt\/fr\/wp-json\/wp\/v2\/product_brand?post=252623"},{"taxonomy":"product_cat","embeddable":true,"href":"https:\/\/mhr.com.pt\/fr\/wp-json\/wp\/v2\/product_cat?post=252623"},{"taxonomy":"product_tag","embeddable":true,"href":"https:\/\/mhr.com.pt\/fr\/wp-json\/wp\/v2\/product_tag?post=252623"}],"curies":[{"name":"wp","href":"https:\/\/api.w.org\/{rel}","templated":true}]}}